{"id":47383,"date":"2021-01-27T12:37:34","date_gmt":"2021-01-27T11:37:34","guid":{"rendered":"https:\/\/sportstarz-aquatics.com\/?page_id=47383"},"modified":"2021-03-21T10:42:49","modified_gmt":"2021-03-21T09:42:49","slug":"datumok-arak-opciok","status":"publish","type":"page","link":"https:\/\/sportstarz-aquatics.com\/hu\/datumok-arak-opciok\/","title":{"rendered":"d\u00e1tumok  \u00e1rak  opci\u00f3k SportstarZ swim camp"},"content":{"rendered":"<div class=\"wpb-content-wrapper\"><p>[vc_row][vc_column width=&#8221;1\/2&#8243;]<div class=\"ult-spacer spacer-69d63905c7d0e\" data-id=\"69d63905c7d0e\" data-height=\"50\" data-height-mobile=\"25\" data-height-tab=\"50\" data-height-tab-portrait=\"50\" data-height-mobile-landscape=\"25\" style=\"clear:both;display:block;\"><\/div><div class=\"dt-fancy-separator title-left h1-size style-disabled\" style=\"width: 100%;\"><div class=\"dt-fancy-title\" style=\"color: #2389bc;\"><span class=\"separator-holder separator-left\"><\/span>d\u00e1tumok * \u00e1rak * opci\u00f3k<span class=\"separator-holder separator-right\"><\/span><\/div><\/div><div class=\"ult-spacer spacer-69d63905c7dcd\" data-id=\"69d63905c7dcd\" data-height=\"75\" data-height-mobile=\"30\" data-height-tab=\"75\" data-height-tab-portrait=\"75\" data-height-mobile-landscape=\"30\" style=\"clear:both;display:block;\"><\/div>[vc_column_text]d\u00e1tumok \u00e1rak opci\u00f3k \u00e1rak szezonja egy all inclusive \u00fasz\u00f3 t\u00e1boron alapul. Az \u00e1rak tartalmazz\u00e1k a teljes ell\u00e1t\u00e1st, az edz\u0151i programot edz\u00e9ssel \u00e9s fel\u00fcgyelettel, az \u00fasz\u00f3medenc\u00e9t, a szabadid\u0151s programot, a SportstarZ\u00a0\u00fasz\u00f3sapk\u00e1t szem\u00fcveget, az aj\u00e1nd\u00e9kzs\u00e1kot, az italokat, a takar\u00edt\u00e1si k\u00f6lts\u00e9geket \u00e9s az ad\u00f3kat.[\/vc_column_text][\/vc_column][vc_column width=&#8221;1\/2&#8243;]<div class=\"ult-spacer spacer-69d63905c7dff\" data-id=\"69d63905c7dff\" data-height=\"50\" data-height-mobile=\"25\" data-height-tab=\"50\" data-height-tab-portrait=\"50\" data-height-mobile-landscape=\"25\" style=\"clear:both;display:block;\"><\/div>[vc_single_image image=&#8221;43965&#8243; img_size=&#8221;medium&#8221; alignment=&#8221;center&#8221;][vc_column_text]<\/p>\n<h4 style=\"text-align: center;\"><a href=\"https:\/\/sportstarz-aquatics.com\/es\/regisztralja\/\">SportstarZ<\/a>: az els\u0151 sz\u00e1m\u00fa Eur\u00f3p\u00e1ban.<\/h4>\n<p>[\/vc_column_text][\/vc_column][\/vc_row][vc_row][vc_column]<div class=\"ult-spacer spacer-69d63905c7e2d\" data-id=\"69d63905c7e2d\" data-height=\"50\" data-height-mobile=\"25\" data-height-tab=\"50\" data-height-tab-portrait=\"50\" data-height-mobile-landscape=\"25\" style=\"clear:both;display:block;\"><\/div>[vc_text_separator title=&#8221;Program 2021. nyara&#8221; color=&#8221;orange&#8221;]<div class=\"standard-arrow list-divider bullet-top\"><div class=\"wpb_text_column wpb_content_element \">\n<div class=\"wpb_wrapper\">\n<ul>\n<li>J\u00fanius 28. &#8211; j\u00falius 2. TalentstarZ Budapest (HU)\u00a0\u00a4143.000<\/li>\n<li>J\u00falius 19. &#8211; j\u00falius 23. TalentstarZ Eindhoven (NL) \u00a4 186.000<\/li>\n<li>Augusztus 2. &#8211; augusztus 6. TalentstarZ Eindhoven (NL) \u00a4 175.000<\/li>\n<li>Augusztus 16. &#8211; augusztus 20. TalentstarZ Eindhoven (NL) \u00a4 210.000<\/li>\n<li>Augusztus 23. &#8211; augusztus 27. TalentstarZ Eindhoven (NL)\u00a0\u00a4 186.000<\/li>\n<\/ul>\n<\/div>\n<\/div>\n<\/div>[\/vc_column][\/vc_row][vc_row][vc_column width=&#8221;1\/2&#8243;][vc_text_separator title=&#8221;kiz\u00e1r\u00f3lagos&#8221; color=&#8221;orange&#8221;]<div class=\"standard-arrow list-divider bullet-top\"><ul>\n<li>Foglal\u00e1si d\u00edj\u00a0\u00a4 10.000 foglal\u00e1sonk\u00e9nt<\/li>\n<li>Vide\u00f3elemz\u00e9s felh\u0151t\u00e1rral\u00a0\u00a4 10.000<\/li>\n<li>Toerista ad\u00f3.<\/li>\n<li>Busz Eindhoven\u00a0\u00a4 15.000<\/li>\n<li>Busz Budapest\u00a0\u00a4 10.000<\/li>\n<\/ul>\n<\/div><div class=\"ult-spacer spacer-69d63905c7ffd\" data-id=\"69d63905c7ffd\" data-height=\"35\" data-height-mobile=\"20\" data-height-tab=\"35\" data-height-tab-portrait=\"35\" data-height-mobile-landscape=\"20\" style=\"clear:both;display:block;\"><\/div>[vc_text_separator title=&#8221;v\u00e1laszthat\u00f3&#8221; color=&#8221;orange&#8221;]<div class=\"standard-arrow list-divider bullet-top\"><ul>\n<li>WinnerCam kark\u00f6t\u0151 felh\u0151 t\u00e1rol\u00e1ssal (1 h\u00f3nap)\u00a0\u00a4 7.000<\/li>\n<li>1 h\u00f3napos felh\u0151 t\u00e1rol\u00e1s. <span class=\"JLqJ4b ChMk0b\" data-language-for-alternatives=\"hu\" data-language-to-translate-into=\"en\" data-phrase-index=\"1\">(m\u00e1r van egy WinnerCam kark\u00f6t\u0151)<\/span> \u00a4 3.500<\/li>\n<\/ul>\n<\/div><div class=\"ult-spacer spacer-69d63905c80cc\" data-id=\"69d63905c80cc\" data-height=\"35\" data-height-mobile=\"20\" data-height-tab=\"35\" data-height-tab-portrait=\"35\" data-height-mobile-landscape=\"20\" style=\"clear:both;display:block;\"><\/div>[\/vc_column][vc_column width=&#8221;1\/2&#8243;][vc_text_separator title=&#8221;Fizet\u00e9si felt\u00e9telek&#8221; color=&#8221;orange&#8221;]<div class=\"standard-arrow list-divider bullet-top\"><ul>\n<li>1. fizet\u00e9si hat\u00e1rid\u0151 (45%) foglal\u00e1skor.<\/li>\n<li><span class=\"JLqJ4b\" data-language-for-alternatives=\"hu\" data-language-to-translate-into=\"en\" data-phrase-index=\"1\"><span class=\"JLqJ4b ChMk0b\" data-language-for-alternatives=\"hu\" data-language-to-translate-into=\"en\" data-phrase-index=\"2\">2. fizet\u00e9si hat\u00e1rid\u0151 (55%) legal\u00e1bb 45 nappal a t\u00e1bor megkezd\u00e9se el\u0151tt <\/span><\/span><\/li>\n<li><span class=\"JLqJ4b\" data-language-for-alternatives=\"hu\" data-language-to-translate-into=\"en\" data-phrase-index=\"1\"><span class=\"JLqJ4b ChMk0b\" data-language-for-alternatives=\"hu\" data-language-to-translate-into=\"en\" data-phrase-index=\"2\">Fizet\u00e9s az Ideal \/ Bancontact \/ Mister Cash \/ SOFORTbanking szolg\u00e1ltat\u00e1ssal <\/span><\/span><\/li>\n<li><span class=\"JLqJ4b\" data-language-for-alternatives=\"hu\" data-language-to-translate-into=\"en\" data-phrase-index=\"1\"><span class=\"JLqJ4b ChMk0b\" data-language-for-alternatives=\"hu\" data-language-to-translate-into=\"en\" data-phrase-index=\"2\">Vagy bankr\u00f3l bankra<\/span><\/span><\/li>\n<\/ul>\n<\/div><div class=\"ult-spacer spacer-69d63905c81cf\" data-id=\"69d63905c81cf\" data-height=\"35\" data-height-mobile=\"20\" data-height-tab=\"35\" data-height-tab-portrait=\"35\" data-height-mobile-landscape=\"20\" style=\"clear:both;display:block;\"><\/div>[\/vc_column][\/vc_row][vc_row][vc_column width=&#8221;1\/2&#8243;][\/vc_column][vc_column width=&#8221;1\/2&#8243;][vc_btn title=&#8221;Regisztr\u00e1lj&#8221; style=&#8221;custom&#8221; custom_background=&#8221;#dd8500&#8243; custom_text=&#8221;#666666&#8243; shape=&#8221;round&#8221; size=&#8221;lg&#8221; align=&#8221;center&#8221; css_animation=&#8221;fadeIn&#8221; link=&#8221;url:https%3A%2F%2Fsportstarz-aquatics.com%2Fhu%2Fregisztralja%2F|title:Regisztr%C3%A1lja&#8221;][\/vc_column][\/vc_row][vc_row type=&#8221;vc_default&#8221; full_width=&#8221;stretch_row_content_no_spaces&#8221;][vc_column]<div class=\"ult-spacer spacer-69d63905c81fd\" data-id=\"69d63905c81fd\" data-height=\"50\" data-height-mobile=\"25\" data-height-tab=\"50\" data-height-tab-portrait=\"50\" data-height-mobile-landscape=\"25\" style=\"clear:both;display:block;\"><\/div>[\/vc_column][\/vc_row][vc_row type=&#8221;vc_default&#8221; equal_height=&#8221;yes&#8221; content_placement=&#8221;middle&#8221;][vc_column width=&#8221;1\/3&#8243;][vc_single_image image=&#8221;38293&#8243; img_size=&#8221;large&#8221; alignment=&#8221;center&#8221; onclick=&#8221;custom_link&#8221; img_link_target=&#8221;_blank&#8221; link=&#8221;http:\/\/www.omegatiming.com\/index.htm&#8221;][\/vc_column][vc_column width=&#8221;1\/3&#8243;][vc_single_image image=&#8221;30577&#8243; img_size=&#8221;large&#8221; alignment=&#8221;center&#8221; onclick=&#8221;custom_link&#8221; img_link_target=&#8221;_blank&#8221; lazy_loading=&#8221;true&#8221; link=&#8221;http:\/\/www.speedo.nl&#8221;][\/vc_column][vc_column width=&#8221;1\/3&#8243;][vc_single_image image=&#8221;38316&#8243; img_size=&#8221;200&#215;100&#8243; alignment=&#8221;center&#8221;][\/vc_column][\/vc_row][vc_row][vc_column][vc_column_text]<a href=\"https:\/\/www.google.nl\/maps\/@47.5409869,19.0612275,3a,75y,329.22h,73.59t\/data=!3m8!1e1!3m6!1sAF1QipPTbmt5_zgNoeyyIiU6ZDQMNhOVys4EF-0FRhX_!2e10!3e11!6shttps:%2F%2Flh5.googleusercontent.com%2Fp%2FAF1QipPTbmt5_zgNoeyyIiU6ZDQMNhOVys4EF-0FRhX_%3Dw203-h100-k-no-pi-0-ya277.31052-ro0-fo100!7i5636!8i2818?hl=nl\">street-view<\/a>[\/vc_column_text][\/vc_column][\/vc_row]<\/p>\n<\/div>","protected":false},"excerpt":{"rendered":"<p>[vc_row][vc_column width=&#8221;1\/2&#8243;][vc_column_text]d\u00e1tumok \u00e1rak opci\u00f3k \u00e1rak szezonja egy all inclusive \u00fasz\u00f3 t\u00e1boron alapul. Az \u00e1rak tartalmazz\u00e1k a teljes ell\u00e1t\u00e1st, az edz\u0151i programot edz\u00e9ssel \u00e9s fel\u00fcgyelettel, az \u00fasz\u00f3medenc\u00e9t, a szabadid\u0151s programot, a SportstarZ\u00a0\u00fasz\u00f3sapk\u00e1t szem\u00fcveget, az aj\u00e1nd\u00e9kzs\u00e1kot, az italokat, a takar\u00edt\u00e1si k\u00f6lts\u00e9geket \u00e9s az ad\u00f3kat.[\/vc_column_text][\/vc_column][vc_column width=&#8221;1\/2&#8243;][vc_single_image image=&#8221;43965&#8243; img_size=&#8221;medium&#8221; alignment=&#8221;center&#8221;][vc_column_text] SportstarZ: az els\u0151 sz\u00e1m\u00fa Eur\u00f3p\u00e1ban. [\/vc_column_text][\/vc_column][\/vc_row][vc_row][vc_column][vc_text_separator title=&#8221;Program 2021. nyara&#8221;&hellip;<\/p>\n","protected":false},"author":36,"featured_media":0,"parent":0,"menu_order":0,"comment_status":"closed","ping_status":"closed","template":"","meta":{"_acf_changed":false,"footnotes":""},"categories":[],"tags":[],"class_list":["post-47383","page","type-page","status-publish","hentry","description-off"],"acf":[],"yoast_head":"<!-- This site is optimized with the Yoast SEO plugin v25.3 - https:\/\/yoast.com\/wordpress\/plugins\/seo\/ -->\n<title>d\u00e1tumok \u00e1rak opci\u00f3k SportstarZ swim camp - SportstarZ<\/title>\n<meta name=\"description\" content=\"d\u00e1tumok \u00e1rak opci\u00f3k \u00e1rak szezonja egy all inclusive \u00fasz\u00f3 t\u00e1boron alapul. Az \u00e1rak tartalmazz\u00e1k a teljes ell\u00e1t\u00e1st, az edz\u0151i .......\" \/>\n<meta name=\"robots\" content=\"index, follow, max-snippet:-1, max-image-preview:large, max-video-preview:-1\" \/>\n<link rel=\"canonical\" href=\"https:\/\/sportstarz-aquatics.com\/hu\/datumok-arak-opciok\/\" \/>\n<meta property=\"og:locale\" content=\"hu_HU\" \/>\n<meta property=\"og:type\" content=\"article\" \/>\n<meta property=\"og:title\" content=\"d\u00e1tumok \u00e1rak opci\u00f3k SportstarZ swim camp - SportstarZ\" \/>\n<meta property=\"og:description\" content=\"d\u00e1tumok \u00e1rak opci\u00f3k \u00e1rak szezonja egy all inclusive \u00fasz\u00f3 t\u00e1boron alapul. Az \u00e1rak tartalmazz\u00e1k a teljes ell\u00e1t\u00e1st, az edz\u0151i .......\" \/>\n<meta property=\"og:url\" content=\"https:\/\/sportstarz-aquatics.com\/hu\/datumok-arak-opciok\/\" \/>\n<meta property=\"og:site_name\" content=\"SportstarZ\" \/>\n<meta property=\"article:modified_time\" content=\"2021-03-21T09:42:49+00:00\" \/>\n<meta name=\"twitter:card\" content=\"summary_large_image\" \/>\n<meta name=\"twitter:label1\" content=\"Becs\u00fclt olvas\u00e1si id\u0151\" \/>\n\t<meta name=\"twitter:data1\" content=\"2 perc\" \/>\n<script type=\"application\/ld+json\" class=\"yoast-schema-graph\">{\"@context\":\"https:\/\/schema.org\",\"@graph\":[{\"@type\":\"WebPage\",\"@id\":\"https:\/\/sportstarz-aquatics.com\/hu\/datumok-arak-opciok\/\",\"url\":\"https:\/\/sportstarz-aquatics.com\/hu\/datumok-arak-opciok\/\",\"name\":\"d\u00e1tumok \u00e1rak opci\u00f3k SportstarZ swim camp - SportstarZ\",\"isPartOf\":{\"@id\":\"https:\/\/sportstarz-aquatics.com\/#website\"},\"datePublished\":\"2021-01-27T11:37:34+00:00\",\"dateModified\":\"2021-03-21T09:42:49+00:00\",\"description\":\"d\u00e1tumok \u00e1rak opci\u00f3k \u00e1rak szezonja egy all inclusive \u00fasz\u00f3 t\u00e1boron alapul. Az \u00e1rak tartalmazz\u00e1k a teljes ell\u00e1t\u00e1st, az edz\u0151i .......\",\"breadcrumb\":{\"@id\":\"https:\/\/sportstarz-aquatics.com\/hu\/datumok-arak-opciok\/#breadcrumb\"},\"inLanguage\":\"hu\",\"potentialAction\":[{\"@type\":\"ReadAction\",\"target\":[\"https:\/\/sportstarz-aquatics.com\/hu\/datumok-arak-opciok\/\"]}]},{\"@type\":\"BreadcrumbList\",\"@id\":\"https:\/\/sportstarz-aquatics.com\/hu\/datumok-arak-opciok\/#breadcrumb\",\"itemListElement\":[{\"@type\":\"ListItem\",\"position\":1,\"name\":\"Home\",\"item\":\"https:\/\/sportstarz-aquatics.com\/hu\/\"},{\"@type\":\"ListItem\",\"position\":2,\"name\":\"d\u00e1tumok \u00e1rak opci\u00f3k SportstarZ swim camp\"}]},{\"@type\":\"WebSite\",\"@id\":\"https:\/\/sportstarz-aquatics.com\/#website\",\"url\":\"https:\/\/sportstarz-aquatics.com\/\",\"name\":\"SportstarZ\",\"description\":\"Aquatics\",\"potentialAction\":[{\"@type\":\"SearchAction\",\"target\":{\"@type\":\"EntryPoint\",\"urlTemplate\":\"https:\/\/sportstarz-aquatics.com\/?s={search_term_string}\"},\"query-input\":{\"@type\":\"PropertyValueSpecification\",\"valueRequired\":true,\"valueName\":\"search_term_string\"}}],\"inLanguage\":\"hu\"}]}<\/script>\n<!-- \/ Yoast SEO plugin. -->","yoast_head_json":{"title":"d\u00e1tumok \u00e1rak opci\u00f3k SportstarZ swim camp - SportstarZ","description":"d\u00e1tumok \u00e1rak opci\u00f3k \u00e1rak szezonja egy all inclusive \u00fasz\u00f3 t\u00e1boron alapul. Az \u00e1rak tartalmazz\u00e1k a teljes ell\u00e1t\u00e1st, az edz\u0151i .......","robots":{"index":"index","follow":"follow","max-snippet":"max-snippet:-1","max-image-preview":"max-image-preview:large","max-video-preview":"max-video-preview:-1"},"canonical":"https:\/\/sportstarz-aquatics.com\/hu\/datumok-arak-opciok\/","og_locale":"hu_HU","og_type":"article","og_title":"d\u00e1tumok \u00e1rak opci\u00f3k SportstarZ swim camp - SportstarZ","og_description":"d\u00e1tumok \u00e1rak opci\u00f3k \u00e1rak szezonja egy all inclusive \u00fasz\u00f3 t\u00e1boron alapul. Az \u00e1rak tartalmazz\u00e1k a teljes ell\u00e1t\u00e1st, az edz\u0151i .......","og_url":"https:\/\/sportstarz-aquatics.com\/hu\/datumok-arak-opciok\/","og_site_name":"SportstarZ","article_modified_time":"2021-03-21T09:42:49+00:00","twitter_card":"summary_large_image","twitter_misc":{"Becs\u00fclt olvas\u00e1si id\u0151":"2 perc"},"schema":{"@context":"https:\/\/schema.org","@graph":[{"@type":"WebPage","@id":"https:\/\/sportstarz-aquatics.com\/hu\/datumok-arak-opciok\/","url":"https:\/\/sportstarz-aquatics.com\/hu\/datumok-arak-opciok\/","name":"d\u00e1tumok \u00e1rak opci\u00f3k SportstarZ swim camp - SportstarZ","isPartOf":{"@id":"https:\/\/sportstarz-aquatics.com\/#website"},"datePublished":"2021-01-27T11:37:34+00:00","dateModified":"2021-03-21T09:42:49+00:00","description":"d\u00e1tumok \u00e1rak opci\u00f3k \u00e1rak szezonja egy all inclusive \u00fasz\u00f3 t\u00e1boron alapul. Az \u00e1rak tartalmazz\u00e1k a teljes ell\u00e1t\u00e1st, az edz\u0151i .......","breadcrumb":{"@id":"https:\/\/sportstarz-aquatics.com\/hu\/datumok-arak-opciok\/#breadcrumb"},"inLanguage":"hu","potentialAction":[{"@type":"ReadAction","target":["https:\/\/sportstarz-aquatics.com\/hu\/datumok-arak-opciok\/"]}]},{"@type":"BreadcrumbList","@id":"https:\/\/sportstarz-aquatics.com\/hu\/datumok-arak-opciok\/#breadcrumb","itemListElement":[{"@type":"ListItem","position":1,"name":"Home","item":"https:\/\/sportstarz-aquatics.com\/hu\/"},{"@type":"ListItem","position":2,"name":"d\u00e1tumok \u00e1rak opci\u00f3k SportstarZ swim camp"}]},{"@type":"WebSite","@id":"https:\/\/sportstarz-aquatics.com\/#website","url":"https:\/\/sportstarz-aquatics.com\/","name":"SportstarZ","description":"Aquatics","potentialAction":[{"@type":"SearchAction","target":{"@type":"EntryPoint","urlTemplate":"https:\/\/sportstarz-aquatics.com\/?s={search_term_string}"},"query-input":{"@type":"PropertyValueSpecification","valueRequired":true,"valueName":"search_term_string"}}],"inLanguage":"hu"}]}},"_links":{"self":[{"href":"https:\/\/sportstarz-aquatics.com\/hu\/wp-json\/wp\/v2\/pages\/47383","targetHints":{"allow":["GET"]}}],"collection":[{"href":"https:\/\/sportstarz-aquatics.com\/hu\/wp-json\/wp\/v2\/pages"}],"about":[{"href":"https:\/\/sportstarz-aquatics.com\/hu\/wp-json\/wp\/v2\/types\/page"}],"author":[{"embeddable":true,"href":"https:\/\/sportstarz-aquatics.com\/hu\/wp-json\/wp\/v2\/users\/36"}],"replies":[{"embeddable":true,"href":"https:\/\/sportstarz-aquatics.com\/hu\/wp-json\/wp\/v2\/comments?post=47383"}],"version-history":[{"count":7,"href":"https:\/\/sportstarz-aquatics.com\/hu\/wp-json\/wp\/v2\/pages\/47383\/revisions"}],"predecessor-version":[{"id":47868,"href":"https:\/\/sportstarz-aquatics.com\/hu\/wp-json\/wp\/v2\/pages\/47383\/revisions\/47868"}],"wp:attachment":[{"href":"https:\/\/sportstarz-aquatics.com\/hu\/wp-json\/wp\/v2\/media?parent=47383"}],"wp:term":[{"taxonomy":"category","embeddable":true,"href":"https:\/\/sportstarz-aquatics.com\/hu\/wp-json\/wp\/v2\/categories?post=47383"},{"taxonomy":"post_tag","embeddable":true,"href":"https:\/\/sportstarz-aquatics.com\/hu\/wp-json\/wp\/v2\/tags?post=47383"}],"curies":[{"name":"wp","href":"https:\/\/api.w.org\/{rel}","templated":true}]}}