{"id":47372,"date":"2021-01-27T12:29:50","date_gmt":"2021-01-27T11:29:50","guid":{"rendered":"https:\/\/sportstarz-aquatics.com\/?page_id=47372"},"modified":"2025-09-29T18:41:48","modified_gmt":"2025-09-29T16:41:48","slug":"regisztralja","status":"publish","type":"page","link":"https:\/\/sportstarz-aquatics.com\/hu\/regisztralja\/","title":{"rendered":"Regisztr\u00e1lja"},"content":{"rendered":"<div class=\"wpb-content-wrapper\"><p>[vc_row][vc_column]<div class=\"dt-fancy-separator h1-size style-disabled\" style=\"width: 100%;\"><div class=\"dt-fancy-title\" style=\"color: #2389bc;\"><span class=\"separator-holder separator-left\"><\/span>Regisztr\u00e1lj<span class=\"separator-holder separator-right\"><\/span><\/div><\/div><div class=\"ult-spacer spacer-69e93cf195987\" data-id=\"69e93cf195987\" data-height=\"50\" data-height-mobile=\"25\" data-height-tab=\"50\" data-height-tab-portrait=\"50\" data-height-mobile-landscape=\"25\" style=\"clear:both;display:block;\"><\/div>[\/vc_column][\/vc_row][vc_row][vc_column][vc_column_text css=&#8221;&#8221;]<iframe loading=\"lazy\" style=\"width: 100%;\" src=\"https:\/\/my.sportstarz-aquatics.com\/plugins\/tm_eventmanager\/event_signup.php?lang=en\" width=\"800\" height=\"1500\" frameborder=\"0\"><\/iframe>[\/vc_column_text][\/vc_column][\/vc_row]<\/p>\n<\/div>","protected":false},"excerpt":{"rendered":"<p>[vc_row][vc_column][\/vc_column][\/vc_row][vc_row][vc_column][vc_column_text css=&#8221;&#8221;][\/vc_column_text][\/vc_column][\/vc_row]<\/p>\n","protected":false},"author":36,"featured_media":0,"parent":0,"menu_order":9,"comment_status":"closed","ping_status":"closed","template":"","meta":{"_acf_changed":false,"footnotes":""},"categories":[],"tags":[],"class_list":["post-47372","page","type-page","status-publish","hentry","description-off"],"acf":[],"yoast_head":"<!-- This site is optimized with the Yoast SEO plugin v25.3 - https:\/\/yoast.com\/wordpress\/plugins\/seo\/ -->\n<title>Regisztr\u00e1lja - SportstarZ<\/title>\n<meta name=\"description\" content=\"Regisztr\u00e1lja\" \/>\n<meta name=\"robots\" content=\"index, follow, max-snippet:-1, max-image-preview:large, max-video-preview:-1\" \/>\n<link rel=\"canonical\" href=\"https:\/\/sportstarz-aquatics.com\/hu\/regisztralja\/\" \/>\n<meta property=\"og:locale\" content=\"hu_HU\" \/>\n<meta property=\"og:type\" content=\"article\" \/>\n<meta property=\"og:title\" content=\"Regisztr\u00e1lja - SportstarZ\" \/>\n<meta property=\"og:description\" content=\"Regisztr\u00e1lja\" \/>\n<meta property=\"og:url\" content=\"https:\/\/sportstarz-aquatics.com\/hu\/regisztralja\/\" \/>\n<meta property=\"og:site_name\" content=\"SportstarZ\" \/>\n<meta property=\"article:modified_time\" content=\"2025-09-29T16:41:48+00:00\" \/>\n<meta name=\"twitter:card\" content=\"summary_large_image\" \/>\n<meta name=\"twitter:label1\" content=\"Becs\u00fclt olvas\u00e1si id\u0151\" \/>\n\t<meta name=\"twitter:data1\" content=\"1 perc\" \/>\n<script type=\"application\/ld+json\" class=\"yoast-schema-graph\">{\"@context\":\"https:\/\/schema.org\",\"@graph\":[{\"@type\":\"WebPage\",\"@id\":\"https:\/\/sportstarz-aquatics.com\/hu\/regisztralja\/\",\"url\":\"https:\/\/sportstarz-aquatics.com\/hu\/regisztralja\/\",\"name\":\"Regisztr\u00e1lja - SportstarZ\",\"isPartOf\":{\"@id\":\"https:\/\/sportstarz-aquatics.com\/#website\"},\"datePublished\":\"2021-01-27T11:29:50+00:00\",\"dateModified\":\"2025-09-29T16:41:48+00:00\",\"description\":\"Regisztr\u00e1lja\",\"breadcrumb\":{\"@id\":\"https:\/\/sportstarz-aquatics.com\/hu\/regisztralja\/#breadcrumb\"},\"inLanguage\":\"hu\",\"potentialAction\":[{\"@type\":\"ReadAction\",\"target\":[\"https:\/\/sportstarz-aquatics.com\/hu\/regisztralja\/\"]}]},{\"@type\":\"BreadcrumbList\",\"@id\":\"https:\/\/sportstarz-aquatics.com\/hu\/regisztralja\/#breadcrumb\",\"itemListElement\":[{\"@type\":\"ListItem\",\"position\":1,\"name\":\"Home\",\"item\":\"https:\/\/sportstarz-aquatics.com\/hu\/\"},{\"@type\":\"ListItem\",\"position\":2,\"name\":\"Regisztr\u00e1lja\"}]},{\"@type\":\"WebSite\",\"@id\":\"https:\/\/sportstarz-aquatics.com\/#website\",\"url\":\"https:\/\/sportstarz-aquatics.com\/\",\"name\":\"SportstarZ\",\"description\":\"Aquatics\",\"potentialAction\":[{\"@type\":\"SearchAction\",\"target\":{\"@type\":\"EntryPoint\",\"urlTemplate\":\"https:\/\/sportstarz-aquatics.com\/?s={search_term_string}\"},\"query-input\":{\"@type\":\"PropertyValueSpecification\",\"valueRequired\":true,\"valueName\":\"search_term_string\"}}],\"inLanguage\":\"hu\"}]}<\/script>\n<!-- \/ Yoast SEO plugin. -->","yoast_head_json":{"title":"Regisztr\u00e1lja - SportstarZ","description":"Regisztr\u00e1lja","robots":{"index":"index","follow":"follow","max-snippet":"max-snippet:-1","max-image-preview":"max-image-preview:large","max-video-preview":"max-video-preview:-1"},"canonical":"https:\/\/sportstarz-aquatics.com\/hu\/regisztralja\/","og_locale":"hu_HU","og_type":"article","og_title":"Regisztr\u00e1lja - SportstarZ","og_description":"Regisztr\u00e1lja","og_url":"https:\/\/sportstarz-aquatics.com\/hu\/regisztralja\/","og_site_name":"SportstarZ","article_modified_time":"2025-09-29T16:41:48+00:00","twitter_card":"summary_large_image","twitter_misc":{"Becs\u00fclt olvas\u00e1si id\u0151":"1 perc"},"schema":{"@context":"https:\/\/schema.org","@graph":[{"@type":"WebPage","@id":"https:\/\/sportstarz-aquatics.com\/hu\/regisztralja\/","url":"https:\/\/sportstarz-aquatics.com\/hu\/regisztralja\/","name":"Regisztr\u00e1lja - SportstarZ","isPartOf":{"@id":"https:\/\/sportstarz-aquatics.com\/#website"},"datePublished":"2021-01-27T11:29:50+00:00","dateModified":"2025-09-29T16:41:48+00:00","description":"Regisztr\u00e1lja","breadcrumb":{"@id":"https:\/\/sportstarz-aquatics.com\/hu\/regisztralja\/#breadcrumb"},"inLanguage":"hu","potentialAction":[{"@type":"ReadAction","target":["https:\/\/sportstarz-aquatics.com\/hu\/regisztralja\/"]}]},{"@type":"BreadcrumbList","@id":"https:\/\/sportstarz-aquatics.com\/hu\/regisztralja\/#breadcrumb","itemListElement":[{"@type":"ListItem","position":1,"name":"Home","item":"https:\/\/sportstarz-aquatics.com\/hu\/"},{"@type":"ListItem","position":2,"name":"Regisztr\u00e1lja"}]},{"@type":"WebSite","@id":"https:\/\/sportstarz-aquatics.com\/#website","url":"https:\/\/sportstarz-aquatics.com\/","name":"SportstarZ","description":"Aquatics","potentialAction":[{"@type":"SearchAction","target":{"@type":"EntryPoint","urlTemplate":"https:\/\/sportstarz-aquatics.com\/?s={search_term_string}"},"query-input":{"@type":"PropertyValueSpecification","valueRequired":true,"valueName":"search_term_string"}}],"inLanguage":"hu"}]}},"_links":{"self":[{"href":"https:\/\/sportstarz-aquatics.com\/hu\/wp-json\/wp\/v2\/pages\/47372","targetHints":{"allow":["GET"]}}],"collection":[{"href":"https:\/\/sportstarz-aquatics.com\/hu\/wp-json\/wp\/v2\/pages"}],"about":[{"href":"https:\/\/sportstarz-aquatics.com\/hu\/wp-json\/wp\/v2\/types\/page"}],"author":[{"embeddable":true,"href":"https:\/\/sportstarz-aquatics.com\/hu\/wp-json\/wp\/v2\/users\/36"}],"replies":[{"embeddable":true,"href":"https:\/\/sportstarz-aquatics.com\/hu\/wp-json\/wp\/v2\/comments?post=47372"}],"version-history":[{"count":5,"href":"https:\/\/sportstarz-aquatics.com\/hu\/wp-json\/wp\/v2\/pages\/47372\/revisions"}],"predecessor-version":[{"id":52854,"href":"https:\/\/sportstarz-aquatics.com\/hu\/wp-json\/wp\/v2\/pages\/47372\/revisions\/52854"}],"wp:attachment":[{"href":"https:\/\/sportstarz-aquatics.com\/hu\/wp-json\/wp\/v2\/media?parent=47372"}],"wp:term":[{"taxonomy":"category","embeddable":true,"href":"https:\/\/sportstarz-aquatics.com\/hu\/wp-json\/wp\/v2\/categories?post=47372"},{"taxonomy":"post_tag","embeddable":true,"href":"https:\/\/sportstarz-aquatics.com\/hu\/wp-json\/wp\/v2\/tags?post=47372"}],"curies":[{"name":"wp","href":"https:\/\/api.w.org\/{rel}","templated":true}]}}