{"id":46707,"date":"2021-01-03T17:10:27","date_gmt":"2021-01-03T16:10:27","guid":{"rendered":"https:\/\/sportstarz-aquatics.com\/?page_id=46707"},"modified":"2021-01-22T17:10:26","modified_gmt":"2021-01-22T16:10:26","slug":"datumok-arak-opciok","status":"publish","type":"page","link":"https:\/\/sportstarz-aquatics.com\/es\/datumok-arak-opciok\/","title":{"rendered":"d\u00e1tumok  \u00e1rak  opci\u00f3k SportstarZ swim camp"},"content":{"rendered":"<div class=\"wpb-content-wrapper\"><p>[vc_row][vc_column width=\u00bb1\/2&#8243;]<div class=\"ult-spacer spacer-69d64ae69954b\" data-id=\"69d64ae69954b\" data-height=\"50\" data-height-mobile=\"25\" data-height-tab=\"50\" data-height-tab-portrait=\"50\" data-height-mobile-landscape=\"25\" style=\"clear:both;display:block;\"><\/div><div class=\"dt-fancy-separator title-left h1-size style-disabled\" style=\"width: 100%;\"><div class=\"dt-fancy-title\" style=\"color: #2389bc;\"><span class=\"separator-holder separator-left\"><\/span>d\u00e1tumok * \u00e1rak * opci\u00f3k<span class=\"separator-holder separator-right\"><\/span><\/div><\/div><div class=\"ult-spacer spacer-69d64ae699620\" data-id=\"69d64ae699620\" data-height=\"75\" data-height-mobile=\"30\" data-height-tab=\"75\" data-height-tab-portrait=\"75\" data-height-mobile-landscape=\"30\" style=\"clear:both;display:block;\"><\/div>[vc_column_text]d\u00e1tumok \u00e1rak opci\u00f3k \u00e1rak szezonja egy all inclusive \u00fasz\u00f3 t\u00e1boron alapul. Az \u00e1rak tartalmazz\u00e1k a teljes ell\u00e1t\u00e1st, az edz\u0151i programot edz\u00e9ssel \u00e9s fel\u00fcgyelettel, az \u00fasz\u00f3medenc\u00e9t, a szabadid\u0151s programot, a SportstarZ f\u00fcrd\u0151sapk\u00e1t \u00e9s az \u00fcveget, az aj\u00e1nd\u00e9kzs\u00e1kot, az italokat, a takar\u00edt\u00e1si k\u00f6lts\u00e9geket \u00e9s az ad\u00f3kat.[\/vc_column_text][\/vc_column][vc_column width=\u00bb1\/2&#8243;]<div class=\"ult-spacer spacer-69d64ae699659\" data-id=\"69d64ae699659\" data-height=\"50\" data-height-mobile=\"25\" data-height-tab=\"50\" data-height-tab-portrait=\"50\" data-height-mobile-landscape=\"25\" style=\"clear:both;display:block;\"><\/div>[vc_single_image image=\u00bb43965&#8243; img_size=\u00bbmedium\u00bb alignment=\u00bbcenter\u00bb][vc_column_text]<\/p>\n<h4 style=\"text-align: center;\"><a href=\"https:\/\/sportstarz-aquatics.com\/es\/regisztralja\/\">SportstarZ<\/a>: az els\u0151 sz\u00e1m\u00fa Eur\u00f3p\u00e1ban.<\/h4>\n<p>[\/vc_column_text][\/vc_column][\/vc_row][vc_row][vc_column]<div class=\"ult-spacer spacer-69d64ae69968d\" data-id=\"69d64ae69968d\" data-height=\"50\" data-height-mobile=\"25\" data-height-tab=\"50\" data-height-tab-portrait=\"50\" data-height-mobile-landscape=\"25\" style=\"clear:both;display:block;\"><\/div>[vc_text_separator title=\u00bbProgram 2021. nyara\u00bb color=\u00bborange\u00bb]<div class=\"standard-arrow list-divider bullet-top\"><div class=\"wpb_text_column wpb_content_element \">\n<div class=\"wpb_wrapper\">\n<ul>\n<li>J\u00fanius 28. &#8211; j\u00falius 2. TalentstarZ Budapest (HU)\u00a0\u00a4143.000<\/li>\n<li>J\u00falius 19. &#8211; j\u00falius 23. TalentstarZ Eindhoven (NL) \u00a4 186.000<\/li>\n<li>Augusztus 2. &#8211; augusztus 6. TalentstarZ Eindhoven (NL) \u00a4 175.000<\/li>\n<li>Augusztus 16. &#8211; augusztus 20. TalentstarZ Eindhoven (NL) \u00a4 210.000<\/li>\n<li>Augusztus 23. &#8211; augusztus 27. TalentstarZ Eindhoven (NL)\u00a0\u00a4 186.000<\/li>\n<\/ul>\n<\/div>\n<\/div>\n<\/div>[\/vc_column][\/vc_row][vc_row][vc_column width=\u00bb1\/2&#8243;][vc_text_separator title=\u00bbkiz\u00e1r\u00f3lagos\u00bb color=\u00bborange\u00bb]<div class=\"standard-arrow list-divider bullet-top\"><ul>\n<li>Foglal\u00e1si d\u00edj\u00a0\u00a4 10.000 foglal\u00e1sonk\u00e9nt<\/li>\n<li>Vide\u00f3elemz\u00e9s felh\u0151t\u00e1rral\u00a0\u00a4 10.000<\/li>\n<li>Toerista ad\u00f3.<\/li>\n<li>Busz Eindhoven\u00a0\u00a4 15.000<\/li>\n<li>Busz Budapest\u00a0\u00a4 10.000<\/li>\n<\/ul>\n<\/div><div class=\"ult-spacer spacer-69d64ae69983d\" data-id=\"69d64ae69983d\" data-height=\"35\" data-height-mobile=\"20\" data-height-tab=\"35\" data-height-tab-portrait=\"35\" data-height-mobile-landscape=\"20\" style=\"clear:both;display:block;\"><\/div>[vc_text_separator title=\u00bbv\u00e1laszthat\u00f3\u00bb color=\u00bborange\u00bb]<div class=\"standard-arrow list-divider bullet-top\"><ul>\n<li>WinnerCam kark\u00f6t\u0151 felh\u0151 t\u00e1rol\u00e1ssal (1 h\u00f3nap)\u00a0\u00a4 7.000<\/li>\n<li>1 h\u00f3napos felh\u0151 t\u00e1rol\u00e1s. <span class=\"JLqJ4b ChMk0b\" data-language-for-alternatives=\"hu\" data-language-to-translate-into=\"en\" data-phrase-index=\"1\">(m\u00e1r van egy WinnerCam kark\u00f6t\u0151)<\/span> \u00a4 3.500<\/li>\n<\/ul>\n<\/div><div class=\"ult-spacer spacer-69d64ae699945\" data-id=\"69d64ae699945\" data-height=\"35\" data-height-mobile=\"20\" data-height-tab=\"35\" data-height-tab-portrait=\"35\" data-height-mobile-landscape=\"20\" style=\"clear:both;display:block;\"><\/div>[\/vc_column][vc_column width=\u00bb1\/2&#8243;][vc_text_separator title=\u00bbFizet\u00e9si felt\u00e9telek\u00bb color=\u00bborange\u00bb]<div class=\"standard-arrow list-divider bullet-top\"><ul>\n<li>1. fizet\u00e9si hat\u00e1rid\u0151 (45%) foglal\u00e1skor.<\/li>\n<li><span class=\"JLqJ4b\" data-language-for-alternatives=\"hu\" data-language-to-translate-into=\"en\" data-phrase-index=\"1\"><span class=\"JLqJ4b ChMk0b\" data-language-for-alternatives=\"hu\" data-language-to-translate-into=\"en\" data-phrase-index=\"2\">2. fizet\u00e9si hat\u00e1rid\u0151 (55%) legal\u00e1bb 45 nappal a t\u00e1bor megkezd\u00e9se el\u0151tt <\/span><\/span><\/li>\n<li><span class=\"JLqJ4b\" data-language-for-alternatives=\"hu\" data-language-to-translate-into=\"en\" data-phrase-index=\"1\"><span class=\"JLqJ4b ChMk0b\" data-language-for-alternatives=\"hu\" data-language-to-translate-into=\"en\" data-phrase-index=\"2\">Fizet\u00e9s az Ideal \/ Bancontact \/ Mister Cash \/ SOFORTbanking szolg\u00e1ltat\u00e1ssal <\/span><\/span><\/li>\n<li><span class=\"JLqJ4b\" data-language-for-alternatives=\"hu\" data-language-to-translate-into=\"en\" data-phrase-index=\"1\"><span class=\"JLqJ4b ChMk0b\" data-language-for-alternatives=\"hu\" data-language-to-translate-into=\"en\" data-phrase-index=\"2\">Vagy bankr\u00f3l bankra<\/span><\/span><\/li>\n<\/ul>\n<\/div><div class=\"ult-spacer spacer-69d64ae699a68\" data-id=\"69d64ae699a68\" data-height=\"35\" data-height-mobile=\"20\" data-height-tab=\"35\" data-height-tab-portrait=\"35\" data-height-mobile-landscape=\"20\" style=\"clear:both;display:block;\"><\/div>[\/vc_column][\/vc_row][vc_row][vc_column width=\u00bb1\/2&#8243;][\/vc_column][vc_column width=\u00bb1\/2&#8243;][vc_btn title=\u00bbRegisztr\u00e1lja\u00bb style=\u00bbcustom\u00bb custom_background=\u00bb#dd8500&#8243; custom_text=\u00bb#666666&#8243; shape=\u00bbround\u00bb size=\u00bblg\u00bb align=\u00bbcenter\u00bb css_animation=\u00bbfadeIn\u00bb link=\u00bburl:https%3A%2F%2Fsportstarz-aquatics.com%2Fes%2Fregisztralja%2F|title:Regisztr%C3%A1lja\u00bb][\/vc_column][\/vc_row][vc_row type=\u00bbvc_default\u00bb full_width=\u00bbstretch_row_content_no_spaces\u00bb][vc_column]<div class=\"ult-spacer spacer-69d64ae699a9d\" data-id=\"69d64ae699a9d\" data-height=\"50\" data-height-mobile=\"25\" data-height-tab=\"50\" data-height-tab-portrait=\"50\" data-height-mobile-landscape=\"25\" style=\"clear:both;display:block;\"><\/div>[vc_single_image image=\u00bb46068&#8243; img_size=\u00bbmedium\u00bb][\/vc_column][\/vc_row][vc_row type=\u00bbvc_default\u00bb equal_height=\u00bbyes\u00bb content_placement=\u00bbmiddle\u00bb][vc_column width=\u00bb1\/3&#8243;][vc_single_image image=\u00bb38293&#8243; img_size=\u00bblarge\u00bb alignment=\u00bbcenter\u00bb onclick=\u00bbcustom_link\u00bb img_link_target=\u00bb_blank\u00bb link=\u00bbhttp:\/\/www.omegatiming.com\/index.htm\u00bb][\/vc_column][vc_column width=\u00bb1\/3&#8243;][vc_single_image image=\u00bb30577&#8243; img_size=\u00bblarge\u00bb alignment=\u00bbcenter\u00bb onclick=\u00bbcustom_link\u00bb img_link_target=\u00bb_blank\u00bb lazy_loading=\u00bbtrue\u00bb link=\u00bbhttp:\/\/www.speedo.nl\u00bb][\/vc_column][vc_column width=\u00bb1\/3&#8243;][vc_single_image image=\u00bb38316&#8243; img_size=\u00bb200&#215;100&#8243; alignment=\u00bbcenter\u00bb][\/vc_column][\/vc_row][vc_row][vc_column][vc_column_text]<a href=\"https:\/\/www.google.nl\/maps\/@47.5409869,19.0612275,3a,75y,329.22h,73.59t\/data=!3m8!1e1!3m6!1sAF1QipPTbmt5_zgNoeyyIiU6ZDQMNhOVys4EF-0FRhX_!2e10!3e11!6shttps:%2F%2Flh5.googleusercontent.com%2Fp%2FAF1QipPTbmt5_zgNoeyyIiU6ZDQMNhOVys4EF-0FRhX_%3Dw203-h100-k-no-pi-0-ya277.31052-ro0-fo100!7i5636!8i2818?hl=nl\">street-view<\/a>[\/vc_column_text][\/vc_column][\/vc_row]<\/p>\n<\/div>","protected":false},"excerpt":{"rendered":"<p>[vc_row][vc_column width=\u00bb1\/2&#8243;][vc_column_text]d\u00e1tumok \u00e1rak opci\u00f3k \u00e1rak szezonja egy all inclusive \u00fasz\u00f3 t\u00e1boron alapul. Az \u00e1rak tartalmazz\u00e1k a teljes ell\u00e1t\u00e1st, az edz\u0151i programot edz\u00e9ssel \u00e9s fel\u00fcgyelettel, az \u00fasz\u00f3medenc\u00e9t, a szabadid\u0151s programot, a SportstarZ f\u00fcrd\u0151sapk\u00e1t \u00e9s az \u00fcveget, az aj\u00e1nd\u00e9kzs\u00e1kot, az italokat, a takar\u00edt\u00e1si k\u00f6lts\u00e9geket \u00e9s az ad\u00f3kat.[\/vc_column_text][\/vc_column][vc_column width=\u00bb1\/2&#8243;][vc_single_image image=\u00bb43965&#8243; img_size=\u00bbmedium\u00bb alignment=\u00bbcenter\u00bb][vc_column_text] SportstarZ: az els\u0151 sz\u00e1m\u00fa Eur\u00f3p\u00e1ban. [\/vc_column_text][\/vc_column][\/vc_row][vc_row][vc_column][vc_text_separator&hellip;<\/p>\n","protected":false},"author":36,"featured_media":0,"parent":0,"menu_order":0,"comment_status":"closed","ping_status":"closed","template":"","meta":{"_acf_changed":false,"footnotes":""},"categories":[],"tags":[],"class_list":["post-46707","page","type-page","status-publish","hentry","description-off"],"acf":[],"yoast_head":"<!-- This site is optimized with the Yoast SEO plugin v25.3 - https:\/\/yoast.com\/wordpress\/plugins\/seo\/ -->\n<title>d\u00e1tumok \u00e1rak opci\u00f3k SportstarZ swim camp - SportstarZ<\/title>\n<meta name=\"description\" content=\"d\u00e1tumok * \u00e1rak * opci\u00f3k Az \u00e1rak szezonja egy all inclusive \u00fasz\u00f3 t\u00e1boron alapul. Az \u00e1rak tartalmazz\u00e1k a teljes ell\u00e1t\u00e1st. SportstarZ Swim Camp\" \/>\n<meta name=\"robots\" content=\"index, follow, max-snippet:-1, max-image-preview:large, max-video-preview:-1\" \/>\n<link rel=\"canonical\" href=\"https:\/\/sportstarz-aquatics.com\/es\/datumok-arak-opciok\/\" \/>\n<meta property=\"og:locale\" content=\"es_ES\" \/>\n<meta property=\"og:type\" content=\"article\" \/>\n<meta property=\"og:title\" content=\"d\u00e1tumok \u00e1rak opci\u00f3k SportstarZ swim camp - SportstarZ\" \/>\n<meta property=\"og:description\" content=\"d\u00e1tumok * \u00e1rak * opci\u00f3k Az \u00e1rak szezonja egy all inclusive \u00fasz\u00f3 t\u00e1boron alapul. Az \u00e1rak tartalmazz\u00e1k a teljes ell\u00e1t\u00e1st. SportstarZ Swim Camp\" \/>\n<meta property=\"og:url\" content=\"https:\/\/sportstarz-aquatics.com\/es\/datumok-arak-opciok\/\" \/>\n<meta property=\"og:site_name\" content=\"SportstarZ\" \/>\n<meta property=\"article:modified_time\" content=\"2021-01-22T16:10:26+00:00\" \/>\n<meta name=\"twitter:card\" content=\"summary_large_image\" \/>\n<meta name=\"twitter:label1\" content=\"Tiempo de lectura\" \/>\n\t<meta name=\"twitter:data1\" content=\"2 minutos\" \/>\n<script type=\"application\/ld+json\" class=\"yoast-schema-graph\">{\"@context\":\"https:\/\/schema.org\",\"@graph\":[{\"@type\":\"WebPage\",\"@id\":\"https:\/\/sportstarz-aquatics.com\/es\/datumok-arak-opciok\/\",\"url\":\"https:\/\/sportstarz-aquatics.com\/es\/datumok-arak-opciok\/\",\"name\":\"d\u00e1tumok \u00e1rak opci\u00f3k SportstarZ swim camp - SportstarZ\",\"isPartOf\":{\"@id\":\"https:\/\/sportstarz-aquatics.com\/#website\"},\"datePublished\":\"2021-01-03T16:10:27+00:00\",\"dateModified\":\"2021-01-22T16:10:26+00:00\",\"description\":\"d\u00e1tumok * \u00e1rak * opci\u00f3k Az \u00e1rak szezonja egy all inclusive \u00fasz\u00f3 t\u00e1boron alapul. Az \u00e1rak tartalmazz\u00e1k a teljes ell\u00e1t\u00e1st. SportstarZ Swim Camp\",\"breadcrumb\":{\"@id\":\"https:\/\/sportstarz-aquatics.com\/es\/datumok-arak-opciok\/#breadcrumb\"},\"inLanguage\":\"es\",\"potentialAction\":[{\"@type\":\"ReadAction\",\"target\":[\"https:\/\/sportstarz-aquatics.com\/es\/datumok-arak-opciok\/\"]}]},{\"@type\":\"BreadcrumbList\",\"@id\":\"https:\/\/sportstarz-aquatics.com\/es\/datumok-arak-opciok\/#breadcrumb\",\"itemListElement\":[{\"@type\":\"ListItem\",\"position\":1,\"name\":\"Home\",\"item\":\"https:\/\/sportstarz-aquatics.com\/es\/\"},{\"@type\":\"ListItem\",\"position\":2,\"name\":\"d\u00e1tumok \u00e1rak opci\u00f3k SportstarZ swim camp\"}]},{\"@type\":\"WebSite\",\"@id\":\"https:\/\/sportstarz-aquatics.com\/#website\",\"url\":\"https:\/\/sportstarz-aquatics.com\/\",\"name\":\"SportstarZ\",\"description\":\"Aquatics\",\"potentialAction\":[{\"@type\":\"SearchAction\",\"target\":{\"@type\":\"EntryPoint\",\"urlTemplate\":\"https:\/\/sportstarz-aquatics.com\/?s={search_term_string}\"},\"query-input\":{\"@type\":\"PropertyValueSpecification\",\"valueRequired\":true,\"valueName\":\"search_term_string\"}}],\"inLanguage\":\"es\"}]}<\/script>\n<!-- \/ Yoast SEO plugin. -->","yoast_head_json":{"title":"d\u00e1tumok \u00e1rak opci\u00f3k SportstarZ swim camp - SportstarZ","description":"d\u00e1tumok * \u00e1rak * opci\u00f3k Az \u00e1rak szezonja egy all inclusive \u00fasz\u00f3 t\u00e1boron alapul. Az \u00e1rak tartalmazz\u00e1k a teljes ell\u00e1t\u00e1st. SportstarZ Swim Camp","robots":{"index":"index","follow":"follow","max-snippet":"max-snippet:-1","max-image-preview":"max-image-preview:large","max-video-preview":"max-video-preview:-1"},"canonical":"https:\/\/sportstarz-aquatics.com\/es\/datumok-arak-opciok\/","og_locale":"es_ES","og_type":"article","og_title":"d\u00e1tumok \u00e1rak opci\u00f3k SportstarZ swim camp - SportstarZ","og_description":"d\u00e1tumok * \u00e1rak * opci\u00f3k Az \u00e1rak szezonja egy all inclusive \u00fasz\u00f3 t\u00e1boron alapul. Az \u00e1rak tartalmazz\u00e1k a teljes ell\u00e1t\u00e1st. SportstarZ Swim Camp","og_url":"https:\/\/sportstarz-aquatics.com\/es\/datumok-arak-opciok\/","og_site_name":"SportstarZ","article_modified_time":"2021-01-22T16:10:26+00:00","twitter_card":"summary_large_image","twitter_misc":{"Tiempo de lectura":"2 minutos"},"schema":{"@context":"https:\/\/schema.org","@graph":[{"@type":"WebPage","@id":"https:\/\/sportstarz-aquatics.com\/es\/datumok-arak-opciok\/","url":"https:\/\/sportstarz-aquatics.com\/es\/datumok-arak-opciok\/","name":"d\u00e1tumok \u00e1rak opci\u00f3k SportstarZ swim camp - SportstarZ","isPartOf":{"@id":"https:\/\/sportstarz-aquatics.com\/#website"},"datePublished":"2021-01-03T16:10:27+00:00","dateModified":"2021-01-22T16:10:26+00:00","description":"d\u00e1tumok * \u00e1rak * opci\u00f3k Az \u00e1rak szezonja egy all inclusive \u00fasz\u00f3 t\u00e1boron alapul. Az \u00e1rak tartalmazz\u00e1k a teljes ell\u00e1t\u00e1st. SportstarZ Swim Camp","breadcrumb":{"@id":"https:\/\/sportstarz-aquatics.com\/es\/datumok-arak-opciok\/#breadcrumb"},"inLanguage":"es","potentialAction":[{"@type":"ReadAction","target":["https:\/\/sportstarz-aquatics.com\/es\/datumok-arak-opciok\/"]}]},{"@type":"BreadcrumbList","@id":"https:\/\/sportstarz-aquatics.com\/es\/datumok-arak-opciok\/#breadcrumb","itemListElement":[{"@type":"ListItem","position":1,"name":"Home","item":"https:\/\/sportstarz-aquatics.com\/es\/"},{"@type":"ListItem","position":2,"name":"d\u00e1tumok \u00e1rak opci\u00f3k SportstarZ swim camp"}]},{"@type":"WebSite","@id":"https:\/\/sportstarz-aquatics.com\/#website","url":"https:\/\/sportstarz-aquatics.com\/","name":"SportstarZ","description":"Aquatics","potentialAction":[{"@type":"SearchAction","target":{"@type":"EntryPoint","urlTemplate":"https:\/\/sportstarz-aquatics.com\/?s={search_term_string}"},"query-input":{"@type":"PropertyValueSpecification","valueRequired":true,"valueName":"search_term_string"}}],"inLanguage":"es"}]}},"_links":{"self":[{"href":"https:\/\/sportstarz-aquatics.com\/es\/wp-json\/wp\/v2\/pages\/46707","targetHints":{"allow":["GET"]}}],"collection":[{"href":"https:\/\/sportstarz-aquatics.com\/es\/wp-json\/wp\/v2\/pages"}],"about":[{"href":"https:\/\/sportstarz-aquatics.com\/es\/wp-json\/wp\/v2\/types\/page"}],"author":[{"embeddable":true,"href":"https:\/\/sportstarz-aquatics.com\/es\/wp-json\/wp\/v2\/users\/36"}],"replies":[{"embeddable":true,"href":"https:\/\/sportstarz-aquatics.com\/es\/wp-json\/wp\/v2\/comments?post=46707"}],"version-history":[{"count":23,"href":"https:\/\/sportstarz-aquatics.com\/es\/wp-json\/wp\/v2\/pages\/46707\/revisions"}],"predecessor-version":[{"id":46845,"href":"https:\/\/sportstarz-aquatics.com\/es\/wp-json\/wp\/v2\/pages\/46707\/revisions\/46845"}],"wp:attachment":[{"href":"https:\/\/sportstarz-aquatics.com\/es\/wp-json\/wp\/v2\/media?parent=46707"}],"wp:term":[{"taxonomy":"category","embeddable":true,"href":"https:\/\/sportstarz-aquatics.com\/es\/wp-json\/wp\/v2\/categories?post=46707"},{"taxonomy":"post_tag","embeddable":true,"href":"https:\/\/sportstarz-aquatics.com\/es\/wp-json\/wp\/v2\/tags?post=46707"}],"curies":[{"name":"wp","href":"https:\/\/api.w.org\/{rel}","templated":true}]}}