{"id":51493,"date":"2025-01-18T11:47:30","date_gmt":"2025-01-18T10:47:30","guid":{"rendered":"https:\/\/sportstarz-aquatics.com\/?page_id=51493"},"modified":"2025-01-18T12:00:13","modified_gmt":"2025-01-18T11:00:13","slug":"privattraining","status":"publish","type":"page","link":"https:\/\/sportstarz-aquatics.com\/de\/privattraining\/","title":{"rendered":"Privattraining"},"content":{"rendered":"<div class=\"wpb-content-wrapper\"><p>[vc_row type=&#8220;vc_default&#8220; full_width=&#8220;stretch_row_content_no_spaces&#8220;][vc_column]<style type=\"text\/css\" data-type=\"the7_shortcodes-inline-css\">.gallery-shortcode.gallery-masonry-shortcode-id-ab3de278e858f413a47e8d9820e0d51f figure,\n.gallery-shortcode.gallery-masonry-shortcode-id-ab3de278e858f413a47e8d9820e0d51f .rollover,\n.gallery-shortcode.gallery-masonry-shortcode-id-ab3de278e858f413a47e8d9820e0d51f img,\n.gallery-shortcode.gallery-masonry-shortcode-id-ab3de278e858f413a47e8d9820e0d51f .gallery-rollover {\n  border-radius: 0px;\n}\n.gallery-shortcode.gallery-masonry-shortcode-id-ab3de278e858f413a47e8d9820e0d51f.enable-bg-rollover .gallery-rollover {\n  background: -webkit-linear-gradient();\n  background: linear-gradient();\n}\n.gallery-shortcode.gallery-masonry-shortcode-id-ab3de278e858f413a47e8d9820e0d51f.enable-bg-rollover.hover-scale figure .rollover:after {\n  background: -webkit-linear-gradient();\n  background: linear-gradient();\n}\n.gallery-shortcode.gallery-masonry-shortcode-id-ab3de278e858f413a47e8d9820e0d51f .gallery-zoom-ico {\n  width: 44px;\n  height: 44px;\n  line-height: 44px;\n  border-radius: 100px;\n  margin: -22px 0 0 -22px;\n  border-width: 0px;\n  color: #ffffff;\n}\n.dt-icon-bg-on.gallery-shortcode.gallery-masonry-shortcode-id-ab3de278e858f413a47e8d9820e0d51f .gallery-zoom-ico {\n  background: rgba(255,255,255,0.3);\n  box-shadow: none;\n}\n.gallery-shortcode.gallery-masonry-shortcode-id-ab3de278e858f413a47e8d9820e0d51f .gallery-zoom-ico:before,\n.gallery-shortcode.gallery-masonry-shortcode-id-ab3de278e858f413a47e8d9820e0d51f .gallery-zoom-ico span {\n  font-size: 32px;\n  line-height: 44px;\n  color: #ffffff;\n}\n.gallery-shortcode.gallery-masonry-shortcode-id-ab3de278e858f413a47e8d9820e0d51f:not(.resize-by-browser-width) .dt-css-grid {\n  grid-row-gap: 0px;\n  grid-column-gap: 0px;\n  grid-template-columns: repeat(auto-fill,minmax(,1fr));\n}\n.gallery-shortcode.gallery-masonry-shortcode-id-ab3de278e858f413a47e8d9820e0d51f:not(.resize-by-browser-width) .dt-css-grid .double-width {\n  grid-column: span 2;\n}\n.cssgridlegacy.no-cssgrid .gallery-shortcode.gallery-masonry-shortcode-id-ab3de278e858f413a47e8d9820e0d51f:not(.resize-by-browser-width) .dt-css-grid,\n.no-cssgridlegacy.no-cssgrid .gallery-shortcode.gallery-masonry-shortcode-id-ab3de278e858f413a47e8d9820e0d51f:not(.resize-by-browser-width) .dt-css-grid {\n  display: flex;\n  flex-flow: row wrap;\n  margin: 0px;\n}\n.cssgridlegacy.no-cssgrid .gallery-shortcode.gallery-masonry-shortcode-id-ab3de278e858f413a47e8d9820e0d51f:not(.resize-by-browser-width) .dt-css-grid .wf-cell,\n.no-cssgridlegacy.no-cssgrid .gallery-shortcode.gallery-masonry-shortcode-id-ab3de278e858f413a47e8d9820e0d51f:not(.resize-by-browser-width) .dt-css-grid .wf-cell {\n  flex: 1 0 ;\n  max-width: 100%;\n  padding: 0px;\n  box-sizing: border-box;\n}\n.gallery-shortcode.gallery-masonry-shortcode-id-ab3de278e858f413a47e8d9820e0d51f.resize-by-browser-width .dt-css-grid {\n  grid-template-columns: repeat(6,1fr);\n  grid-template-rows: auto;\n  grid-column-gap: 0px;\n  grid-row-gap: 0px;\n}\n.gallery-shortcode.gallery-masonry-shortcode-id-ab3de278e858f413a47e8d9820e0d51f.resize-by-browser-width .dt-css-grid .double-width {\n  grid-column: span 2;\n}\n.cssgridlegacy.no-cssgrid .gallery-shortcode.gallery-masonry-shortcode-id-ab3de278e858f413a47e8d9820e0d51f.resize-by-browser-width .dt-css-grid {\n  margin: 0px;\n}\n.cssgridlegacy.no-cssgrid .gallery-shortcode.gallery-masonry-shortcode-id-ab3de278e858f413a47e8d9820e0d51f.resize-by-browser-width .dt-css-grid .wf-cell {\n  width: 16.666666666667%;\n  padding: 0px;\n}\n.cssgridlegacy.no-cssgrid .gallery-shortcode.gallery-masonry-shortcode-id-ab3de278e858f413a47e8d9820e0d51f.resize-by-browser-width .dt-css-grid .wf-cell.double-width {\n  width: calc(16.666666666667%) * 2;\n}\n.gallery-shortcode.gallery-masonry-shortcode-id-ab3de278e858f413a47e8d9820e0d51f.resize-by-browser-width:not(.centered-layout-list):not(.content-bg-on) .dt-css-grid {\n  grid-row-gap: 0px - ;\n}\n@media screen and (max-width: 1199px) {\n  .gallery-shortcode.gallery-masonry-shortcode-id-ab3de278e858f413a47e8d9820e0d51f.resize-by-browser-width .dt-css-grid {\n    grid-template-columns: repeat(4,1fr);\n  }\n  .cssgridlegacy.no-cssgrid .gallery-shortcode.gallery-masonry-shortcode-id-ab3de278e858f413a47e8d9820e0d51f.resize-by-browser-width .dt-css-grid .wf-cell,\n  .no-cssgridlegacy.no-cssgrid .gallery-shortcode.gallery-masonry-shortcode-id-ab3de278e858f413a47e8d9820e0d51f.resize-by-browser-width .dt-css-grid .wf-cell {\n    width: 25%;\n  }\n  .cssgridlegacy.no-cssgrid .gallery-shortcode.gallery-masonry-shortcode-id-ab3de278e858f413a47e8d9820e0d51f.resize-by-browser-width .dt-css-grid .wf-cell.double-width,\n  .no-cssgridlegacy.no-cssgrid .gallery-shortcode.gallery-masonry-shortcode-id-ab3de278e858f413a47e8d9820e0d51f.resize-by-browser-width .dt-css-grid .wf-cell.double-width {\n    width: calc(25%)*2;\n  }\n}\n@media screen and (max-width: 991px) {\n  .gallery-shortcode.gallery-masonry-shortcode-id-ab3de278e858f413a47e8d9820e0d51f.resize-by-browser-width .dt-css-grid {\n    grid-template-columns: repeat(3,1fr);\n  }\n  .cssgridlegacy.no-cssgrid .gallery-shortcode.gallery-masonry-shortcode-id-ab3de278e858f413a47e8d9820e0d51f.resize-by-browser-width .dt-css-grid .wf-cell,\n  .no-cssgridlegacy.no-cssgrid .gallery-shortcode.gallery-masonry-shortcode-id-ab3de278e858f413a47e8d9820e0d51f.resize-by-browser-width .dt-css-grid .wf-cell {\n    width: 33.333333333333%;\n  }\n  .cssgridlegacy.no-cssgrid .gallery-shortcode.gallery-masonry-shortcode-id-ab3de278e858f413a47e8d9820e0d51f.resize-by-browser-width .dt-css-grid .wf-cell.double-width,\n  .no-cssgridlegacy.no-cssgrid .gallery-shortcode.gallery-masonry-shortcode-id-ab3de278e858f413a47e8d9820e0d51f.resize-by-browser-width .dt-css-grid .wf-cell.double-width {\n    width: calc(33.333333333333%)*2;\n  }\n}\n@media screen and (max-width: 767px) {\n  .gallery-shortcode.gallery-masonry-shortcode-id-ab3de278e858f413a47e8d9820e0d51f.resize-by-browser-width .dt-css-grid {\n    grid-template-columns: repeat(2,1fr);\n  }\n  .cssgridlegacy.no-cssgrid .gallery-shortcode.gallery-masonry-shortcode-id-ab3de278e858f413a47e8d9820e0d51f.resize-by-browser-width .dt-css-grid .wf-cell,\n  .no-cssgridlegacy.no-cssgrid .gallery-shortcode.gallery-masonry-shortcode-id-ab3de278e858f413a47e8d9820e0d51f.resize-by-browser-width .dt-css-grid .wf-cell {\n    width: 50%;\n  }\n  .cssgridlegacy.no-cssgrid .gallery-shortcode.gallery-masonry-shortcode-id-ab3de278e858f413a47e8d9820e0d51f.resize-by-browser-width .dt-css-grid .wf-cell.double-width,\n  .no-cssgridlegacy.no-cssgrid .gallery-shortcode.gallery-masonry-shortcode-id-ab3de278e858f413a47e8d9820e0d51f.resize-by-browser-width .dt-css-grid .wf-cell.double-width {\n    width: calc(50%)*2;\n  }\n}\n<\/style><div class=\"gallery-shortcode dt-gallery-container gallery-masonry-shortcode-id-ab3de278e858f413a47e8d9820e0d51f mode-masonry jquery-filter dt-icon-bg-off quick-scale-img enable-bg-rollover resize-by-browser-width  hover-fade loading-effect-none description-on-hover\" data-padding=\"0px\" data-cur-page=\"1\" data-post-limit=\"-1\" data-pagination-mode=\"none\" data-desktop-columns-num=\"6\" data-v-tablet-columns-num=\"3\" data-h-tablet-columns-num=\"4\" data-phone-columns-num=\"2\" data-width=\"0px\" data-columns=\"0\"><div class=\"iso-container\" ><\/div><!-- iso-container|iso-grid --><\/div>[\/vc_column][\/vc_row][vc_row][vc_column][\/vc_column][\/vc_row][vc_row type=&#8220;vc_default&#8220; full_width=&#8220;stretch_row_content&#8220; equal_height=&#8220;yes&#8220; bg_type=&#8220;bg_color&#8220; bg_color_value=&#8220;#f4f4f4&#8243;][vc_column width=&#8220;1\/2&#8243; css=&#8220;.vc_custom_1545332125753{padding-right: 80px !important;padding-left: 80px !important;}&#8220;][vc_row_inner equal_height=&#8220;yes&#8220;][\/vc_row_inner]<div class=\"ult-spacer spacer-69d622fb0d8b2\" data-id=\"69d622fb0d8b2\" data-height=\"150\" data-height-mobile=\"75\" data-height-tab=\"150\" data-height-tab-portrait=\"150\" data-height-mobile-landscape=\"75\" style=\"clear:both;display:block;\"><\/div><div class=\"dt-fancy-separator title-left h1-size style-disabled\" style=\"width: 100%;\"><div class=\"dt-fancy-title\" style=\"color: #2389bc;\"><span class=\"separator-holder separator-left\"><\/span>Privattraining<span class=\"separator-holder separator-right\"><\/span><\/div><\/div><div class=\"ult-spacer spacer-69d622fb0d938\" data-id=\"69d622fb0d938\" data-height=\"50\" data-height-mobile=\"25\" data-height-tab=\"50\" data-height-tab-portrait=\"50\" data-height-mobile-landscape=\"25\" style=\"clear:both;display:block;\"><\/div>[vc_column_text css=&#8220;&#8220;]<\/p>\n<p style=\"font-weight: 400;\">Neben <a href=\"https:\/\/sportstarz-aquatics.com\/de\/gruppenreisen-2\/\">Gruppentrainings<\/a> und Campwochen ist es auch m\u00f6glich, \u00fcber SportstarZ Privattraining zu absolvieren. Du wirst von einem Top-Trainer mit internationaler Erfahrung trainiert. Wir machen (Unterwasser-)Videoaufnahmen mit Analysen. Du kannst selbst angeben, wo du dieses Privattraining absolvieren m\u00f6chtest, die Stundenanzahl und die Tage. Auf diese Weise erh\u00e4ltst du ein sehr pers\u00f6nliches und auf deine W\u00fcnsche zugeschnittenes Trainingsprogramm. Bei Interesse kannst du ein Angebot \u00fcber das Anfrageformular auf dieser Seite anfordern.<\/p>\n<p>[\/vc_column_text]<div class=\"ult-spacer spacer-69d622fb0d96a\" data-id=\"69d622fb0d96a\" data-height=\"50\" data-height-mobile=\"25\" data-height-tab=\"50\" data-height-tab-portrait=\"50\" data-height-mobile-landscape=\"25\" style=\"clear:both;display:block;\"><\/div>[\/vc_column][vc_column css_animation=&#8220;slideInRight&#8220; width=&#8220;1\/2&#8243; css=&#8220;.vc_custom_1628333383629{background-image: url(https:\/\/sportstarz-aquatics.com\/wp-content\/uploads\/2021\/08\/IMG_1925-scaled-e1628333177327.jpg?id=48280) !important;background-position: center !important;background-repeat: no-repeat !important;background-size: cover !important;}&#8220;]<div class=\"ult-spacer spacer-69d622fb0d9a3\" data-id=\"69d622fb0d9a3\" data-height=\"800\" data-height-mobile=\"300\" data-height-tab=\"800\" data-height-tab-portrait=\"800\" data-height-mobile-landscape=\"300\" style=\"clear:both;display:block;\"><\/div>[\/vc_column][\/vc_row][vc_row type=&#8220;vc_default&#8220; full_width=&#8220;stretch_row_content&#8220; equal_height=&#8220;yes&#8220; bg_type=&#8220;bg_color&#8220; bg_color_value=&#8220;#f4f4f4&#8243;][vc_column css_animation=&#8220;slideInLeft&#8220; width=&#8220;1\/2&#8243; css=&#8220;.vc_custom_1672244062154{background-image: url(https:\/\/sportstarz-aquatics.com\/wp-content\/uploads\/2022\/12\/IMG_3795-scaled.jpg?id=49900) !important;background-position: center !important;background-repeat: no-repeat !important;background-size: cover !important;}&#8220;]<div class=\"ult-spacer spacer-69d622fb0d9d8\" data-id=\"69d622fb0d9d8\" data-height=\"800\" data-height-mobile=\"300\" data-height-tab=\"800\" data-height-tab-portrait=\"800\" data-height-mobile-landscape=\"300\" style=\"clear:both;display:block;\"><\/div>[\/vc_column][vc_column width=&#8220;1\/2&#8243; css=&#8220;.vc_custom_1545332125753{padding-right: 80px !important;padding-left: 80px !important;}&#8220;][vc_row_inner equal_height=&#8220;yes&#8220;][\/vc_row_inner]<div class=\"ult-spacer spacer-69d622fb0da01\" data-id=\"69d622fb0da01\" data-height=\"150\" data-height-mobile=\"75\" data-height-tab=\"150\" data-height-tab-portrait=\"150\" data-height-mobile-landscape=\"75\" style=\"clear:both;display:block;\"><\/div><div class=\"dt-fancy-separator title-left h1-size style-disabled\" style=\"width: 100%;\"><div class=\"dt-fancy-title\" style=\"color: #2389bc;\"><span class=\"separator-holder separator-left\"><\/span>Antragsformular<span class=\"separator-holder separator-right\"><\/span><\/div><\/div><div class=\"dt-fancy-separator title-left h2-size style-disabled\" style=\"width: 100%;\"><div class=\"dt-fancy-title\" style=\"color: #000000;\"><span class=\"separator-holder separator-left\"><\/span>Privattraining<span class=\"separator-holder separator-right\"><\/span><\/div><\/div><div class=\"wpforms-container wpforms-container-full\" id=\"wpforms-49959\"><form id=\"wpforms-form-49959\" class=\"wpforms-validate wpforms-form wpforms-ajax-form\" data-formid=\"49959\" method=\"post\" enctype=\"multipart\/form-data\" action=\"\/de\/wp-json\/wp\/v2\/pages\/51493\" data-token=\"ea2024a4f360662613c045d9e53786bf\" data-token-time=\"1775641339\"><noscript class=\"wpforms-error-noscript\">Bitte aktiviere JavaScript in deinem Browser, um dieses Formular fertigzustellen.<\/noscript><div class=\"wpforms-field-container\"><div id=\"wpforms-49959-field_1-container\" class=\"wpforms-field wpforms-field-name\" data-field-id=\"1\"><label class=\"wpforms-field-label\" for=\"wpforms-49959-field_1\">Name <span class=\"wpforms-required-label\">*<\/span><\/label><input type=\"text\" id=\"wpforms-49959-field_1\" class=\"wpforms-field-medium wpforms-field-required\" name=\"wpforms[fields][1]\" required><\/div><div id=\"wpforms-49959-field_21-container\" class=\"wpforms-field wpforms-field-text\" data-field-id=\"21\"><label class=\"wpforms-field-label\" for=\"wpforms-49959-field_21\">Country <span class=\"wpforms-required-label\">*<\/span><\/label><input type=\"text\" id=\"wpforms-49959-field_21\" class=\"wpforms-field-medium wpforms-field-required\" name=\"wpforms[fields][21]\" required><\/div><div id=\"wpforms-49959-field_3-container\" class=\"wpforms-field wpforms-field-email\" data-field-id=\"3\"><label class=\"wpforms-field-label\">E-mail <span class=\"wpforms-required-label\">*<\/span><\/label><div class=\"wpforms-field-row wpforms-field-medium\"><div class=\"wpforms-field-row-block wpforms-one-half wpforms-first\"><input type=\"email\" id=\"wpforms-49959-field_3\" class=\"wpforms-field-required wpforms-field-email-primary\" name=\"wpforms[fields][3][primary]\" spellcheck=\"false\" required><label for=\"wpforms-49959-field_3\" class=\"wpforms-field-sublabel after\">E-Mail-Adresse<\/label><\/div><div class=\"wpforms-field-row-block wpforms-one-half\"><input type=\"email\" id=\"wpforms-49959-field_3-secondary\" class=\"wpforms-field-email-secondary wpforms-field-required\" data-rule-confirm=\"#wpforms-49959-field_3\" name=\"wpforms[fields][3][secondary]\" spellcheck=\"false\" required><label for=\"wpforms-49959-field_3-secondary\" class=\"wpforms-field-sublabel after\">E-Mail best\u00e4tigen<\/label><\/div><\/div><\/div><div id=\"wpforms-49959-field_24-container\" class=\"wpforms-field wpforms-field-text\" data-field-id=\"24\"><label class=\"wpforms-field-label\" for=\"wpforms-49959-field_24\">Phone number  <span class=\"wpforms-required-label\">*<\/span><\/label><input type=\"text\" id=\"wpforms-49959-field_24\" class=\"wpforms-field-medium wpforms-field-required\" name=\"wpforms[fields][24]\" required><\/div><div id=\"wpforms-49959-field_8-container\" class=\"wpforms-field wpforms-field-radio\" data-field-id=\"8\"><label class=\"wpforms-field-label\">Number of swimmers <span class=\"wpforms-required-label\">*<\/span><\/label><ul id=\"wpforms-49959-field_8\" class=\"wpforms-field-required\"><li class=\"choice-1 depth-1\"><input type=\"radio\" id=\"wpforms-49959-field_8_1\" name=\"wpforms[fields][8]\" value=\"1\" required ><label class=\"wpforms-field-label-inline\" for=\"wpforms-49959-field_8_1\">1<\/label><\/li><li class=\"choice-2 depth-1\"><input type=\"radio\" id=\"wpforms-49959-field_8_2\" name=\"wpforms[fields][8]\" value=\"2\" required ><label class=\"wpforms-field-label-inline\" for=\"wpforms-49959-field_8_2\">2<\/label><\/li><li class=\"choice-3 depth-1\"><input type=\"radio\" id=\"wpforms-49959-field_8_3\" name=\"wpforms[fields][8]\" value=\"3\" required ><label class=\"wpforms-field-label-inline\" for=\"wpforms-49959-field_8_3\">3<\/label><\/li><\/ul><\/div><div id=\"wpforms-49959-field_13-container\" class=\"wpforms-field wpforms-field-textarea\" data-field-id=\"13\"><label class=\"wpforms-field-label\" for=\"wpforms-49959-field_13\">Level of the swimmer(s) <span class=\"wpforms-required-label\">*<\/span><\/label><textarea id=\"wpforms-49959-field_13\" class=\"wpforms-field-medium wpforms-field-required\" name=\"wpforms[fields][13]\" required><\/textarea><div class=\"wpforms-field-description\">fill in the personal records<\/div><\/div><div id=\"wpforms-49959-field_10-container\" class=\"wpforms-field wpforms-field-text\" data-field-id=\"10\"><label class=\"wpforms-field-label\" for=\"wpforms-49959-field_10\">Preferred period (the days on which the training should be given) <span class=\"wpforms-required-label\">*<\/span><\/label><input type=\"text\" id=\"wpforms-49959-field_10\" class=\"wpforms-field-medium wpforms-field-required\" name=\"wpforms[fields][10]\" required><\/div><div id=\"wpforms-49959-field_23-container\" class=\"wpforms-field wpforms-field-number\" data-field-id=\"23\"><label class=\"wpforms-field-label\" for=\"wpforms-49959-field_23\">Total desired number of hours of private training <span class=\"wpforms-required-label\">*<\/span><\/label><input type=\"number\" id=\"wpforms-49959-field_23\" class=\"wpforms-field-medium wpforms-field-required\" name=\"wpforms[fields][23]\" step=\"any\" required><\/div><div id=\"wpforms-49959-field_17-container\" class=\"wpforms-field wpforms-field-text\" data-field-id=\"17\"><label class=\"wpforms-field-label\" for=\"wpforms-49959-field_17\">Any other important information<\/label><input type=\"text\" id=\"wpforms-49959-field_17\" class=\"wpforms-field-medium\" name=\"wpforms[fields][17]\" ><\/div><\/div><!-- .wpforms-field-container --><div class=\"wpforms-submit-container\" ><input type=\"hidden\" name=\"wpforms[id]\" value=\"49959\"><input type=\"hidden\" name=\"page_title\" value=\"\"><input type=\"hidden\" name=\"page_url\" value=\"https:\/\/sportstarz-aquatics.com\/de\/wp-json\/wp\/v2\/pages\/51493\"><input type=\"hidden\" name=\"url_referer\" value=\"\"><button type=\"submit\" name=\"wpforms[submit]\" id=\"wpforms-submit-49959\" class=\"wpforms-submit\" data-alt-text=\"Sending... Thank you for your message, you will receive a proposal from us within a week.\" data-submit-text=\"Send\" aria-live=\"assertive\" value=\"wpforms-submit\">Send<\/button><img loading=\"lazy\" decoding=\"async\" src=\"https:\/\/sportstarz-aquatics.com\/wp-content\/plugins\/wpforms-lite\/assets\/images\/submit-spin.svg\" class=\"wpforms-submit-spinner\" style=\"display: none;\" width=\"26\" height=\"26\" alt=\"Wird geladen\"><\/div><\/form><\/div>  <!-- .wpforms-container -->[\/vc_column][\/vc_row][vc_row][vc_column]<div class=\"ult-spacer spacer-69d622fb1344a\" data-id=\"69d622fb1344a\" data-height=\"25\" data-height-mobile=\"15\" data-height-tab=\"25\" data-height-tab-portrait=\"25\" data-height-mobile-landscape=\"15\" style=\"clear:both;display:block;\"><\/div>[\/vc_column][\/vc_row][vc_row][vc_column][vc_column_text]<a href=\"https:\/\/www.google.com\/maps\/@51.4150986,5.4782249,3a,75y,232.35h,97.85t\/data=!3m8!1e1!3m6!1sAF1QipMdL-278QdperYur-246mm0_zlCAbf5ms9ZnQHb!2e10!3e2!6shttps:%2F%2Flh5.googleusercontent.com%2Fp%2FAF1QipMdL-278QdperYur-246mm0_zlCAbf5ms9ZnQHb%3Dw203-h100-k-no-pi0-ya274.91162-ro0-fo100!7i13312!8i6656?hl=nl&amp;entry=ttu\">Eindhoven<\/a>[\/vc_column_text][\/vc_column][\/vc_row]<\/p>\n<\/div>","protected":false},"excerpt":{"rendered":"<p>[vc_row type=&#8220;vc_default&#8220; full_width=&#8220;stretch_row_content_no_spaces&#8220;][vc_column][\/vc_column][\/vc_row][vc_row][vc_column][\/vc_column][\/vc_row][vc_row type=&#8220;vc_default&#8220; full_width=&#8220;stretch_row_content&#8220; equal_height=&#8220;yes&#8220; bg_type=&#8220;bg_color&#8220; bg_color_value=&#8220;#f4f4f4&#8243;][vc_column width=&#8220;1\/2&#8243; css=&#8220;.vc_custom_1545332125753{padding-right: 80px !important;padding-left: 80px !important;}&#8220;][vc_row_inner equal_height=&#8220;yes&#8220;][\/vc_row_inner][vc_column_text css=&#8220;&#8220;] Neben Gruppentrainings und Campwochen ist es auch m\u00f6glich, \u00fcber SportstarZ Privattraining zu absolvieren. Du wirst von einem Top-Trainer mit internationaler Erfahrung trainiert. Wir machen (Unterwasser-)Videoaufnahmen mit Analysen. Du kannst selbst angeben, wo du dieses Privattraining absolvieren m\u00f6chtest, die Stundenanzahl&hellip;<\/p>\n","protected":false},"author":42,"featured_media":0,"parent":0,"menu_order":0,"comment_status":"closed","ping_status":"closed","template":"","meta":{"_acf_changed":false,"footnotes":""},"categories":[],"tags":[],"class_list":["post-51493","page","type-page","status-publish","hentry","description-off"],"acf":[],"yoast_head":"<!-- This site is optimized with the Yoast SEO plugin v25.3 - https:\/\/yoast.com\/wordpress\/plugins\/seo\/ -->\n<title>Privattraining - SportstarZ<\/title>\n<meta name=\"description\" content=\"Neben Gruppentrainings ist es auch m\u00f6glich, \u00fcber SportstarZ Privattraining zu absolvieren. Du wirst von einem Top-Trainer trainiert.\" \/>\n<meta name=\"robots\" content=\"index, follow, max-snippet:-1, max-image-preview:large, max-video-preview:-1\" \/>\n<link rel=\"canonical\" href=\"https:\/\/sportstarz-aquatics.com\/de\/privattraining\/\" \/>\n<meta property=\"og:locale\" content=\"de_DE\" \/>\n<meta property=\"og:type\" content=\"article\" \/>\n<meta property=\"og:title\" content=\"Privattraining - SportstarZ\" \/>\n<meta property=\"og:description\" content=\"Neben Gruppentrainings ist es auch m\u00f6glich, \u00fcber SportstarZ Privattraining zu absolvieren. Du wirst von einem Top-Trainer trainiert.\" \/>\n<meta property=\"og:url\" content=\"https:\/\/sportstarz-aquatics.com\/de\/privattraining\/\" \/>\n<meta property=\"og:site_name\" content=\"SportstarZ\" \/>\n<meta property=\"article:modified_time\" content=\"2025-01-18T11:00:13+00:00\" \/>\n<meta name=\"twitter:card\" content=\"summary_large_image\" \/>\n<meta name=\"twitter:label1\" content=\"Gesch\u00e4tzte Lesezeit\" \/>\n\t<meta name=\"twitter:data1\" content=\"3\u00a0Minuten\" \/>\n<script type=\"application\/ld+json\" class=\"yoast-schema-graph\">{\"@context\":\"https:\/\/schema.org\",\"@graph\":[{\"@type\":\"WebPage\",\"@id\":\"https:\/\/sportstarz-aquatics.com\/de\/privattraining\/\",\"url\":\"https:\/\/sportstarz-aquatics.com\/de\/privattraining\/\",\"name\":\"Privattraining - SportstarZ\",\"isPartOf\":{\"@id\":\"https:\/\/sportstarz-aquatics.com\/#website\"},\"datePublished\":\"2025-01-18T10:47:30+00:00\",\"dateModified\":\"2025-01-18T11:00:13+00:00\",\"description\":\"Neben Gruppentrainings ist es auch m\u00f6glich, \u00fcber SportstarZ Privattraining zu absolvieren. Du wirst von einem Top-Trainer trainiert.\",\"breadcrumb\":{\"@id\":\"https:\/\/sportstarz-aquatics.com\/de\/privattraining\/#breadcrumb\"},\"inLanguage\":\"de\",\"potentialAction\":[{\"@type\":\"ReadAction\",\"target\":[\"https:\/\/sportstarz-aquatics.com\/de\/privattraining\/\"]}]},{\"@type\":\"BreadcrumbList\",\"@id\":\"https:\/\/sportstarz-aquatics.com\/de\/privattraining\/#breadcrumb\",\"itemListElement\":[{\"@type\":\"ListItem\",\"position\":1,\"name\":\"Home\",\"item\":\"https:\/\/sportstarz-aquatics.com\/de\/\"},{\"@type\":\"ListItem\",\"position\":2,\"name\":\"Privattraining\"}]},{\"@type\":\"WebSite\",\"@id\":\"https:\/\/sportstarz-aquatics.com\/#website\",\"url\":\"https:\/\/sportstarz-aquatics.com\/\",\"name\":\"SportstarZ\",\"description\":\"Aquatics\",\"potentialAction\":[{\"@type\":\"SearchAction\",\"target\":{\"@type\":\"EntryPoint\",\"urlTemplate\":\"https:\/\/sportstarz-aquatics.com\/?s={search_term_string}\"},\"query-input\":{\"@type\":\"PropertyValueSpecification\",\"valueRequired\":true,\"valueName\":\"search_term_string\"}}],\"inLanguage\":\"de\"}]}<\/script>\n<!-- \/ Yoast SEO plugin. -->","yoast_head_json":{"title":"Privattraining - SportstarZ","description":"Neben Gruppentrainings ist es auch m\u00f6glich, \u00fcber SportstarZ Privattraining zu absolvieren. Du wirst von einem Top-Trainer trainiert.","robots":{"index":"index","follow":"follow","max-snippet":"max-snippet:-1","max-image-preview":"max-image-preview:large","max-video-preview":"max-video-preview:-1"},"canonical":"https:\/\/sportstarz-aquatics.com\/de\/privattraining\/","og_locale":"de_DE","og_type":"article","og_title":"Privattraining - SportstarZ","og_description":"Neben Gruppentrainings ist es auch m\u00f6glich, \u00fcber SportstarZ Privattraining zu absolvieren. Du wirst von einem Top-Trainer trainiert.","og_url":"https:\/\/sportstarz-aquatics.com\/de\/privattraining\/","og_site_name":"SportstarZ","article_modified_time":"2025-01-18T11:00:13+00:00","twitter_card":"summary_large_image","twitter_misc":{"Gesch\u00e4tzte Lesezeit":"3\u00a0Minuten"},"schema":{"@context":"https:\/\/schema.org","@graph":[{"@type":"WebPage","@id":"https:\/\/sportstarz-aquatics.com\/de\/privattraining\/","url":"https:\/\/sportstarz-aquatics.com\/de\/privattraining\/","name":"Privattraining - SportstarZ","isPartOf":{"@id":"https:\/\/sportstarz-aquatics.com\/#website"},"datePublished":"2025-01-18T10:47:30+00:00","dateModified":"2025-01-18T11:00:13+00:00","description":"Neben Gruppentrainings ist es auch m\u00f6glich, \u00fcber SportstarZ Privattraining zu absolvieren. Du wirst von einem Top-Trainer trainiert.","breadcrumb":{"@id":"https:\/\/sportstarz-aquatics.com\/de\/privattraining\/#breadcrumb"},"inLanguage":"de","potentialAction":[{"@type":"ReadAction","target":["https:\/\/sportstarz-aquatics.com\/de\/privattraining\/"]}]},{"@type":"BreadcrumbList","@id":"https:\/\/sportstarz-aquatics.com\/de\/privattraining\/#breadcrumb","itemListElement":[{"@type":"ListItem","position":1,"name":"Home","item":"https:\/\/sportstarz-aquatics.com\/de\/"},{"@type":"ListItem","position":2,"name":"Privattraining"}]},{"@type":"WebSite","@id":"https:\/\/sportstarz-aquatics.com\/#website","url":"https:\/\/sportstarz-aquatics.com\/","name":"SportstarZ","description":"Aquatics","potentialAction":[{"@type":"SearchAction","target":{"@type":"EntryPoint","urlTemplate":"https:\/\/sportstarz-aquatics.com\/?s={search_term_string}"},"query-input":{"@type":"PropertyValueSpecification","valueRequired":true,"valueName":"search_term_string"}}],"inLanguage":"de"}]}},"_links":{"self":[{"href":"https:\/\/sportstarz-aquatics.com\/de\/wp-json\/wp\/v2\/pages\/51493","targetHints":{"allow":["GET"]}}],"collection":[{"href":"https:\/\/sportstarz-aquatics.com\/de\/wp-json\/wp\/v2\/pages"}],"about":[{"href":"https:\/\/sportstarz-aquatics.com\/de\/wp-json\/wp\/v2\/types\/page"}],"author":[{"embeddable":true,"href":"https:\/\/sportstarz-aquatics.com\/de\/wp-json\/wp\/v2\/users\/42"}],"replies":[{"embeddable":true,"href":"https:\/\/sportstarz-aquatics.com\/de\/wp-json\/wp\/v2\/comments?post=51493"}],"version-history":[{"count":3,"href":"https:\/\/sportstarz-aquatics.com\/de\/wp-json\/wp\/v2\/pages\/51493\/revisions"}],"predecessor-version":[{"id":51500,"href":"https:\/\/sportstarz-aquatics.com\/de\/wp-json\/wp\/v2\/pages\/51493\/revisions\/51500"}],"wp:attachment":[{"href":"https:\/\/sportstarz-aquatics.com\/de\/wp-json\/wp\/v2\/media?parent=51493"}],"wp:term":[{"taxonomy":"category","embeddable":true,"href":"https:\/\/sportstarz-aquatics.com\/de\/wp-json\/wp\/v2\/categories?post=51493"},{"taxonomy":"post_tag","embeddable":true,"href":"https:\/\/sportstarz-aquatics.com\/de\/wp-json\/wp\/v2\/tags?post=51493"}],"curies":[{"name":"wp","href":"https:\/\/api.w.org\/{rel}","templated":true}]}}