{"id":51491,"date":"2025-01-18T11:43:22","date_gmt":"2025-01-18T10:43:22","guid":{"rendered":"https:\/\/sportstarz-aquatics.com\/?page_id=51491"},"modified":"2025-01-18T11:47:03","modified_gmt":"2025-01-18T10:47:03","slug":"gruppenreisen-2","status":"publish","type":"page","link":"https:\/\/sportstarz-aquatics.com\/de\/gruppenreisen-2\/","title":{"rendered":"Gruppenreisen Trainingslager f\u00fcr Vereine"},"content":{"rendered":"<div class=\"wpb-content-wrapper\"><p>[vc_row][vc_column width=&#8220;1\/2&#8243;]<div class=\"dt-fancy-separator title-left h1-size style-disabled\" style=\"width: 100%;\"><div class=\"dt-fancy-title\" style=\"color: #2389bc;\"><span class=\"separator-holder separator-left\"><\/span>Gruppenreisen<span class=\"separator-holder separator-right\"><\/span><\/div><\/div><div class=\"dt-fancy-separator title-left h2-size style-disabled\" style=\"width: 100%;\"><div class=\"dt-fancy-title\" style=\"color: #000000;\"><span class=\"separator-holder separator-left\"><\/span>Ma\u00dfgeschneidert<span class=\"separator-holder separator-right\"><\/span><\/div><\/div><div class=\"ult-spacer spacer-69d69f38c39ad\" data-id=\"69d69f38c39ad\" data-height=\"25\" data-height-mobile=\"10\" data-height-tab=\"25\" data-height-tab-portrait=\"25\" data-height-mobile-landscape=\"10\" style=\"clear:both;display:block;\"><\/div>[vc_column_text css=&#8220;&#8220;]SportstarZ Aquatics ist einer der gr\u00f6\u00dften Veranstalter von Gruppenreisen in Europa. Das Ziel des SportstarZ Schwimmcamps ist es, jedem Wettkampfschwimmer eine herausfordernde, lehrreiche und sch\u00f6ne Woche zu bieten. Schwimmer, die an unseren Camps teilnehmen, erzielen Spitzenleistungen durch eine Kombination aus technischer und mentaler Ausbildung.<\/p>\n<p>Neben individuellen Schwimmcamps ist es auch m\u00f6glich, dass wir das Trainingslager f\u00fcr Ihren Verein oder Schwimmgruppe organisieren. Mit umfangreicher Erfahrung im Schwimmsport kann SportstarZ zusammen mit ausgew\u00e4hlten Partnern das Trainingslager f\u00fcr Ihr Team oder Ihren Schwimmverein zu einem gro\u00dfen Erfolg machen. Wir organisieren Trainingslager f\u00fcr Gruppen von 10 bis 100 Schwimmern. SportstarZ sorgt daf\u00fcr, dass Ihr Trainingscamp bis ins kleinste Detail organisiert ist.<\/p>\n<p>Wir k\u00f6nnen alles f\u00fcr Gruppenreisen organisieren: Schwimmbad, Hotel oder Herberge, Flugzeug oder Busreisen \u2013 alles ist m\u00f6glich. SportstarZ verf\u00fcgt \u00fcber ein gro\u00dfes Netzwerk mit den sch\u00f6nsten Schwimmb\u00e4dern Europas.<\/p>\n<p>Auf Wunsch kann SportstarZ auch das Programm und die zertifizierten Schwimmtrainer bereitstellen. Hat Ihre freiwillige Gruppe schon genug zu tun und suchen Sie einen Partner, der die gesamte Organisation des Trainingslagers \u00fcbernimmt? <a href=\"https:\/\/sportstarz-aquatics.com\/de\/kontakt\/\">Kontaktieren<\/a> Sie uns gerne.[\/vc_column_text][vc_single_image image=&#8220;38375&#8243; img_size=&#8220;full&#8220; css=&#8220;&#8220;][\/vc_column][vc_column width=&#8220;1\/2&#8243;]<div class=\"wpforms-container wpforms-container-full\" id=\"wpforms-51007\"><form id=\"wpforms-form-51007\" class=\"wpforms-validate wpforms-form wpforms-ajax-form\" data-formid=\"51007\" method=\"post\" enctype=\"multipart\/form-data\" action=\"\/de\/wp-json\/wp\/v2\/pages\/51491\" data-token=\"2730c9d912d702cb3dad48e2390c77cc\" data-token-time=\"1775673144\"><noscript class=\"wpforms-error-noscript\">Bitte aktiviere JavaScript in deinem Browser, um dieses Formular fertigzustellen.<\/noscript><div class=\"wpforms-field-container\"><div id=\"wpforms-51007-field_6-container\" class=\"wpforms-field wpforms-field-name\" data-field-id=\"6\"><label class=\"wpforms-field-label\" for=\"wpforms-51007-field_6\">Name of club <span class=\"wpforms-required-label\">*<\/span><\/label><input type=\"text\" id=\"wpforms-51007-field_6\" class=\"wpforms-field-medium wpforms-field-required\" name=\"wpforms[fields][6]\" required><\/div><div id=\"wpforms-51007-field_1-container\" class=\"wpforms-field wpforms-field-name\" data-field-id=\"1\"><label class=\"wpforms-field-label\" for=\"wpforms-51007-field_1\">Name of contact person <span class=\"wpforms-required-label\">*<\/span><\/label><input type=\"text\" id=\"wpforms-51007-field_1\" class=\"wpforms-field-medium wpforms-field-required\" name=\"wpforms[fields][1]\" required><\/div><div id=\"wpforms-51007-field_5-container\" class=\"wpforms-field wpforms-field-email\" data-field-id=\"5\"><label class=\"wpforms-field-label\">Email of contact person <span class=\"wpforms-required-label\">*<\/span><\/label><div class=\"wpforms-field-row wpforms-field-medium\"><div class=\"wpforms-field-row-block wpforms-one-half wpforms-first\"><input type=\"email\" id=\"wpforms-51007-field_5\" class=\"wpforms-field-required wpforms-field-email-primary\" name=\"wpforms[fields][5][primary]\" spellcheck=\"false\" required><label for=\"wpforms-51007-field_5\" class=\"wpforms-field-sublabel after\">E-Mail-Adresse<\/label><\/div><div class=\"wpforms-field-row-block wpforms-one-half\"><input type=\"email\" id=\"wpforms-51007-field_5-secondary\" class=\"wpforms-field-email-secondary wpforms-field-required\" data-rule-confirm=\"#wpforms-51007-field_5\" name=\"wpforms[fields][5][secondary]\" spellcheck=\"false\" required><label for=\"wpforms-51007-field_5-secondary\" class=\"wpforms-field-sublabel after\">E-Mail best\u00e4tigen<\/label><\/div><\/div><\/div><div id=\"wpforms-51007-field_21-container\" class=\"wpforms-field wpforms-field-number\" data-field-id=\"21\"><label class=\"wpforms-field-label\" for=\"wpforms-51007-field_21\">Number of swimmers <\/label><input type=\"number\" id=\"wpforms-51007-field_21\" class=\"wpforms-field-medium\" name=\"wpforms[fields][21]\" step=\"any\" ><\/div><div id=\"wpforms-51007-field_22-container\" class=\"wpforms-field wpforms-field-number\" data-field-id=\"22\"><label class=\"wpforms-field-label\" for=\"wpforms-51007-field_22\">Number of chaperones<\/label><input type=\"number\" id=\"wpforms-51007-field_22\" class=\"wpforms-field-medium\" name=\"wpforms[fields][22]\" step=\"any\" ><\/div><div id=\"wpforms-51007-field_23-container\" class=\"wpforms-field wpforms-field-name\" data-field-id=\"23\"><label class=\"wpforms-field-label\" for=\"wpforms-51007-field_23\">Date of departure <span class=\"wpforms-required-label\">*<\/span><\/label><input type=\"text\" id=\"wpforms-51007-field_23\" class=\"wpforms-field-medium wpforms-field-required\" name=\"wpforms[fields][23]\" required><\/div><div id=\"wpforms-51007-field_24-container\" class=\"wpforms-field wpforms-field-name\" data-field-id=\"24\"><label class=\"wpforms-field-label\" for=\"wpforms-51007-field_24\">Date of return <span class=\"wpforms-required-label\">*<\/span><\/label><input type=\"text\" id=\"wpforms-51007-field_24\" class=\"wpforms-field-medium wpforms-field-required\" name=\"wpforms[fields][24]\" required><\/div><div id=\"wpforms-51007-field_14-container\" class=\"wpforms-field wpforms-field-checkbox\" data-field-id=\"14\"><label class=\"wpforms-field-label\">Flexibility in travel dates <\/label><ul id=\"wpforms-51007-field_14\"><li class=\"choice-1 depth-1\"><input type=\"checkbox\" id=\"wpforms-51007-field_14_1\" name=\"wpforms[fields][14][]\" value=\"Yes\"  ><label class=\"wpforms-field-label-inline\" for=\"wpforms-51007-field_14_1\">Yes<\/label><\/li><li class=\"choice-2 depth-1\"><input type=\"checkbox\" id=\"wpforms-51007-field_14_2\" name=\"wpforms[fields][14][]\" value=\"No\"  ><label class=\"wpforms-field-label-inline\" for=\"wpforms-51007-field_14_2\">No<\/label><\/li><\/ul><\/div><div id=\"wpforms-51007-field_15-container\" class=\"wpforms-field wpforms-field-number\" data-field-id=\"15\"><label class=\"wpforms-field-label\" for=\"wpforms-51007-field_15\">Requested pool training hours <\/label><input type=\"number\" id=\"wpforms-51007-field_15\" class=\"wpforms-field-medium\" name=\"wpforms[fields][15]\" step=\"any\" ><\/div><div id=\"wpforms-51007-field_16-container\" class=\"wpforms-field wpforms-field-number\" data-field-id=\"16\"><label class=\"wpforms-field-label\" for=\"wpforms-51007-field_16\">Requested amount of pool lanes <\/label><input type=\"number\" id=\"wpforms-51007-field_16\" class=\"wpforms-field-medium\" name=\"wpforms[fields][16]\" step=\"any\" ><\/div><div id=\"wpforms-51007-field_18-container\" class=\"wpforms-field wpforms-field-checkbox\" data-field-id=\"18\"><label class=\"wpforms-field-label\">Gym\/Weight training sessions necessary<\/label><ul id=\"wpforms-51007-field_18\"><li class=\"choice-1 depth-1\"><input type=\"checkbox\" id=\"wpforms-51007-field_18_1\" name=\"wpforms[fields][18][]\" value=\"Yes\"  ><label class=\"wpforms-field-label-inline\" for=\"wpforms-51007-field_18_1\">Yes<\/label><\/li><li class=\"choice-2 depth-1\"><input type=\"checkbox\" id=\"wpforms-51007-field_18_2\" name=\"wpforms[fields][18][]\" value=\"No\"  ><label class=\"wpforms-field-label-inline\" for=\"wpforms-51007-field_18_2\">No<\/label><\/li><\/ul><\/div><div id=\"wpforms-51007-field_19-container\" class=\"wpforms-field wpforms-field-number\" data-field-id=\"19\"><label class=\"wpforms-field-label\" for=\"wpforms-51007-field_19\">Budget per person<\/label><input type=\"number\" id=\"wpforms-51007-field_19\" class=\"wpforms-field-medium\" name=\"wpforms[fields][19]\" step=\"any\" ><\/div><div id=\"wpforms-51007-field_4-container\" class=\"wpforms-field wpforms-field-textarea\" data-field-id=\"4\"><label class=\"wpforms-field-label\" for=\"wpforms-51007-field_4\">Comments<\/label><textarea id=\"wpforms-51007-field_4\" class=\"wpforms-field-medium\" name=\"wpforms[fields][4]\" ><\/textarea><\/div><\/div><!-- .wpforms-field-container --><div class=\"wpforms-submit-container\" ><input type=\"hidden\" name=\"wpforms[id]\" value=\"51007\"><input type=\"hidden\" name=\"page_title\" value=\"\"><input type=\"hidden\" name=\"page_url\" value=\"https:\/\/sportstarz-aquatics.com\/de\/wp-json\/wp\/v2\/pages\/51491\"><input type=\"hidden\" name=\"url_referer\" value=\"\"><button type=\"submit\" name=\"wpforms[submit]\" id=\"wpforms-submit-51007\" class=\"wpforms-submit\" data-alt-text=\"Sending...\" data-submit-text=\"Submit\" aria-live=\"assertive\" value=\"wpforms-submit\">Submit<\/button><img loading=\"lazy\" decoding=\"async\" src=\"https:\/\/sportstarz-aquatics.com\/wp-content\/plugins\/wpforms-lite\/assets\/images\/submit-spin.svg\" class=\"wpforms-submit-spinner\" style=\"display: none;\" width=\"26\" height=\"26\" alt=\"Wird geladen\"><\/div><\/form><\/div>  <!-- .wpforms-container -->[\/vc_column][\/vc_row][vc_row][vc_column width=&#8220;1\/2&#8243;][vc_single_image image=&#8220;40364&#8243; img_size=&#8220;500&#215;250&#8243;][\/vc_column][vc_column width=&#8220;1\/2&#8243;][vc_single_image image=&#8220;40386&#8243; img_size=&#8220;500&#215;250&#8243;][\/vc_column][\/vc_row]<\/p>\n<\/div>","protected":false},"excerpt":{"rendered":"<p>[vc_row][vc_column width=&#8220;1\/2&#8243;][vc_column_text css=&#8220;&#8220;]SportstarZ Aquatics ist einer der gr\u00f6\u00dften Veranstalter von Gruppenreisen in Europa. Das Ziel des SportstarZ Schwimmcamps ist es, jedem Wettkampfschwimmer eine herausfordernde, lehrreiche und sch\u00f6ne Woche zu bieten. Schwimmer, die an unseren Camps teilnehmen, erzielen Spitzenleistungen durch eine Kombination aus technischer und mentaler Ausbildung. Neben individuellen Schwimmcamps ist es auch m\u00f6glich, dass wir&hellip;<\/p>\n","protected":false},"author":42,"featured_media":0,"parent":0,"menu_order":0,"comment_status":"closed","ping_status":"closed","template":"","meta":{"_acf_changed":false,"footnotes":""},"categories":[],"tags":[],"class_list":["post-51491","page","type-page","status-publish","hentry","description-off"],"acf":[],"yoast_head":"<!-- This site is optimized with the Yoast SEO plugin v25.3 - https:\/\/yoast.com\/wordpress\/plugins\/seo\/ -->\n<title>Gruppenreisen Trainingslager f\u00fcr Vereine - SportstarZ<\/title>\n<meta name=\"description\" content=\"Gruppenreisen: Neben individuellen Schwimmcamps ist es auch m\u00f6glich, dass SportstarZ das Trainingslager f\u00fcr Ihren Verein oder Schwimmgruppe organisiert.\" \/>\n<meta name=\"robots\" content=\"index, follow, max-snippet:-1, max-image-preview:large, max-video-preview:-1\" \/>\n<link rel=\"canonical\" href=\"https:\/\/sportstarz-aquatics.com\/de\/gruppenreisen-2\/\" \/>\n<meta property=\"og:locale\" content=\"de_DE\" \/>\n<meta property=\"og:type\" content=\"article\" \/>\n<meta property=\"og:title\" content=\"Gruppenreisen Trainingslager f\u00fcr Vereine - SportstarZ\" \/>\n<meta property=\"og:description\" content=\"Gruppenreisen: Neben individuellen Schwimmcamps ist es auch m\u00f6glich, dass SportstarZ das Trainingslager f\u00fcr Ihren Verein oder Schwimmgruppe organisiert.\" \/>\n<meta property=\"og:url\" content=\"https:\/\/sportstarz-aquatics.com\/de\/gruppenreisen-2\/\" \/>\n<meta property=\"og:site_name\" content=\"SportstarZ\" \/>\n<meta property=\"article:modified_time\" content=\"2025-01-18T10:47:03+00:00\" \/>\n<meta name=\"twitter:card\" content=\"summary_large_image\" \/>\n<meta name=\"twitter:label1\" content=\"Gesch\u00e4tzte Lesezeit\" \/>\n\t<meta name=\"twitter:data1\" content=\"1\u00a0Minute\" \/>\n<script type=\"application\/ld+json\" class=\"yoast-schema-graph\">{\"@context\":\"https:\/\/schema.org\",\"@graph\":[{\"@type\":\"WebPage\",\"@id\":\"https:\/\/sportstarz-aquatics.com\/de\/gruppenreisen-2\/\",\"url\":\"https:\/\/sportstarz-aquatics.com\/de\/gruppenreisen-2\/\",\"name\":\"Gruppenreisen Trainingslager f\u00fcr Vereine - SportstarZ\",\"isPartOf\":{\"@id\":\"https:\/\/sportstarz-aquatics.com\/#website\"},\"datePublished\":\"2025-01-18T10:43:22+00:00\",\"dateModified\":\"2025-01-18T10:47:03+00:00\",\"description\":\"Gruppenreisen: Neben individuellen Schwimmcamps ist es auch m\u00f6glich, dass SportstarZ das Trainingslager f\u00fcr Ihren Verein oder Schwimmgruppe organisiert.\",\"breadcrumb\":{\"@id\":\"https:\/\/sportstarz-aquatics.com\/de\/gruppenreisen-2\/#breadcrumb\"},\"inLanguage\":\"de\",\"potentialAction\":[{\"@type\":\"ReadAction\",\"target\":[\"https:\/\/sportstarz-aquatics.com\/de\/gruppenreisen-2\/\"]}]},{\"@type\":\"BreadcrumbList\",\"@id\":\"https:\/\/sportstarz-aquatics.com\/de\/gruppenreisen-2\/#breadcrumb\",\"itemListElement\":[{\"@type\":\"ListItem\",\"position\":1,\"name\":\"Home\",\"item\":\"https:\/\/sportstarz-aquatics.com\/de\/\"},{\"@type\":\"ListItem\",\"position\":2,\"name\":\"Gruppenreisen Trainingslager f\u00fcr Vereine\"}]},{\"@type\":\"WebSite\",\"@id\":\"https:\/\/sportstarz-aquatics.com\/#website\",\"url\":\"https:\/\/sportstarz-aquatics.com\/\",\"name\":\"SportstarZ\",\"description\":\"Aquatics\",\"potentialAction\":[{\"@type\":\"SearchAction\",\"target\":{\"@type\":\"EntryPoint\",\"urlTemplate\":\"https:\/\/sportstarz-aquatics.com\/?s={search_term_string}\"},\"query-input\":{\"@type\":\"PropertyValueSpecification\",\"valueRequired\":true,\"valueName\":\"search_term_string\"}}],\"inLanguage\":\"de\"}]}<\/script>\n<!-- \/ Yoast SEO plugin. -->","yoast_head_json":{"title":"Gruppenreisen Trainingslager f\u00fcr Vereine - SportstarZ","description":"Gruppenreisen: Neben individuellen Schwimmcamps ist es auch m\u00f6glich, dass SportstarZ das Trainingslager f\u00fcr Ihren Verein oder Schwimmgruppe organisiert.","robots":{"index":"index","follow":"follow","max-snippet":"max-snippet:-1","max-image-preview":"max-image-preview:large","max-video-preview":"max-video-preview:-1"},"canonical":"https:\/\/sportstarz-aquatics.com\/de\/gruppenreisen-2\/","og_locale":"de_DE","og_type":"article","og_title":"Gruppenreisen Trainingslager f\u00fcr Vereine - SportstarZ","og_description":"Gruppenreisen: Neben individuellen Schwimmcamps ist es auch m\u00f6glich, dass SportstarZ das Trainingslager f\u00fcr Ihren Verein oder Schwimmgruppe organisiert.","og_url":"https:\/\/sportstarz-aquatics.com\/de\/gruppenreisen-2\/","og_site_name":"SportstarZ","article_modified_time":"2025-01-18T10:47:03+00:00","twitter_card":"summary_large_image","twitter_misc":{"Gesch\u00e4tzte Lesezeit":"1\u00a0Minute"},"schema":{"@context":"https:\/\/schema.org","@graph":[{"@type":"WebPage","@id":"https:\/\/sportstarz-aquatics.com\/de\/gruppenreisen-2\/","url":"https:\/\/sportstarz-aquatics.com\/de\/gruppenreisen-2\/","name":"Gruppenreisen Trainingslager f\u00fcr Vereine - SportstarZ","isPartOf":{"@id":"https:\/\/sportstarz-aquatics.com\/#website"},"datePublished":"2025-01-18T10:43:22+00:00","dateModified":"2025-01-18T10:47:03+00:00","description":"Gruppenreisen: Neben individuellen Schwimmcamps ist es auch m\u00f6glich, dass SportstarZ das Trainingslager f\u00fcr Ihren Verein oder Schwimmgruppe organisiert.","breadcrumb":{"@id":"https:\/\/sportstarz-aquatics.com\/de\/gruppenreisen-2\/#breadcrumb"},"inLanguage":"de","potentialAction":[{"@type":"ReadAction","target":["https:\/\/sportstarz-aquatics.com\/de\/gruppenreisen-2\/"]}]},{"@type":"BreadcrumbList","@id":"https:\/\/sportstarz-aquatics.com\/de\/gruppenreisen-2\/#breadcrumb","itemListElement":[{"@type":"ListItem","position":1,"name":"Home","item":"https:\/\/sportstarz-aquatics.com\/de\/"},{"@type":"ListItem","position":2,"name":"Gruppenreisen Trainingslager f\u00fcr Vereine"}]},{"@type":"WebSite","@id":"https:\/\/sportstarz-aquatics.com\/#website","url":"https:\/\/sportstarz-aquatics.com\/","name":"SportstarZ","description":"Aquatics","potentialAction":[{"@type":"SearchAction","target":{"@type":"EntryPoint","urlTemplate":"https:\/\/sportstarz-aquatics.com\/?s={search_term_string}"},"query-input":{"@type":"PropertyValueSpecification","valueRequired":true,"valueName":"search_term_string"}}],"inLanguage":"de"}]}},"_links":{"self":[{"href":"https:\/\/sportstarz-aquatics.com\/de\/wp-json\/wp\/v2\/pages\/51491","targetHints":{"allow":["GET"]}}],"collection":[{"href":"https:\/\/sportstarz-aquatics.com\/de\/wp-json\/wp\/v2\/pages"}],"about":[{"href":"https:\/\/sportstarz-aquatics.com\/de\/wp-json\/wp\/v2\/types\/page"}],"author":[{"embeddable":true,"href":"https:\/\/sportstarz-aquatics.com\/de\/wp-json\/wp\/v2\/users\/42"}],"replies":[{"embeddable":true,"href":"https:\/\/sportstarz-aquatics.com\/de\/wp-json\/wp\/v2\/comments?post=51491"}],"version-history":[{"count":2,"href":"https:\/\/sportstarz-aquatics.com\/de\/wp-json\/wp\/v2\/pages\/51491\/revisions"}],"predecessor-version":[{"id":51494,"href":"https:\/\/sportstarz-aquatics.com\/de\/wp-json\/wp\/v2\/pages\/51491\/revisions\/51494"}],"wp:attachment":[{"href":"https:\/\/sportstarz-aquatics.com\/de\/wp-json\/wp\/v2\/media?parent=51491"}],"wp:term":[{"taxonomy":"category","embeddable":true,"href":"https:\/\/sportstarz-aquatics.com\/de\/wp-json\/wp\/v2\/categories?post=51491"},{"taxonomy":"post_tag","embeddable":true,"href":"https:\/\/sportstarz-aquatics.com\/de\/wp-json\/wp\/v2\/tags?post=51491"}],"curies":[{"name":"wp","href":"https:\/\/api.w.org\/{rel}","templated":true}]}}