{"id":51314,"date":"2024-12-10T15:23:52","date_gmt":"2024-12-10T14:23:52","guid":{"rendered":"https:\/\/sportstarz-aquatics.com\/?page_id=51314"},"modified":"2024-12-10T18:45:51","modified_gmt":"2024-12-10T17:45:51","slug":"exklusive-schwimm-clinic-mit-kira-toussaint","status":"publish","type":"page","link":"https:\/\/sportstarz-aquatics.com\/de\/exklusive-schwimm-clinic-mit-kira-toussaint\/","title":{"rendered":"Exklusive Schwimm-Clinic mit Kira Toussaint"},"content":{"rendered":"<div class=\"wpb-content-wrapper\"><p>[vc_row type=&#8220;vc_default&#8220; full_width=&#8220;stretch_row_content&#8220; equal_height=&#8220;yes&#8220; bg_type=&#8220;bg_color&#8220; bg_color_value=&#8220;#f4f4f4&#8243;][vc_column width=&#8220;1\/2&#8243; css=&#8220;.vc_custom_1545332125753{padding-right: 80px !important;padding-left: 80px !important;}&#8220;]<div class=\"ult-spacer spacer-69f4c2c3ef7ec\" data-id=\"69f4c2c3ef7ec\" data-height=\"150\" data-height-mobile=\"75\" data-height-tab=\"150\" data-height-tab-portrait=\"150\" data-height-mobile-landscape=\"75\" style=\"clear:both;display:block;\"><\/div><div class=\"dt-fancy-separator title-left h1-size style-disabled\" style=\"width: 100%;\"><div class=\"dt-fancy-title\" style=\"color: #2389bc;\"><span class=\"separator-holder separator-left\"><\/span>Exklusive Schwimm-Clinic mit Kira Toussaint OLY<span class=\"separator-holder separator-right\"><\/span><\/div><\/div><div class=\"dt-fancy-separator title-left h2-size style-disabled\" style=\"width: 100%;\"><div class=\"dt-fancy-title\" style=\"color: #000000;\"><span class=\"separator-holder separator-left\"><\/span>Amsterdam (NL)<span class=\"separator-holder separator-right\"><\/span><\/div><\/div>[vc_row_inner equal_height=&#8220;yes&#8220;][\/vc_row_inner]<div class=\"ult-spacer spacer-69f4c2c3ef8c8\" data-id=\"69f4c2c3ef8c8\" data-height=\"50\" data-height-mobile=\"30\" data-height-tab=\"50\" data-height-tab-portrait=\"50\" data-height-mobile-landscape=\"30\" style=\"clear:both;display:block;\"><\/div>[vc_column_text css=&#8220;&#8220;]Bist du ein ehrgeiziger Schwimmer und m\u00f6chtest unter der Anleitung einer der besten R\u00fccken-Schwimmerinnen der Welt trainieren? Nutze jetzt deine Chance und nimm an unserem exklusiven Schwimm-Clinic mit <a href=\"https:\/\/www.worldaquatics.com\/athletes\/1008104\/kira-toussaint\">Kira Toussaint<\/a> teil! Als Olympionikin, Weltrekordhalterin und mehrfach Europameisterin nimmt dich Kira mit in ihre Welt des Spitzenschwimmens.<\/p>\n<h4 style=\"text-align: center;\"><strong>W\u00e4hrend dieses einzigartigen Clinics wirst du&#8230;<\/strong><\/h4>\n<p>[\/vc_column_text]<div class=\"standard-arrow list-divider bullet-top\"><div class=\"flex-shrink-0 flex flex-col relative items-end\">\n<div>\n<div class=\"pt-0\">\n<div class=\"gizmo-bot-avatar flex h-8 w-8 items-center justify-center overflow-hidden rounded-full\">\n<ul>\n<li class=\"relative p-1 rounded-sm flex items-center justify-center bg-token-main-surface-primary text-token-text-primary h-8 w-8\"><strong>Techniktraining:<\/strong> Verbessere deinen R\u00fcckenstil unter der pers\u00f6nlichen Anleitung von Kira. Lerne exklusive Tipps und Tricks, die du nirgendwo anders bekommst.<\/li>\n<\/ul>\n<\/div>\n<\/div>\n<\/div>\n<\/div>\n<div class=\"group\/conversation-turn relative flex w-full min-w-0 flex-col agent-turn\">\n<div class=\"flex-col gap-1 md:gap-3\">\n<div class=\"flex max-w-full flex-col flex-grow\">\n<div class=\"min-h-8 text-message flex w-full flex-col items-end gap-2 whitespace-normal break-words text-start [.text-message+&amp;]:mt-5\" dir=\"auto\" data-message-author-role=\"assistant\" data-message-id=\"ecc1dd97-8dc7-49c0-9b3a-0001b813671c\" data-message-model-slug=\"gpt-4o-mini\">\n<div class=\"flex w-full flex-col gap-1 empty:hidden first:pt-[3px]\">\n<div class=\"markdown prose w-full break-words dark:prose-invert light\">\n<ul>\n<li><strong>Einblicke eines Champions:<\/strong> Entdecke, wie Kira sich mental und physisch auf gro\u00dfe Wettk\u00e4mpfe vorbereitet.<\/li>\n<li><strong>Meet &amp; Greet:<\/strong> Stelle Kira alle deine Fragen und lasse dich von ihrer inspirierenden Geschichte motivieren.<\/li>\n<\/ul>\n<\/div>\n<\/div>\n<\/div>\n<\/div>\n<\/div>\n<\/div>\n<\/div>[vc_column_text css=&#8220;&#8220;]<\/p>\n<h4 style=\"text-align: center;\"><strong>Praktische Informationen<\/strong><\/h4>\n<p>Das Clinic ist geeignet f\u00fcr Wettkampfschwimmer im Alter von 12 bis 21 Jahren, die an ihrer Technik, Kraft und mentalen F\u00e4higkeiten arbeiten m\u00f6chten.<\/p>\n<p>\ud83d\udcc5 <strong>Datum:<\/strong> Samstag, 8. Februar 2025<br \/>\n\ud83d\udccd <strong>Ort:<\/strong> Amsterdam<br \/>\n\ud83d\udcb0 <strong>Kosten:<\/strong> \u20ac89,95<\/p>\n<ul>\n<li>\n<div class=\"flex max-w-full flex-col flex-grow\">\n<div class=\"min-h-8 text-message flex w-full flex-col items-end gap-2 whitespace-normal break-words text-start [.text-message+&amp;]:mt-5\" dir=\"auto\" data-message-author-role=\"assistant\" data-message-id=\"8741d325-e1b7-48ef-9bbe-73d514d6b38d\" data-message-model-slug=\"gpt-4o-mini\">\n<div class=\"flex w-full flex-col gap-1 empty:hidden first:pt-[3px]\">\n<div class=\"markdown prose w-full break-words dark:prose-invert light\">\n<p><em>Hinweis: Diese Clinic wird auf Niederl\u00e4ndisch und Englisch durchgef\u00fchrt.<\/em><\/p>\n<\/div>\n<\/div>\n<\/div>\n<\/div>\n<div class=\"mb-2 flex gap-3 empty:hidden -ml-2\">\n<div class=\"items-center justify-start rounded-xl p-1 flex\"><\/div>\n<\/div>\n<\/li>\n<li><em>Das Masterclass findet statt, wenn die Mindestteilnehmerzahl erreicht ist.<\/em><\/li>\n<\/ul>\n<p>&nbsp;<\/p>\n<h4 style=\"text-align: center;\"><strong><a href=\"https:\/\/sportstarz-aquatics.com\/de\/registrieren\/\">Melde dich jetzt an<\/a> und erlebe einen Tag, den du nicht so schnell vergessen wirst!<\/strong><\/h4>\n<p>[\/vc_column_text][vc_btn title=&#8220;Platz reservieren&#8220; style=&#8220;custom&#8220; custom_background=&#8220;#ffa916&#8243; custom_text=&#8220;#ffffff&#8220; shape=&#8220;round&#8220; size=&#8220;lg&#8220; align=&#8220;right&#8220; css_animation=&#8220;fadeIn&#8220; css=&#8220;&#8220; link=&#8220;url:http%3A%2F%2Fsportstarz-aquatics.com%2Finschrijven%2F|||&#8220;]<div class=\"ult-spacer spacer-69f4c2c3efa93\" data-id=\"69f4c2c3efa93\" data-height=\"100\" data-height-mobile=\"50\" data-height-tab=\"100\" data-height-tab-portrait=\"100\" data-height-mobile-landscape=\"50\" style=\"clear:both;display:block;\"><\/div>[\/vc_column][vc_column css_animation=&#8220;slideInRight&#8220; width=&#8220;1\/2&#8243; css=&#8220;.vc_custom_1733495923041{background-image: url(https:\/\/sportstarz-aquatics.com\/wp-content\/uploads\/2024\/12\/Afbeelding-van-WhatsApp-op-2024-12-01-om-12.10.30_c6a1c0ed.jpg?id=51250) !important;background-position: center !important;background-repeat: no-repeat !important;background-size: cover !important;}&#8220;]<div class=\"ult-spacer spacer-69f4c2c3efae1\" data-id=\"69f4c2c3efae1\" data-height=\"800\" data-height-mobile=\"300\" data-height-tab=\"800\" data-height-tab-portrait=\"800\" data-height-mobile-landscape=\"300\" style=\"clear:both;display:block;\"><\/div>[\/vc_column][\/vc_row]<\/p>\n<\/div>","protected":false},"excerpt":{"rendered":"<p>[vc_row type=&#8220;vc_default&#8220; full_width=&#8220;stretch_row_content&#8220; equal_height=&#8220;yes&#8220; bg_type=&#8220;bg_color&#8220; bg_color_value=&#8220;#f4f4f4&#8243;][vc_column width=&#8220;1\/2&#8243; css=&#8220;.vc_custom_1545332125753{padding-right: 80px !important;padding-left: 80px !important;}&#8220;][vc_row_inner equal_height=&#8220;yes&#8220;][\/vc_row_inner][vc_column_text css=&#8220;&#8220;]Bist du ein ehrgeiziger Schwimmer und m\u00f6chtest unter der Anleitung einer der besten R\u00fccken-Schwimmerinnen der Welt trainieren? Nutze jetzt deine Chance und nimm an unserem exklusiven Schwimm-Clinic mit Kira Toussaint teil! Als Olympionikin, Weltrekordhalterin und mehrfach Europameisterin nimmt dich Kira mit in&hellip;<\/p>\n","protected":false},"author":42,"featured_media":0,"parent":0,"menu_order":0,"comment_status":"closed","ping_status":"closed","template":"","meta":{"_acf_changed":false,"footnotes":""},"categories":[],"tags":[],"class_list":["post-51314","page","type-page","status-publish","hentry","description-off"],"acf":[],"yoast_head":"<!-- This site is optimized with the Yoast SEO plugin v25.3 - https:\/\/yoast.com\/wordpress\/plugins\/seo\/ -->\n<title>Exklusive Schwimm-Clinic mit Kira Toussaint - SportstarZ<\/title>\n<meta name=\"description\" content=\"Nutze die Chance, an einer exklusiven Schwimm-Clinic mit Olympionikin Kira Toussaint teilzunehmen. Verbessere deine Technik und erhalte wertvolle Einblicke eines Champions!\" \/>\n<meta name=\"robots\" content=\"index, follow, max-snippet:-1, max-image-preview:large, max-video-preview:-1\" \/>\n<link rel=\"canonical\" href=\"https:\/\/sportstarz-aquatics.com\/de\/exklusive-schwimm-clinic-mit-kira-toussaint\/\" \/>\n<meta property=\"og:locale\" content=\"de_DE\" \/>\n<meta property=\"og:type\" content=\"article\" \/>\n<meta property=\"og:title\" content=\"Exklusive Schwimm-Clinic mit Kira Toussaint - SportstarZ\" \/>\n<meta property=\"og:description\" content=\"Nutze die Chance, an einer exklusiven Schwimm-Clinic mit Olympionikin Kira Toussaint teilzunehmen. Verbessere deine Technik und erhalte wertvolle Einblicke eines Champions!\" \/>\n<meta property=\"og:url\" content=\"https:\/\/sportstarz-aquatics.com\/de\/exklusive-schwimm-clinic-mit-kira-toussaint\/\" \/>\n<meta property=\"og:site_name\" content=\"SportstarZ\" \/>\n<meta property=\"article:modified_time\" content=\"2024-12-10T17:45:51+00:00\" \/>\n<meta name=\"twitter:card\" content=\"summary_large_image\" \/>\n<meta name=\"twitter:label1\" content=\"Gesch\u00e4tzte Lesezeit\" \/>\n\t<meta name=\"twitter:data1\" content=\"2\u00a0Minuten\" \/>\n<script type=\"application\/ld+json\" class=\"yoast-schema-graph\">{\"@context\":\"https:\/\/schema.org\",\"@graph\":[{\"@type\":\"WebPage\",\"@id\":\"https:\/\/sportstarz-aquatics.com\/de\/exklusive-schwimm-clinic-mit-kira-toussaint\/\",\"url\":\"https:\/\/sportstarz-aquatics.com\/de\/exklusive-schwimm-clinic-mit-kira-toussaint\/\",\"name\":\"Exklusive Schwimm-Clinic mit Kira Toussaint - SportstarZ\",\"isPartOf\":{\"@id\":\"https:\/\/sportstarz-aquatics.com\/#website\"},\"datePublished\":\"2024-12-10T14:23:52+00:00\",\"dateModified\":\"2024-12-10T17:45:51+00:00\",\"description\":\"Nutze die Chance, an einer exklusiven Schwimm-Clinic mit Olympionikin Kira Toussaint teilzunehmen. Verbessere deine Technik und erhalte wertvolle Einblicke eines Champions!\",\"breadcrumb\":{\"@id\":\"https:\/\/sportstarz-aquatics.com\/de\/exklusive-schwimm-clinic-mit-kira-toussaint\/#breadcrumb\"},\"inLanguage\":\"de\",\"potentialAction\":[{\"@type\":\"ReadAction\",\"target\":[\"https:\/\/sportstarz-aquatics.com\/de\/exklusive-schwimm-clinic-mit-kira-toussaint\/\"]}]},{\"@type\":\"BreadcrumbList\",\"@id\":\"https:\/\/sportstarz-aquatics.com\/de\/exklusive-schwimm-clinic-mit-kira-toussaint\/#breadcrumb\",\"itemListElement\":[{\"@type\":\"ListItem\",\"position\":1,\"name\":\"Home\",\"item\":\"https:\/\/sportstarz-aquatics.com\/de\/\"},{\"@type\":\"ListItem\",\"position\":2,\"name\":\"Exklusive Schwimm-Clinic mit Kira Toussaint\"}]},{\"@type\":\"WebSite\",\"@id\":\"https:\/\/sportstarz-aquatics.com\/#website\",\"url\":\"https:\/\/sportstarz-aquatics.com\/\",\"name\":\"SportstarZ\",\"description\":\"Aquatics\",\"potentialAction\":[{\"@type\":\"SearchAction\",\"target\":{\"@type\":\"EntryPoint\",\"urlTemplate\":\"https:\/\/sportstarz-aquatics.com\/?s={search_term_string}\"},\"query-input\":{\"@type\":\"PropertyValueSpecification\",\"valueRequired\":true,\"valueName\":\"search_term_string\"}}],\"inLanguage\":\"de\"}]}<\/script>\n<!-- \/ Yoast SEO plugin. -->","yoast_head_json":{"title":"Exklusive Schwimm-Clinic mit Kira Toussaint - SportstarZ","description":"Nutze die Chance, an einer exklusiven Schwimm-Clinic mit Olympionikin Kira Toussaint teilzunehmen. Verbessere deine Technik und erhalte wertvolle Einblicke eines Champions!","robots":{"index":"index","follow":"follow","max-snippet":"max-snippet:-1","max-image-preview":"max-image-preview:large","max-video-preview":"max-video-preview:-1"},"canonical":"https:\/\/sportstarz-aquatics.com\/de\/exklusive-schwimm-clinic-mit-kira-toussaint\/","og_locale":"de_DE","og_type":"article","og_title":"Exklusive Schwimm-Clinic mit Kira Toussaint - SportstarZ","og_description":"Nutze die Chance, an einer exklusiven Schwimm-Clinic mit Olympionikin Kira Toussaint teilzunehmen. Verbessere deine Technik und erhalte wertvolle Einblicke eines Champions!","og_url":"https:\/\/sportstarz-aquatics.com\/de\/exklusive-schwimm-clinic-mit-kira-toussaint\/","og_site_name":"SportstarZ","article_modified_time":"2024-12-10T17:45:51+00:00","twitter_card":"summary_large_image","twitter_misc":{"Gesch\u00e4tzte Lesezeit":"2\u00a0Minuten"},"schema":{"@context":"https:\/\/schema.org","@graph":[{"@type":"WebPage","@id":"https:\/\/sportstarz-aquatics.com\/de\/exklusive-schwimm-clinic-mit-kira-toussaint\/","url":"https:\/\/sportstarz-aquatics.com\/de\/exklusive-schwimm-clinic-mit-kira-toussaint\/","name":"Exklusive Schwimm-Clinic mit Kira Toussaint - SportstarZ","isPartOf":{"@id":"https:\/\/sportstarz-aquatics.com\/#website"},"datePublished":"2024-12-10T14:23:52+00:00","dateModified":"2024-12-10T17:45:51+00:00","description":"Nutze die Chance, an einer exklusiven Schwimm-Clinic mit Olympionikin Kira Toussaint teilzunehmen. Verbessere deine Technik und erhalte wertvolle Einblicke eines Champions!","breadcrumb":{"@id":"https:\/\/sportstarz-aquatics.com\/de\/exklusive-schwimm-clinic-mit-kira-toussaint\/#breadcrumb"},"inLanguage":"de","potentialAction":[{"@type":"ReadAction","target":["https:\/\/sportstarz-aquatics.com\/de\/exklusive-schwimm-clinic-mit-kira-toussaint\/"]}]},{"@type":"BreadcrumbList","@id":"https:\/\/sportstarz-aquatics.com\/de\/exklusive-schwimm-clinic-mit-kira-toussaint\/#breadcrumb","itemListElement":[{"@type":"ListItem","position":1,"name":"Home","item":"https:\/\/sportstarz-aquatics.com\/de\/"},{"@type":"ListItem","position":2,"name":"Exklusive Schwimm-Clinic mit Kira Toussaint"}]},{"@type":"WebSite","@id":"https:\/\/sportstarz-aquatics.com\/#website","url":"https:\/\/sportstarz-aquatics.com\/","name":"SportstarZ","description":"Aquatics","potentialAction":[{"@type":"SearchAction","target":{"@type":"EntryPoint","urlTemplate":"https:\/\/sportstarz-aquatics.com\/?s={search_term_string}"},"query-input":{"@type":"PropertyValueSpecification","valueRequired":true,"valueName":"search_term_string"}}],"inLanguage":"de"}]}},"_links":{"self":[{"href":"https:\/\/sportstarz-aquatics.com\/de\/wp-json\/wp\/v2\/pages\/51314","targetHints":{"allow":["GET"]}}],"collection":[{"href":"https:\/\/sportstarz-aquatics.com\/de\/wp-json\/wp\/v2\/pages"}],"about":[{"href":"https:\/\/sportstarz-aquatics.com\/de\/wp-json\/wp\/v2\/types\/page"}],"author":[{"embeddable":true,"href":"https:\/\/sportstarz-aquatics.com\/de\/wp-json\/wp\/v2\/users\/42"}],"replies":[{"embeddable":true,"href":"https:\/\/sportstarz-aquatics.com\/de\/wp-json\/wp\/v2\/comments?post=51314"}],"version-history":[{"count":7,"href":"https:\/\/sportstarz-aquatics.com\/de\/wp-json\/wp\/v2\/pages\/51314\/revisions"}],"predecessor-version":[{"id":51328,"href":"https:\/\/sportstarz-aquatics.com\/de\/wp-json\/wp\/v2\/pages\/51314\/revisions\/51328"}],"wp:attachment":[{"href":"https:\/\/sportstarz-aquatics.com\/de\/wp-json\/wp\/v2\/media?parent=51314"}],"wp:term":[{"taxonomy":"category","embeddable":true,"href":"https:\/\/sportstarz-aquatics.com\/de\/wp-json\/wp\/v2\/categories?post=51314"},{"taxonomy":"post_tag","embeddable":true,"href":"https:\/\/sportstarz-aquatics.com\/de\/wp-json\/wp\/v2\/tags?post=51314"}],"curies":[{"name":"wp","href":"https:\/\/api.w.org\/{rel}","templated":true}]}}