{"id":42892,"date":"2019-10-21T13:58:19","date_gmt":"2019-10-21T11:58:19","guid":{"rendered":"https:\/\/sportstarz-aquatics.com\/?page_id=42892"},"modified":"2025-11-22T19:27:51","modified_gmt":"2025-11-22T18:27:51","slug":"leipzig","status":"publish","type":"page","link":"https:\/\/sportstarz-aquatics.com\/de\/leipzig\/","title":{"rendered":"Leipzig Hofwiesenbad Schwimm trainingslager"},"content":{"rendered":"<div class=\"wpb-content-wrapper\"><p>[vc_row][vc_column]<div class=\"dt-fancy-separator title-left h1-size style-disabled\" style=\"width: 100%;\"><div class=\"dt-fancy-title\" style=\"color: #2389bc;\"><span class=\"separator-holder separator-left\"><\/span>Leipzig (D) YoungstarZ &amp; JuniorstarZ<span class=\"separator-holder separator-right\"><\/span><\/div><\/div><div class=\"ult-spacer spacer-69da59e6369c5\" data-id=\"69da59e6369c5\" data-height=\"10\" data-height-mobile=\"5\" data-height-tab=\"10\" data-height-tab-portrait=\"10\" data-height-mobile-landscape=\"5\" style=\"clear:both;display:block;\"><\/div>[\/vc_column][\/vc_row][vc_row type=&#8220;vc_default&#8220; full_width=&#8220;stretch_row_content_no_spaces&#8220;][vc_column]<style type=\"text\/css\" data-type=\"the7_shortcodes-inline-css\">.gallery-shortcode.gallery-masonry-shortcode-id-9992f1644d5663c62e7ffd89a18d7474 figure,\n.gallery-shortcode.gallery-masonry-shortcode-id-9992f1644d5663c62e7ffd89a18d7474 .rollover,\n.gallery-shortcode.gallery-masonry-shortcode-id-9992f1644d5663c62e7ffd89a18d7474 img,\n.gallery-shortcode.gallery-masonry-shortcode-id-9992f1644d5663c62e7ffd89a18d7474 .gallery-rollover {\n  border-radius: 0px;\n}\n.gallery-shortcode.gallery-masonry-shortcode-id-9992f1644d5663c62e7ffd89a18d7474.enable-bg-rollover .gallery-rollover {\n  background: -webkit-linear-gradient();\n  background: linear-gradient();\n}\n.gallery-shortcode.gallery-masonry-shortcode-id-9992f1644d5663c62e7ffd89a18d7474.enable-bg-rollover.hover-scale figure .rollover:after {\n  background: -webkit-linear-gradient();\n  background: linear-gradient();\n}\n.gallery-shortcode.gallery-masonry-shortcode-id-9992f1644d5663c62e7ffd89a18d7474 .gallery-zoom-ico {\n  width: 44px;\n  height: 44px;\n  line-height: 44px;\n  border-radius: 100px;\n  margin: -22px 0 0 -22px;\n  border-width: 0px;\n  color: #ffffff;\n}\n.dt-icon-bg-on.gallery-shortcode.gallery-masonry-shortcode-id-9992f1644d5663c62e7ffd89a18d7474 .gallery-zoom-ico {\n  background: rgba(255,255,255,0.3);\n  box-shadow: none;\n}\n.gallery-shortcode.gallery-masonry-shortcode-id-9992f1644d5663c62e7ffd89a18d7474 .gallery-zoom-ico:before,\n.gallery-shortcode.gallery-masonry-shortcode-id-9992f1644d5663c62e7ffd89a18d7474 .gallery-zoom-ico span {\n  font-size: 32px;\n  line-height: 44px;\n  color: #ffffff;\n}\n.gallery-shortcode.gallery-masonry-shortcode-id-9992f1644d5663c62e7ffd89a18d7474:not(.resize-by-browser-width) .dt-css-grid {\n  grid-row-gap: 0px;\n  grid-column-gap: 0px;\n  grid-template-columns: repeat(auto-fill,minmax(,1fr));\n}\n.gallery-shortcode.gallery-masonry-shortcode-id-9992f1644d5663c62e7ffd89a18d7474:not(.resize-by-browser-width) .dt-css-grid .double-width {\n  grid-column: span 2;\n}\n.cssgridlegacy.no-cssgrid .gallery-shortcode.gallery-masonry-shortcode-id-9992f1644d5663c62e7ffd89a18d7474:not(.resize-by-browser-width) .dt-css-grid,\n.no-cssgridlegacy.no-cssgrid .gallery-shortcode.gallery-masonry-shortcode-id-9992f1644d5663c62e7ffd89a18d7474:not(.resize-by-browser-width) .dt-css-grid {\n  display: flex;\n  flex-flow: row wrap;\n  margin: 0px;\n}\n.cssgridlegacy.no-cssgrid .gallery-shortcode.gallery-masonry-shortcode-id-9992f1644d5663c62e7ffd89a18d7474:not(.resize-by-browser-width) .dt-css-grid .wf-cell,\n.no-cssgridlegacy.no-cssgrid .gallery-shortcode.gallery-masonry-shortcode-id-9992f1644d5663c62e7ffd89a18d7474:not(.resize-by-browser-width) .dt-css-grid .wf-cell {\n  flex: 1 0 ;\n  max-width: 100%;\n  padding: 0px;\n  box-sizing: border-box;\n}\n.gallery-shortcode.gallery-masonry-shortcode-id-9992f1644d5663c62e7ffd89a18d7474.resize-by-browser-width .dt-css-grid {\n  grid-template-columns: repeat(6,1fr);\n  grid-template-rows: auto;\n  grid-column-gap: 0px;\n  grid-row-gap: 0px;\n}\n.gallery-shortcode.gallery-masonry-shortcode-id-9992f1644d5663c62e7ffd89a18d7474.resize-by-browser-width .dt-css-grid .double-width {\n  grid-column: span 2;\n}\n.cssgridlegacy.no-cssgrid .gallery-shortcode.gallery-masonry-shortcode-id-9992f1644d5663c62e7ffd89a18d7474.resize-by-browser-width .dt-css-grid {\n  margin: 0px;\n}\n.cssgridlegacy.no-cssgrid .gallery-shortcode.gallery-masonry-shortcode-id-9992f1644d5663c62e7ffd89a18d7474.resize-by-browser-width .dt-css-grid .wf-cell {\n  width: 16.666666666667%;\n  padding: 0px;\n}\n.cssgridlegacy.no-cssgrid .gallery-shortcode.gallery-masonry-shortcode-id-9992f1644d5663c62e7ffd89a18d7474.resize-by-browser-width .dt-css-grid .wf-cell.double-width {\n  width: calc(16.666666666667%) * 2;\n}\n.gallery-shortcode.gallery-masonry-shortcode-id-9992f1644d5663c62e7ffd89a18d7474.resize-by-browser-width:not(.centered-layout-list):not(.content-bg-on) .dt-css-grid {\n  grid-row-gap: 0px - ;\n}\n@media screen and (max-width: 1199px) {\n  .gallery-shortcode.gallery-masonry-shortcode-id-9992f1644d5663c62e7ffd89a18d7474.resize-by-browser-width .dt-css-grid {\n    grid-template-columns: repeat(4,1fr);\n  }\n  .cssgridlegacy.no-cssgrid .gallery-shortcode.gallery-masonry-shortcode-id-9992f1644d5663c62e7ffd89a18d7474.resize-by-browser-width .dt-css-grid .wf-cell,\n  .no-cssgridlegacy.no-cssgrid .gallery-shortcode.gallery-masonry-shortcode-id-9992f1644d5663c62e7ffd89a18d7474.resize-by-browser-width .dt-css-grid .wf-cell {\n    width: 25%;\n  }\n  .cssgridlegacy.no-cssgrid .gallery-shortcode.gallery-masonry-shortcode-id-9992f1644d5663c62e7ffd89a18d7474.resize-by-browser-width .dt-css-grid .wf-cell.double-width,\n  .no-cssgridlegacy.no-cssgrid .gallery-shortcode.gallery-masonry-shortcode-id-9992f1644d5663c62e7ffd89a18d7474.resize-by-browser-width .dt-css-grid .wf-cell.double-width {\n    width: calc(25%)*2;\n  }\n}\n@media screen and (max-width: 991px) {\n  .gallery-shortcode.gallery-masonry-shortcode-id-9992f1644d5663c62e7ffd89a18d7474.resize-by-browser-width .dt-css-grid {\n    grid-template-columns: repeat(3,1fr);\n  }\n  .cssgridlegacy.no-cssgrid .gallery-shortcode.gallery-masonry-shortcode-id-9992f1644d5663c62e7ffd89a18d7474.resize-by-browser-width .dt-css-grid .wf-cell,\n  .no-cssgridlegacy.no-cssgrid .gallery-shortcode.gallery-masonry-shortcode-id-9992f1644d5663c62e7ffd89a18d7474.resize-by-browser-width .dt-css-grid .wf-cell {\n    width: 33.333333333333%;\n  }\n  .cssgridlegacy.no-cssgrid .gallery-shortcode.gallery-masonry-shortcode-id-9992f1644d5663c62e7ffd89a18d7474.resize-by-browser-width .dt-css-grid .wf-cell.double-width,\n  .no-cssgridlegacy.no-cssgrid .gallery-shortcode.gallery-masonry-shortcode-id-9992f1644d5663c62e7ffd89a18d7474.resize-by-browser-width .dt-css-grid .wf-cell.double-width {\n    width: calc(33.333333333333%)*2;\n  }\n}\n@media screen and (max-width: 767px) {\n  .gallery-shortcode.gallery-masonry-shortcode-id-9992f1644d5663c62e7ffd89a18d7474.resize-by-browser-width .dt-css-grid {\n    grid-template-columns: repeat(2,1fr);\n  }\n  .cssgridlegacy.no-cssgrid .gallery-shortcode.gallery-masonry-shortcode-id-9992f1644d5663c62e7ffd89a18d7474.resize-by-browser-width .dt-css-grid .wf-cell,\n  .no-cssgridlegacy.no-cssgrid .gallery-shortcode.gallery-masonry-shortcode-id-9992f1644d5663c62e7ffd89a18d7474.resize-by-browser-width .dt-css-grid .wf-cell {\n    width: 50%;\n  }\n  .cssgridlegacy.no-cssgrid .gallery-shortcode.gallery-masonry-shortcode-id-9992f1644d5663c62e7ffd89a18d7474.resize-by-browser-width .dt-css-grid .wf-cell.double-width,\n  .no-cssgridlegacy.no-cssgrid .gallery-shortcode.gallery-masonry-shortcode-id-9992f1644d5663c62e7ffd89a18d7474.resize-by-browser-width .dt-css-grid .wf-cell.double-width {\n    width: calc(50%)*2;\n  }\n}\n<\/style><div class=\"gallery-shortcode dt-gallery-container gallery-masonry-shortcode-id-9992f1644d5663c62e7ffd89a18d7474 mode-masonry jquery-filter dt-icon-bg-off quick-scale-img enable-bg-rollover resize-by-browser-width  hover-fade loading-effect-none description-on-hover\" data-padding=\"0px\" data-cur-page=\"1\" data-post-limit=\"-1\" data-pagination-mode=\"none\" data-desktop-columns-num=\"6\" data-v-tablet-columns-num=\"3\" data-h-tablet-columns-num=\"4\" data-phone-columns-num=\"2\" data-width=\"0px\" data-columns=\"0\"><div class=\"iso-container\" ><\/div><!-- iso-container|iso-grid --><\/div>[\/vc_column][\/vc_row][vc_row type=&#8220;vc_default&#8220; full_width=&#8220;stretch_row_content&#8220; equal_height=&#8220;yes&#8220; bg_type=&#8220;bg_color&#8220; bg_color_value=&#8220;#f4f4f4&#8243;][vc_column width=&#8220;1\/2&#8243; css=&#8220;.vc_custom_1545332125753{padding-right: 80px !important;padding-left: 80px !important;}&#8220;][vc_row_inner equal_height=&#8220;yes&#8220;][\/vc_row_inner]<div class=\"ult-spacer spacer-69da59e638072\" data-id=\"69da59e638072\" data-height=\"150\" data-height-mobile=\"75\" data-height-tab=\"150\" data-height-tab-portrait=\"150\" data-height-mobile-landscape=\"75\" style=\"clear:both;display:block;\"><\/div><div class=\"dt-fancy-separator title-left h1-size style-disabled\" style=\"width: 100%;\"><div class=\"dt-fancy-title\" style=\"color: #2389bc;\"><span class=\"separator-holder separator-left\"><\/span>Leipzig (D)<span class=\"separator-holder separator-right\"><\/span><\/div><\/div><div class=\"dt-fancy-separator title-left h2-size style-disabled\" style=\"width: 100%;\"><div class=\"dt-fancy-title\" style=\"color: #000000;\"><span class=\"separator-holder separator-left\"><\/span>Hofwiesenbad (Gera)<span class=\"separator-holder separator-right\"><\/span><\/div><\/div><div class=\"ult-spacer spacer-69da59e638160\" data-id=\"69da59e638160\" data-height=\"25\" data-height-mobile=\"15\" data-height-tab=\"25\" data-height-tab-portrait=\"25\" data-height-mobile-landscape=\"15\" style=\"clear:both;display:block;\"><\/div><div class=\"ult-spacer spacer-69da59e63819a\" data-id=\"69da59e63819a\" data-height=\"100\" data-height-mobile=\"50\" data-height-tab=\"100\" data-height-tab-portrait=\"100\" data-height-mobile-landscape=\"50\" style=\"clear:both;display:block;\"><\/div>[vc_column_text]Ab dem kommenden Sommer wird SportstarZ ein Schwimm trainingslager in Deutschland anbieten. Genauer ausgedr\u00fcckt befindet sich das Schwimmbad im Stadtteil Leipzig, in der N\u00e4he von Berlin im Osten Deutschlands. In Gera um genau zu sein<\/p>\n<p>Als einer der wichtigsten Industrie- und Gewerbestandorte nahm die Bev\u00f6lkerung der Stadt in der zweiten H\u00e4lfte des 19. Jahrhunderts dramatisch zu. Damals entwickelten in gera um genau zu sein sich aus ehemaligen Vororten aufstrebende Viertel. Die Badem\u00f6glichkeiten in Leipzig sind hervorragend! Es gibt ein 6&#215;50 Meter gro\u00dfes Schwimmbad, beide zu Fu\u00df vom Hotel aus erreichbar.<\/p>\n<p>&nbsp;<\/p>\n<p>&nbsp;<\/p>\n<p>&nbsp;<\/p>\n<h4 style=\"text-align: center;\">SportstarZ Leipzig JuniorstarZ &amp; YoungstarZ<\/h4>\n<p>[\/vc_column_text]<div class=\"ult-spacer spacer-69da59e6381cd\" data-id=\"69da59e6381cd\" data-height=\"100\" data-height-mobile=\"50\" data-height-tab=\"100\" data-height-tab-portrait=\"100\" data-height-mobile-landscape=\"50\" style=\"clear:both;display:block;\"><\/div>[\/vc_column][vc_column css_animation=&#8220;slideInRight&#8220; width=&#8220;1\/2&#8243; css=&#8220;.vc_custom_1571658582139{background-image: url(https:\/\/sportstarz-aquatics.com\/wp-content\/uploads\/2019\/10\/Hofwiesenbad_sportbad_50m-schwimmbecken_wettkaempfe-011.jpg?id=42739) !important;background-position: center !important;background-repeat: no-repeat !important;background-size: cover !important;}&#8220;]<div class=\"ult-spacer spacer-69da59e638234\" data-id=\"69da59e638234\" data-height=\"800\" data-height-mobile=\"300\" data-height-tab=\"800\" data-height-tab-portrait=\"800\" data-height-mobile-landscape=\"300\" style=\"clear:both;display:block;\"><\/div>[\/vc_column][\/vc_row][vc_row type=&#8220;vc_default&#8220; full_width=&#8220;stretch_row_content&#8220; equal_height=&#8220;yes&#8220; bg_type=&#8220;bg_color&#8220; bg_color_value=&#8220;#f4f4f4&#8243;][vc_column css_animation=&#8220;slideInLeft&#8220; width=&#8220;1\/2&#8243; css=&#8220;.vc_custom_1572611653362{background-image: url(https:\/\/sportstarz-aquatics.com\/wp-content\/uploads\/2019\/11\/Hofwiesenbad-Gera-2-e1572611562554.jpg?id=43095) !important;background-position: center !important;background-repeat: no-repeat !important;background-size: cover !important;}&#8220;]<div class=\"ult-spacer spacer-69da59e638267\" data-id=\"69da59e638267\" data-height=\"800\" data-height-mobile=\"300\" data-height-tab=\"800\" data-height-tab-portrait=\"800\" data-height-mobile-landscape=\"300\" style=\"clear:both;display:block;\"><\/div>[\/vc_column][vc_column width=&#8220;1\/2&#8243; css=&#8220;.vc_custom_1545332125753{padding-right: 80px !important;padding-left: 80px !important;}&#8220;][vc_row_inner equal_height=&#8220;yes&#8220;][\/vc_row_inner]<div class=\"ult-spacer spacer-69da59e638294\" data-id=\"69da59e638294\" data-height=\"150\" data-height-mobile=\"75\" data-height-tab=\"150\" data-height-tab-portrait=\"150\" data-height-mobile-landscape=\"75\" style=\"clear:both;display:block;\"><\/div><div class=\"dt-fancy-separator title-left h1-size style-disabled\" style=\"width: 100%;\"><div class=\"dt-fancy-title\" style=\"color: #2389bc;\"><span class=\"separator-holder separator-left\"><\/span>Leipzig<span class=\"separator-holder separator-right\"><\/span><\/div><\/div><div class=\"dt-fancy-separator title-left h2-size style-disabled\" style=\"width: 100%;\"><div class=\"dt-fancy-title\" style=\"color: #000000;\"><span class=\"separator-holder separator-left\"><\/span>G\u00e4stehaus Schullandheim Gera<span class=\"separator-holder separator-right\"><\/span><\/div><\/div><div class=\"ult-spacer spacer-69da59e63832e\" data-id=\"69da59e63832e\" data-height=\"25\" data-height-mobile=\"10\" data-height-tab=\"25\" data-height-tab-portrait=\"25\" data-height-mobile-landscape=\"10\" style=\"clear:both;display:block;\"><\/div>[vc_column_text]<\/p>\n<h4 style=\"text-align: center;\"><\/h4>\n<p>G\u00e4stehaus Schullandheim Gera, unserer sch\u00f6nen Unterkunft im Gr\u00fcnen von Leipzig. Nach dem Schwimmen ist es ein gro\u00dfartiger Ort, um unsere Freizeit zu verbringen. Unser G\u00e4stehaus liegt wundersch\u00f6n auf dem Land und bietet viel Platz zum Genie\u00dfen. Nat\u00fcrlich gibt es neben der sch\u00f6nen Umgebung auch genug Gelegenheit, sich auf dem Gel\u00e4nde selbst zu engagieren. Jeden Abend bieten wir Ihnen verschiedene lustige (Sport-)Aktivit\u00e4ten an.<\/p>\n<p>Die Jungen und M\u00e4dchen schlafen getrennt in gem\u00fctlichen Schlafs\u00e4len in komfortablen Stockbetten. Nachts sorgen unsere Mitarbeiter daf\u00fcr, dass jeder den notwendigen Schlaf genie\u00dfen kann, um seinen neuen Trainingstag in guter Stimmung zu beginnen. Intensives Training steigert den Appetit. Deshalb bieten wir unseren Teilnehmern jeden Tag zwei Brotmahlzeiten und ein festes warmes Abendmen\u00fc, das uns die n\u00f6tige Energie bringt.<\/p>\n<h4 style=\"text-align: center;\"><strong>WAS SIE ERWARTEN K\u00d6NNEN<\/strong><\/h4>\n<p>[\/vc_column_text]<div class=\"standard-arrow list-divider bullet-top\"><ul>\n<li>Training im besten Leipziger Schwimmbad!<\/li>\n<li>Top-Training mit Videoanalysen<\/li>\n<li>Bequemer Aufenthalt in unserem G\u00e4stehaus mit Schlafs\u00e4len<\/li>\n<li>Alles inklusive mit Fr\u00fchst\u00fccksbuffet und 3-Gang-Abendverpflegung.<\/li>\n<li>25 &#8211; 32 Schwimmerinnen und Schwimmer<\/li>\n<li>4 und 6 Persoonskamer<\/li>\n<li>Spannende Aktivit\u00e4ten am eigenen Standort<\/li>\n<\/ul>\n<\/div><div class=\"ult-spacer spacer-69da59e63844a\" data-id=\"69da59e63844a\" data-height=\"50\" data-height-mobile=\"25\" data-height-tab=\"50\" data-height-tab-portrait=\"50\" data-height-mobile-landscape=\"25\" style=\"clear:both;display:block;\"><\/div>[\/vc_column][\/vc_row][vc_row][vc_column]<div class=\"ult-spacer spacer-69da59e638480\" data-id=\"69da59e638480\" data-height=\"20\" data-height-mobile=\"10\" data-height-tab=\"20\" data-height-tab-portrait=\"20\" data-height-mobile-landscape=\"10\" style=\"clear:both;display:block;\"><\/div><div class=\"dt-fancy-separator title-left h1-size style-disabled accent-title-color\" style=\"width: 100%;\"><div class=\"dt-fancy-title\"><span class=\"separator-holder separator-left\"><\/span>Programm 2021<span class=\"separator-holder separator-right\"><\/span><\/div><\/div>[\/vc_column][\/vc_row][vc_row][vc_column]<div class=\"ult-spacer spacer-69da59e6384e8\" data-id=\"69da59e6384e8\" data-height=\"30\" data-height-mobile=\"15\" data-height-tab=\"30\" data-height-tab-portrait=\"30\" data-height-mobile-landscape=\"15\" style=\"clear:both;display:block;\"><\/div>[\/vc_column][\/vc_row][vc_row][vc_column width=&#8220;1\/2&#8243;]<div class=\"standard-arrow list-divider bullet-top\"><\/div>[\/vc_column][vc_column width=&#8220;1\/2&#8243;][vc_btn title=&#8220;Registrieren&#8220; style=&#8220;custom&#8220; custom_background=&#8220;#ffa916&#8243; custom_text=&#8220;#666666&#8243; shape=&#8220;round&#8220; size=&#8220;lg&#8220; align=&#8220;left&#8220; link=&#8220;url:https%3A%2F%2Fsportstarz-aquatics.com%2Fde%2Fregistrieren%2F|title:Inschrijven%20voor%20de%20SportstarZ%20zwemkampen||&#8220;][\/vc_column][\/vc_row][vc_row][vc_column]<div class=\"ult-spacer spacer-69da59e63856e\" data-id=\"69da59e63856e\" data-height=\"40\" data-height-mobile=\"20\" data-height-tab=\"40\" data-height-tab-portrait=\"40\" data-height-mobile-landscape=\"20\" style=\"clear:both;display:block;\"><\/div>[vc_column_text]<a href=\"https:\/\/www.facebook.com\/zwemkamp\/\">facebook<\/a>[\/vc_column_text][\/vc_column][\/vc_row]<\/p>\n<\/div>","protected":false},"excerpt":{"rendered":"<p>[vc_row][vc_column][\/vc_column][\/vc_row][vc_row type=&#8220;vc_default&#8220; full_width=&#8220;stretch_row_content_no_spaces&#8220;][vc_column][\/vc_column][\/vc_row][vc_row type=&#8220;vc_default&#8220; full_width=&#8220;stretch_row_content&#8220; equal_height=&#8220;yes&#8220; bg_type=&#8220;bg_color&#8220; bg_color_value=&#8220;#f4f4f4&#8243;][vc_column width=&#8220;1\/2&#8243; css=&#8220;.vc_custom_1545332125753{padding-right: 80px !important;padding-left: 80px !important;}&#8220;][vc_row_inner equal_height=&#8220;yes&#8220;][\/vc_row_inner][vc_column_text]Ab dem kommenden Sommer wird SportstarZ ein Schwimm trainingslager in Deutschland anbieten. Genauer ausgedr\u00fcckt befindet sich das Schwimmbad im Stadtteil Leipzig, in der N\u00e4he von Berlin im Osten Deutschlands. In Gera um genau zu sein Als einer der wichtigsten Industrie- und&hellip;<\/p>\n","protected":false},"author":36,"featured_media":0,"parent":0,"menu_order":0,"comment_status":"closed","ping_status":"closed","template":"","meta":{"_acf_changed":false,"footnotes":""},"categories":[],"tags":[],"class_list":["post-42892","page","type-page","status-publish","hentry","description-off"],"acf":[],"yoast_head":"<!-- This site is optimized with the Yoast SEO plugin v25.3 - https:\/\/yoast.com\/wordpress\/plugins\/seo\/ -->\n<title>Leipzig Hofwiesenbad Schwimm trainingslager - SportstarZ<\/title>\n<meta name=\"description\" content=\"Leipzig: Ab dem kommenden Sommer wird SportstarZ ein Schwimm trainingslager in Deutschland anbieten. Badem\u00f6glichkeiten in Leipzig sind hervorragend!\" \/>\n<meta name=\"robots\" content=\"index, follow, max-snippet:-1, max-image-preview:large, max-video-preview:-1\" \/>\n<link rel=\"canonical\" href=\"https:\/\/sportstarz-aquatics.com\/de\/leipzig\/\" \/>\n<meta property=\"og:locale\" content=\"de_DE\" \/>\n<meta property=\"og:type\" content=\"article\" \/>\n<meta property=\"og:title\" content=\"Leipzig Hofwiesenbad Schwimm trainingslager - SportstarZ\" \/>\n<meta property=\"og:description\" content=\"Leipzig: Ab dem kommenden Sommer wird SportstarZ ein Schwimm trainingslager in Deutschland anbieten. Badem\u00f6glichkeiten in Leipzig sind hervorragend!\" \/>\n<meta property=\"og:url\" content=\"https:\/\/sportstarz-aquatics.com\/de\/leipzig\/\" \/>\n<meta property=\"og:site_name\" content=\"SportstarZ\" \/>\n<meta property=\"article:modified_time\" content=\"2025-11-22T18:27:51+00:00\" \/>\n<meta name=\"twitter:card\" content=\"summary_large_image\" \/>\n<meta name=\"twitter:label1\" content=\"Gesch\u00e4tzte Lesezeit\" \/>\n\t<meta name=\"twitter:data1\" content=\"3\u00a0Minuten\" \/>\n<script type=\"application\/ld+json\" class=\"yoast-schema-graph\">{\"@context\":\"https:\/\/schema.org\",\"@graph\":[{\"@type\":\"WebPage\",\"@id\":\"https:\/\/sportstarz-aquatics.com\/de\/leipzig\/\",\"url\":\"https:\/\/sportstarz-aquatics.com\/de\/leipzig\/\",\"name\":\"Leipzig Hofwiesenbad Schwimm trainingslager - SportstarZ\",\"isPartOf\":{\"@id\":\"https:\/\/sportstarz-aquatics.com\/#website\"},\"datePublished\":\"2019-10-21T11:58:19+00:00\",\"dateModified\":\"2025-11-22T18:27:51+00:00\",\"description\":\"Leipzig: Ab dem kommenden Sommer wird SportstarZ ein Schwimm trainingslager in Deutschland anbieten. Badem\u00f6glichkeiten in Leipzig sind hervorragend!\",\"breadcrumb\":{\"@id\":\"https:\/\/sportstarz-aquatics.com\/de\/leipzig\/#breadcrumb\"},\"inLanguage\":\"de\",\"potentialAction\":[{\"@type\":\"ReadAction\",\"target\":[\"https:\/\/sportstarz-aquatics.com\/de\/leipzig\/\"]}]},{\"@type\":\"BreadcrumbList\",\"@id\":\"https:\/\/sportstarz-aquatics.com\/de\/leipzig\/#breadcrumb\",\"itemListElement\":[{\"@type\":\"ListItem\",\"position\":1,\"name\":\"Home\",\"item\":\"https:\/\/sportstarz-aquatics.com\/de\/\"},{\"@type\":\"ListItem\",\"position\":2,\"name\":\"Leipzig Hofwiesenbad Schwimm trainingslager\"}]},{\"@type\":\"WebSite\",\"@id\":\"https:\/\/sportstarz-aquatics.com\/#website\",\"url\":\"https:\/\/sportstarz-aquatics.com\/\",\"name\":\"SportstarZ\",\"description\":\"Aquatics\",\"potentialAction\":[{\"@type\":\"SearchAction\",\"target\":{\"@type\":\"EntryPoint\",\"urlTemplate\":\"https:\/\/sportstarz-aquatics.com\/?s={search_term_string}\"},\"query-input\":{\"@type\":\"PropertyValueSpecification\",\"valueRequired\":true,\"valueName\":\"search_term_string\"}}],\"inLanguage\":\"de\"}]}<\/script>\n<!-- \/ Yoast SEO plugin. -->","yoast_head_json":{"title":"Leipzig Hofwiesenbad Schwimm trainingslager - SportstarZ","description":"Leipzig: Ab dem kommenden Sommer wird SportstarZ ein Schwimm trainingslager in Deutschland anbieten. Badem\u00f6glichkeiten in Leipzig sind hervorragend!","robots":{"index":"index","follow":"follow","max-snippet":"max-snippet:-1","max-image-preview":"max-image-preview:large","max-video-preview":"max-video-preview:-1"},"canonical":"https:\/\/sportstarz-aquatics.com\/de\/leipzig\/","og_locale":"de_DE","og_type":"article","og_title":"Leipzig Hofwiesenbad Schwimm trainingslager - SportstarZ","og_description":"Leipzig: Ab dem kommenden Sommer wird SportstarZ ein Schwimm trainingslager in Deutschland anbieten. Badem\u00f6glichkeiten in Leipzig sind hervorragend!","og_url":"https:\/\/sportstarz-aquatics.com\/de\/leipzig\/","og_site_name":"SportstarZ","article_modified_time":"2025-11-22T18:27:51+00:00","twitter_card":"summary_large_image","twitter_misc":{"Gesch\u00e4tzte Lesezeit":"3\u00a0Minuten"},"schema":{"@context":"https:\/\/schema.org","@graph":[{"@type":"WebPage","@id":"https:\/\/sportstarz-aquatics.com\/de\/leipzig\/","url":"https:\/\/sportstarz-aquatics.com\/de\/leipzig\/","name":"Leipzig Hofwiesenbad Schwimm trainingslager - SportstarZ","isPartOf":{"@id":"https:\/\/sportstarz-aquatics.com\/#website"},"datePublished":"2019-10-21T11:58:19+00:00","dateModified":"2025-11-22T18:27:51+00:00","description":"Leipzig: Ab dem kommenden Sommer wird SportstarZ ein Schwimm trainingslager in Deutschland anbieten. Badem\u00f6glichkeiten in Leipzig sind hervorragend!","breadcrumb":{"@id":"https:\/\/sportstarz-aquatics.com\/de\/leipzig\/#breadcrumb"},"inLanguage":"de","potentialAction":[{"@type":"ReadAction","target":["https:\/\/sportstarz-aquatics.com\/de\/leipzig\/"]}]},{"@type":"BreadcrumbList","@id":"https:\/\/sportstarz-aquatics.com\/de\/leipzig\/#breadcrumb","itemListElement":[{"@type":"ListItem","position":1,"name":"Home","item":"https:\/\/sportstarz-aquatics.com\/de\/"},{"@type":"ListItem","position":2,"name":"Leipzig Hofwiesenbad Schwimm trainingslager"}]},{"@type":"WebSite","@id":"https:\/\/sportstarz-aquatics.com\/#website","url":"https:\/\/sportstarz-aquatics.com\/","name":"SportstarZ","description":"Aquatics","potentialAction":[{"@type":"SearchAction","target":{"@type":"EntryPoint","urlTemplate":"https:\/\/sportstarz-aquatics.com\/?s={search_term_string}"},"query-input":{"@type":"PropertyValueSpecification","valueRequired":true,"valueName":"search_term_string"}}],"inLanguage":"de"}]}},"_links":{"self":[{"href":"https:\/\/sportstarz-aquatics.com\/de\/wp-json\/wp\/v2\/pages\/42892","targetHints":{"allow":["GET"]}}],"collection":[{"href":"https:\/\/sportstarz-aquatics.com\/de\/wp-json\/wp\/v2\/pages"}],"about":[{"href":"https:\/\/sportstarz-aquatics.com\/de\/wp-json\/wp\/v2\/types\/page"}],"author":[{"embeddable":true,"href":"https:\/\/sportstarz-aquatics.com\/de\/wp-json\/wp\/v2\/users\/36"}],"replies":[{"embeddable":true,"href":"https:\/\/sportstarz-aquatics.com\/de\/wp-json\/wp\/v2\/comments?post=42892"}],"version-history":[{"count":29,"href":"https:\/\/sportstarz-aquatics.com\/de\/wp-json\/wp\/v2\/pages\/42892\/revisions"}],"predecessor-version":[{"id":45965,"href":"https:\/\/sportstarz-aquatics.com\/de\/wp-json\/wp\/v2\/pages\/42892\/revisions\/45965"}],"wp:attachment":[{"href":"https:\/\/sportstarz-aquatics.com\/de\/wp-json\/wp\/v2\/media?parent=42892"}],"wp:term":[{"taxonomy":"category","embeddable":true,"href":"https:\/\/sportstarz-aquatics.com\/de\/wp-json\/wp\/v2\/categories?post=42892"},{"taxonomy":"post_tag","embeddable":true,"href":"https:\/\/sportstarz-aquatics.com\/de\/wp-json\/wp\/v2\/tags?post=42892"}],"curies":[{"name":"wp","href":"https:\/\/api.w.org\/{rel}","templated":true}]}}