{"id":40818,"date":"2019-07-12T13:58:20","date_gmt":"2019-07-12T11:58:20","guid":{"rendered":"https:\/\/sportstarz-aquatics.com\/?page_id=40818"},"modified":"2026-05-08T15:48:51","modified_gmt":"2026-05-08T13:48:51","slug":"saison-preise","status":"publish","type":"page","link":"https:\/\/sportstarz-aquatics.com\/de\/saison-preise\/","title":{"rendered":"Saison Preise Schwimm-trainingslager"},"content":{"rendered":"<div class=\"wpb-content-wrapper\"><p>[vc_row][vc_column]<div class=\"dt-fancy-separator title-left h1-size style-disabled\" style=\"width: 100%;\"><div class=\"dt-fancy-title\" style=\"color: #2389bc;\"><span class=\"separator-holder separator-left\"><\/span>Datum * Preise * Optionen<span class=\"separator-holder separator-right\"><\/span><\/div><\/div><div class=\"ult-spacer spacer-6a04a49cc7f8a\" data-id=\"6a04a49cc7f8a\" data-height=\"100\" data-height-mobile=\"50\" data-height-tab=\"100\" data-height-tab-portrait=\"100\" data-height-mobile-landscape=\"50\" style=\"clear:both;display:block;\"><\/div>[\/vc_column][\/vc_row][vc_row][vc_column width=&#8220;1\/2&#8243;]<div class=\"ult-spacer spacer-6a04a49cc7fcf\" data-id=\"6a04a49cc7fcf\" data-height=\"75\" data-height-mobile=\"30\" data-height-tab=\"75\" data-height-tab-portrait=\"75\" data-height-mobile-landscape=\"30\" style=\"clear:both;display:block;\"><\/div>[vc_column_text css=&#8220;&#8220;]<\/p>\n<p class=\"normal\"><span lang=\"UZ-CYR\">Saison Preise basieren sich auf das all-inclusive Schwimm-trainingslager. Preise beinhalten Vollpension, Trainingsprogramme mit Aufsicht und Coaching, Schwimmb\u00e4der, Erholungsprogramm, SportstarZ Badem\u00fctze und Wasserflasche, Nascht\u00fcten, Getr\u00e4nke, Bustransport, Reinigungskosten und Steuern.<\/span><\/p>\n<p>[\/vc_column_text][\/vc_column][vc_column width=&#8220;1\/2&#8243;][vc_single_image image=&#8220;52989&#8243; img_size=&#8220;medium&#8220; alignment=&#8220;center&#8220; css=&#8220;&#8220;][vc_column_text css=&#8220;&#8220;]<\/p>\n<h4 style=\"text-align: center;\">SportstarZ ist seit siebzehn Jahren der gr\u00f6\u00dfte in Europa.<\/h4>\n<p>[\/vc_column_text][\/vc_column][\/vc_row][vc_row][vc_column]<div class=\"ult-spacer spacer-6a04a49cc8008\" data-id=\"6a04a49cc8008\" data-height=\"50\" data-height-mobile=\"25\" data-height-tab=\"50\" data-height-tab-portrait=\"50\" data-height-mobile-landscape=\"25\" style=\"clear:both;display:block;\"><\/div><div class=\"ult-spacer spacer-6a04a49cc8039\" data-id=\"6a04a49cc8039\" data-height=\"50\" data-height-mobile=\"25\" data-height-tab=\"50\" data-height-tab-portrait=\"50\" data-height-mobile-landscape=\"25\" style=\"clear:both;display:block;\"><\/div>[vc_text_separator title=&#8220;Programm 2026&#8243; color=&#8220;orange&#8220; css=&#8220;&#8220;]<div class=\"standard-arrow list-divider bullet-top\"><h4>Sommer<\/h4>\n<ul>\n<li>13. bis 17. Juli 2026 | Technikcamp | YoungstarZ | Eindhoven\/Geldrop | 604,99 \u20ac <strong><span style=\"color: #ff6600;\">Fast ausgebucht<\/span><\/strong><\/li>\n<li>13. bis 17. Juli 2026 | Technikcamp | JuniorstarZ\/TalentstarZ | Eindhoven\/Lierop | 824,99 \u20ac <strong><span style=\"color: #ff0000;\">Au<\/span><\/strong><span style=\"color: #ff6600;\"><strong><span style=\"color: #ff0000;\">sgebucht<\/span><\/strong><\/span><\/li>\n<li>19. bis 25. Juli 2026 | Technikcamp | TalentstarZ-Exclusive | Calella (Spanien) | 1.574,99 \u20ac\u00a0<strong>(Anmeldung bis zum 28. Mai)<\/strong><\/li>\n<li>27. bis 31. Juli 2026 | Technikcamp | YoungstarZ | Eindhoven\/Geldrop | 604,99 \u20ac <strong><span style=\"color: #ff0000;\">Au<\/span><\/strong><span style=\"color: #ff6600;\"><strong><span style=\"color: #ff0000;\">sgebucht<\/span><\/strong><\/span><\/li>\n<li>27. bis 31. Juli 2026 | Technikcamp | TalentstarZ | Eindhoven\/Lierop | 864,99 \u20ac<\/li>\n<li>03. bis 07. August 2026 | Technikcamp | JuniorstarZ | Eindhoven\/Geldrop | 604,99 \u20ac <strong><span style=\"color: #ff0000;\">Au<\/span><\/strong><span style=\"color: #ff6600;\"><strong><span style=\"color: #ff0000;\">sgebucht<\/span><\/strong><\/span><\/li>\n<li>03. bis 07. August 2026 | Technikcamp | TalentstarZ | Eindhoven\/Lierop | 864,99 \u20ac<\/li>\n<li>10. bis 14. August 2026 | Technikcamp | YoungstarZ | Eindhoven\/Geldrop | 604,99 \u20ac <strong><span style=\"color: #ff6600;\">Fast ausgebucht<\/span><\/strong><\/li>\n<li>10. bis 14. August 2026 | Technikcamp | TalentstarZ | Eindhoven\/Lierop | 864,99 \u20ac<\/li>\n<li>17. bis 21. August 2026 | Technikcamp | YoungstarZ | Eindhoven\/Geldrop | 604,99 \u20ac<\/li>\n<li>17. bis 21. August 2026 | Technikcamp | TalentstarZ | Eindhoven\/Lierop | 864,99 \u20ac <strong><span style=\"color: #ff0000;\">Au<\/span><\/strong><span style=\"color: #ff6600;\"><strong><span style=\"color: #ff0000;\">sgebucht<\/span><\/strong><\/span><\/li>\n<\/ul>\n<\/div>[vc_btn title=&#8220;Registrieren&#8220; style=&#8220;custom&#8220; custom_background=&#8220;#ffa916&#8243; custom_text=&#8220;#ffffff&#8220; shape=&#8220;round&#8220; size=&#8220;lg&#8220; align=&#8220;center&#8220; css_animation=&#8220;fadeIn&#8220; link=&#8220;url:https%3A%2F%2Fsportstarz-aquatics.com%2Fde%2Fbuchen-sie-hier%2F|||&#8220;][\/vc_column][\/vc_row][vc_row][vc_column width=&#8220;1\/2&#8243;][vc_text_separator title=&#8220;Exclusiv&#8220; color=&#8220;orange&#8220;]<div class=\"standard-arrow list-divider bullet-top\"><ul>\n<li class=\"normal\"><span lang=\"UZ-CYR\">Buchungsgeb\u00fchr \u20ac 25,- pro Buchung p.p<\/span><\/li>\n<li class=\"normal\"><span lang=\"UZ-CYR\">Touristen Steuer<\/span><\/li>\n<\/ul>\n<\/div>[\/vc_column][vc_column width=&#8220;1\/2&#8243;][vc_text_separator title=&#8220;Zahlungsbedingungen&#8220; color=&#8220;orange&#8220;]<div class=\"standard-arrow list-divider bullet-top\"><ul>\n<li class=\"normal\"><span lang=\"UZ-CYR\">1. Zahlungsbedingung (45%) bei der Buchung.\u00a0 <\/span><\/li>\n<li class=\"normal\"><span lang=\"UZ-CYR\">2. Zahlungsbedingung (55%) mindestens 45 tage vor dem Anfang des Camps<\/span><\/li>\n<li class=\"normal\"><span lang=\"UZ-CYR\">Zahlung mit SOFORTbanking \/ Trustly \/ Ideal \/ Bancontact \/ Mister Cash\u00a0<\/span><\/li>\n<li class=\"normal\"><span lang=\"UZ-CYR\">Oder bank zu bank<\/span><\/li>\n<\/ul>\n<\/div><div class=\"ult-spacer spacer-6a04a49cc83b8\" data-id=\"6a04a49cc83b8\" data-height=\"35\" data-height-mobile=\"20\" data-height-tab=\"35\" data-height-tab-portrait=\"35\" data-height-mobile-landscape=\"20\" style=\"clear:both;display:block;\"><\/div>[vc_text_separator title=&#8220;Flexibele Stornierungsregelung&#8220; color=&#8220;orange&#8220; css=&#8220;&#8220;][vc_column_text css=&#8220;&#8220;]<strong>Extra Sicherheit bei Stornierung?<\/strong><\/p>\n<p>W\u00e4hlen Sie bei der Anmeldung unsere Flexible Stornierungsregelung. Gegen einen Aufpreis von 5,5\u202f% des Camp-Preises k\u00f6nnen Sie bei einer Stornierung aufgrund von Krankheit, famili\u00e4ren Umst\u00e4nden oder anderen triftigen Gr\u00fcnden (mit Nachweis) eine (teilweise) R\u00fcckerstattung erhalten.<br \/>\nDiese Regelung ist keine Versicherung, sondern ein zus\u00e4tzlicher Service von SportstarZ Aquatics.<br \/>\n<a href=\"https:\/\/sportstarz-aquatics.com\/de\/ueber-uns\/flexibele-stornierungsregelung\/\">Bedingungen ansehen<\/a>[\/vc_column_text][\/vc_column][\/vc_row][vc_row][vc_column width=&#8220;1\/2&#8243;][\/vc_column][vc_column width=&#8220;1\/2&#8243;][\/vc_column][\/vc_row][vc_row][vc_column]<div class=\"ult-spacer spacer-6a04a49cc83ef\" data-id=\"6a04a49cc83ef\" data-height=\"50\" data-height-mobile=\"25\" data-height-tab=\"50\" data-height-tab-portrait=\"50\" data-height-mobile-landscape=\"25\" style=\"clear:both;display:block;\"><\/div>[\/vc_column][\/vc_row][vc_row][vc_column][vc_column_text]<a href=\"https:\/\/www.dein-dlrp.de\/reiseplanung\/reisezeit\/schulferien-europa.html\">Schulferien Europa<\/a>[\/vc_column_text][\/vc_column][\/vc_row][vc_row][vc_column]<div class=\"ult-spacer spacer-6a04a49cc841d\" data-id=\"6a04a49cc841d\" data-height=\"50\" data-height-mobile=\"25\" data-height-tab=\"50\" data-height-tab-portrait=\"50\" data-height-mobile-landscape=\"25\" style=\"clear:both;display:block;\"><\/div>[\/vc_column][\/vc_row]<\/p>\n<\/div>","protected":false},"excerpt":{"rendered":"<p>[vc_row][vc_column][\/vc_column][\/vc_row][vc_row][vc_column width=&#8220;1\/2&#8243;][vc_column_text css=&#8220;&#8220;] Saison Preise basieren sich auf das all-inclusive Schwimm-trainingslager. Preise beinhalten Vollpension, Trainingsprogramme mit Aufsicht und Coaching, Schwimmb\u00e4der, Erholungsprogramm, SportstarZ Badem\u00fctze und Wasserflasche, Nascht\u00fcten, Getr\u00e4nke, Bustransport, Reinigungskosten und Steuern. [\/vc_column_text][\/vc_column][vc_column width=&#8220;1\/2&#8243;][vc_single_image image=&#8220;52989&#8243; img_size=&#8220;medium&#8220; alignment=&#8220;center&#8220; css=&#8220;&#8220;][vc_column_text css=&#8220;&#8220;] SportstarZ ist seit siebzehn Jahren der gr\u00f6\u00dfte in Europa. [\/vc_column_text][\/vc_column][\/vc_row][vc_row][vc_column][vc_text_separator title=&#8220;Programm 2026&#8243; color=&#8220;orange&#8220; css=&#8220;&#8220;][vc_btn title=&#8220;Registrieren&#8220; style=&#8220;custom&#8220; custom_background=&#8220;#ffa916&#8243;&hellip;<\/p>\n","protected":false},"author":36,"featured_media":0,"parent":0,"menu_order":0,"comment_status":"closed","ping_status":"closed","template":"","meta":{"_acf_changed":false,"footnotes":""},"categories":[],"tags":[],"class_list":["post-40818","page","type-page","status-publish","hentry","description-off"],"acf":[],"yoast_head":"<!-- This site is optimized with the Yoast SEO plugin v25.3 - https:\/\/yoast.com\/wordpress\/plugins\/seo\/ -->\n<title>Saison Preise Schwimm-trainingslager - SportstarZ<\/title>\n<meta name=\"description\" content=\"Saison Preise basieren sich auf das all-inclusive Schwimm-trainingslager. Preise beinhalten Vollpension und Trainingsprogramme.\" \/>\n<meta name=\"robots\" content=\"index, follow, max-snippet:-1, max-image-preview:large, max-video-preview:-1\" \/>\n<link rel=\"canonical\" href=\"https:\/\/sportstarz-aquatics.com\/de\/saison-preise\/\" \/>\n<meta property=\"og:locale\" content=\"de_DE\" \/>\n<meta property=\"og:type\" content=\"article\" \/>\n<meta property=\"og:title\" content=\"Saison Preise Schwimm-trainingslager - SportstarZ\" \/>\n<meta property=\"og:description\" content=\"Saison Preise basieren sich auf das all-inclusive Schwimm-trainingslager. Preise beinhalten Vollpension und Trainingsprogramme.\" \/>\n<meta property=\"og:url\" content=\"https:\/\/sportstarz-aquatics.com\/de\/saison-preise\/\" \/>\n<meta property=\"og:site_name\" content=\"SportstarZ\" \/>\n<meta property=\"article:modified_time\" content=\"2026-05-08T13:48:51+00:00\" \/>\n<meta name=\"twitter:card\" content=\"summary_large_image\" \/>\n<meta name=\"twitter:label1\" content=\"Gesch\u00e4tzte Lesezeit\" \/>\n\t<meta name=\"twitter:data1\" content=\"3\u00a0Minuten\" \/>\n<script type=\"application\/ld+json\" class=\"yoast-schema-graph\">{\"@context\":\"https:\/\/schema.org\",\"@graph\":[{\"@type\":\"WebPage\",\"@id\":\"https:\/\/sportstarz-aquatics.com\/de\/saison-preise\/\",\"url\":\"https:\/\/sportstarz-aquatics.com\/de\/saison-preise\/\",\"name\":\"Saison Preise Schwimm-trainingslager - SportstarZ\",\"isPartOf\":{\"@id\":\"https:\/\/sportstarz-aquatics.com\/#website\"},\"datePublished\":\"2019-07-12T11:58:20+00:00\",\"dateModified\":\"2026-05-08T13:48:51+00:00\",\"description\":\"Saison Preise basieren sich auf das all-inclusive Schwimm-trainingslager. Preise beinhalten Vollpension und Trainingsprogramme.\",\"breadcrumb\":{\"@id\":\"https:\/\/sportstarz-aquatics.com\/de\/saison-preise\/#breadcrumb\"},\"inLanguage\":\"de\",\"potentialAction\":[{\"@type\":\"ReadAction\",\"target\":[\"https:\/\/sportstarz-aquatics.com\/de\/saison-preise\/\"]}]},{\"@type\":\"BreadcrumbList\",\"@id\":\"https:\/\/sportstarz-aquatics.com\/de\/saison-preise\/#breadcrumb\",\"itemListElement\":[{\"@type\":\"ListItem\",\"position\":1,\"name\":\"Home\",\"item\":\"https:\/\/sportstarz-aquatics.com\/de\/\"},{\"@type\":\"ListItem\",\"position\":2,\"name\":\"Saison Preise Schwimm-trainingslager\"}]},{\"@type\":\"WebSite\",\"@id\":\"https:\/\/sportstarz-aquatics.com\/#website\",\"url\":\"https:\/\/sportstarz-aquatics.com\/\",\"name\":\"SportstarZ\",\"description\":\"Aquatics\",\"potentialAction\":[{\"@type\":\"SearchAction\",\"target\":{\"@type\":\"EntryPoint\",\"urlTemplate\":\"https:\/\/sportstarz-aquatics.com\/?s={search_term_string}\"},\"query-input\":{\"@type\":\"PropertyValueSpecification\",\"valueRequired\":true,\"valueName\":\"search_term_string\"}}],\"inLanguage\":\"de\"}]}<\/script>\n<!-- \/ Yoast SEO plugin. -->","yoast_head_json":{"title":"Saison Preise Schwimm-trainingslager - SportstarZ","description":"Saison Preise basieren sich auf das all-inclusive Schwimm-trainingslager. Preise beinhalten Vollpension und Trainingsprogramme.","robots":{"index":"index","follow":"follow","max-snippet":"max-snippet:-1","max-image-preview":"max-image-preview:large","max-video-preview":"max-video-preview:-1"},"canonical":"https:\/\/sportstarz-aquatics.com\/de\/saison-preise\/","og_locale":"de_DE","og_type":"article","og_title":"Saison Preise Schwimm-trainingslager - SportstarZ","og_description":"Saison Preise basieren sich auf das all-inclusive Schwimm-trainingslager. Preise beinhalten Vollpension und Trainingsprogramme.","og_url":"https:\/\/sportstarz-aquatics.com\/de\/saison-preise\/","og_site_name":"SportstarZ","article_modified_time":"2026-05-08T13:48:51+00:00","twitter_card":"summary_large_image","twitter_misc":{"Gesch\u00e4tzte Lesezeit":"3\u00a0Minuten"},"schema":{"@context":"https:\/\/schema.org","@graph":[{"@type":"WebPage","@id":"https:\/\/sportstarz-aquatics.com\/de\/saison-preise\/","url":"https:\/\/sportstarz-aquatics.com\/de\/saison-preise\/","name":"Saison Preise Schwimm-trainingslager - SportstarZ","isPartOf":{"@id":"https:\/\/sportstarz-aquatics.com\/#website"},"datePublished":"2019-07-12T11:58:20+00:00","dateModified":"2026-05-08T13:48:51+00:00","description":"Saison Preise basieren sich auf das all-inclusive Schwimm-trainingslager. Preise beinhalten Vollpension und Trainingsprogramme.","breadcrumb":{"@id":"https:\/\/sportstarz-aquatics.com\/de\/saison-preise\/#breadcrumb"},"inLanguage":"de","potentialAction":[{"@type":"ReadAction","target":["https:\/\/sportstarz-aquatics.com\/de\/saison-preise\/"]}]},{"@type":"BreadcrumbList","@id":"https:\/\/sportstarz-aquatics.com\/de\/saison-preise\/#breadcrumb","itemListElement":[{"@type":"ListItem","position":1,"name":"Home","item":"https:\/\/sportstarz-aquatics.com\/de\/"},{"@type":"ListItem","position":2,"name":"Saison Preise Schwimm-trainingslager"}]},{"@type":"WebSite","@id":"https:\/\/sportstarz-aquatics.com\/#website","url":"https:\/\/sportstarz-aquatics.com\/","name":"SportstarZ","description":"Aquatics","potentialAction":[{"@type":"SearchAction","target":{"@type":"EntryPoint","urlTemplate":"https:\/\/sportstarz-aquatics.com\/?s={search_term_string}"},"query-input":{"@type":"PropertyValueSpecification","valueRequired":true,"valueName":"search_term_string"}}],"inLanguage":"de"}]}},"_links":{"self":[{"href":"https:\/\/sportstarz-aquatics.com\/de\/wp-json\/wp\/v2\/pages\/40818","targetHints":{"allow":["GET"]}}],"collection":[{"href":"https:\/\/sportstarz-aquatics.com\/de\/wp-json\/wp\/v2\/pages"}],"about":[{"href":"https:\/\/sportstarz-aquatics.com\/de\/wp-json\/wp\/v2\/types\/page"}],"author":[{"embeddable":true,"href":"https:\/\/sportstarz-aquatics.com\/de\/wp-json\/wp\/v2\/users\/36"}],"replies":[{"embeddable":true,"href":"https:\/\/sportstarz-aquatics.com\/de\/wp-json\/wp\/v2\/comments?post=40818"}],"version-history":[{"count":151,"href":"https:\/\/sportstarz-aquatics.com\/de\/wp-json\/wp\/v2\/pages\/40818\/revisions"}],"predecessor-version":[{"id":53174,"href":"https:\/\/sportstarz-aquatics.com\/de\/wp-json\/wp\/v2\/pages\/40818\/revisions\/53174"}],"wp:attachment":[{"href":"https:\/\/sportstarz-aquatics.com\/de\/wp-json\/wp\/v2\/media?parent=40818"}],"wp:term":[{"taxonomy":"category","embeddable":true,"href":"https:\/\/sportstarz-aquatics.com\/de\/wp-json\/wp\/v2\/categories?post=40818"},{"taxonomy":"post_tag","embeddable":true,"href":"https:\/\/sportstarz-aquatics.com\/de\/wp-json\/wp\/v2\/tags?post=40818"}],"curies":[{"name":"wp","href":"https:\/\/api.w.org\/{rel}","templated":true}]}}