{"id":30171,"date":"2018-12-20T11:28:50","date_gmt":"2018-12-20T10:28:50","guid":{"rendered":"https:\/\/sportstarz-aquatics.com\/?page_id=30171"},"modified":"2025-10-04T13:21:37","modified_gmt":"2025-10-04T11:21:37","slug":"flexibele-stornierungsregelung","status":"publish","type":"page","link":"https:\/\/sportstarz-aquatics.com\/de\/ueber-uns\/flexibele-stornierungsregelung\/","title":{"rendered":"Flexibele Stornierungsregelung"},"content":{"rendered":"<div class=\"wpb-content-wrapper\"><p>[vc_row][vc_column]<div class=\"dt-fancy-separator title-left h1-size style-disabled\" style=\"width: 100%;\"><div class=\"dt-fancy-title\" style=\"color: #2389bc;\"><span class=\"separator-holder separator-left\"><\/span>Flexibele Stornierungsregelung<span class=\"separator-holder separator-right\"><\/span><\/div><\/div>[vc_column_text css=&#8220;&#8220;]SportstarZ Aquatics bietet Teilnehmern die M\u00f6glichkeit, bei der Anmeldung zus\u00e4tzliche Sicherheit durch die Flexible Stornierungsregelung zu w\u00e4hlen. Diese Regelung dient dazu, finanzielle Risiken bei einer unerwarteten Stornierung zu begrenzen \u2013 ohne dass es sich um eine Versicherung handelt.<\/p>\n<h4><strong>Was ist die Flexible Stornierungsregelung?<\/strong><\/h4>\n<p>Die Flexible Stornierungsregelung ist ein kommerzieller Zusatzservice, der gegen einen Aufpreis von 5,5 % des Reisepreises bei der Anmeldung hinzugef\u00fcgt werden kann. Die Regelung gew\u00e4hrt das Recht auf eine 100%ige R\u00fcckerstattung der Campkosten (ausgenommen Buchungsgeb\u00fchren und die Geb\u00fchr f\u00fcr die Regelung), wenn der Teilnehmer aus triftigen Gr\u00fcnden stornieren muss.<\/p>\n<h4><strong>Wann gilt die Regelung?<\/strong><\/h4>\n<p>Eine R\u00fcckerstattung im Rahmen dieser Regelung ist m\u00f6glich bei Stornierung aufgrund von:<\/p>\n<ul>\n<li>Krankheit oder Unfall des Teilnehmers (mit \u00e4rztlichem Attest).<\/li>\n<li>Todesfall eines direkten Familienmitglieds (1. oder 2. Grades).<\/li>\n<li>Schwerer Krankheit oder lebensbedrohlicher Situation eines Familienmitglieds (1. oder 2. Grades).<\/li>\n<li>Unfall oder Krankenhausaufenthalt eines Familienmitglieds (1. oder 2. Grades).<\/li>\n<\/ul>\n<h4><strong>Bedingungen f\u00fcr die Inanspruchnahme<\/strong><\/h4>\n<p>Um die Regelung in Anspruch nehmen zu k\u00f6nnen, gelten folgende Bedingungen:<\/p>\n<ul>\n<li>Die Regelung muss bei der Anmeldung ausgew\u00e4hlt und die Geb\u00fchr bezahlt worden sein.<\/li>\n<li>Die Stornierung muss schriftlich erfolgen und durch relevante Nachweise belegt werden.<\/li>\n<li>Die Meldung muss innerhalb von f\u00fcnf Werktagen nach Eintritt des Ereignisses erfolgen.<\/li>\n<\/ul>\n<h4><strong>Wichtiger Hinweis<\/strong><\/h4>\n<p>Die Flexible Stornierungsregelung ist <strong>keine Versicherung<\/strong>. Es gibt keine Versicherungspolice und keine Beteiligung eines Versicherungsunternehmens. Die Regelung ist ausschlie\u00dflich ein kommerzieller Service und unterliegt vollst\u00e4ndig den Bedingungen von SportstarZ Aquatics.<\/p>\n<h4><strong>Anmeldung mit R\u00fcckerstattungsregelung<\/strong><\/h4>\n<p>Die Flexible Stornierungsregelung kann w\u00e4hrend des Anmeldeprozesses ausgew\u00e4hlt werden. F\u00fcr Fragen oder weitere Informationen nutzen Sie bitte das Kontaktformular auf unserer Website.[\/vc_column_text][\/vc_column][\/vc_row][vc_row][vc_column][\/vc_column][\/vc_row]<\/p>\n<\/div>","protected":false},"excerpt":{"rendered":"<p>[vc_row][vc_column][vc_column_text css=&#8220;&#8220;]SportstarZ Aquatics bietet Teilnehmern die M\u00f6glichkeit, bei der Anmeldung zus\u00e4tzliche Sicherheit durch die Flexible Stornierungsregelung zu w\u00e4hlen. Diese Regelung dient dazu, finanzielle Risiken bei einer unerwarteten Stornierung zu begrenzen \u2013 ohne dass es sich um eine Versicherung handelt. Was ist die Flexible Stornierungsregelung? Die Flexible Stornierungsregelung ist ein kommerzieller Zusatzservice, der gegen einen Aufpreis&hellip;<\/p>\n","protected":false},"author":38,"featured_media":0,"parent":27897,"menu_order":6,"comment_status":"closed","ping_status":"closed","template":"","meta":{"_acf_changed":false,"footnotes":""},"categories":[],"tags":[],"class_list":["post-30171","page","type-page","status-publish","hentry","description-off"],"acf":[],"yoast_head":"<!-- This site is optimized with the Yoast SEO plugin v25.3 - https:\/\/yoast.com\/wordpress\/plugins\/seo\/ -->\n<title>Flexibele Stornierungsregelung - SportstarZ<\/title>\n<meta name=\"robots\" content=\"index, follow, max-snippet:-1, max-image-preview:large, max-video-preview:-1\" \/>\n<link rel=\"canonical\" href=\"https:\/\/sportstarz-aquatics.com\/de\/ueber-uns\/flexibele-stornierungsregelung\/\" \/>\n<meta property=\"og:locale\" content=\"de_DE\" \/>\n<meta property=\"og:type\" content=\"article\" \/>\n<meta property=\"og:title\" content=\"Flexibele Stornierungsregelung - SportstarZ\" \/>\n<meta property=\"og:description\" content=\"[vc_row][vc_column][vc_column_text css=&#8220;&#8220;]SportstarZ Aquatics bietet Teilnehmern die M\u00f6glichkeit, bei der Anmeldung zus\u00e4tzliche Sicherheit durch die Flexible Stornierungsregelung zu w\u00e4hlen. Diese Regelung dient dazu, finanzielle Risiken bei einer unerwarteten Stornierung zu begrenzen \u2013 ohne dass es sich um eine Versicherung handelt. Was ist die Flexible Stornierungsregelung? Die Flexible Stornierungsregelung ist ein kommerzieller Zusatzservice, der gegen einen Aufpreis&hellip;\" \/>\n<meta property=\"og:url\" content=\"https:\/\/sportstarz-aquatics.com\/de\/ueber-uns\/flexibele-stornierungsregelung\/\" \/>\n<meta property=\"og:site_name\" content=\"SportstarZ\" \/>\n<meta property=\"article:modified_time\" content=\"2025-10-04T11:21:37+00:00\" \/>\n<meta name=\"twitter:card\" content=\"summary_large_image\" \/>\n<meta name=\"twitter:label1\" content=\"Gesch\u00e4tzte Lesezeit\" \/>\n\t<meta name=\"twitter:data1\" content=\"2\u00a0Minuten\" \/>\n<script type=\"application\/ld+json\" class=\"yoast-schema-graph\">{\"@context\":\"https:\/\/schema.org\",\"@graph\":[{\"@type\":\"WebPage\",\"@id\":\"https:\/\/sportstarz-aquatics.com\/de\/ueber-uns\/flexibele-stornierungsregelung\/\",\"url\":\"https:\/\/sportstarz-aquatics.com\/de\/ueber-uns\/flexibele-stornierungsregelung\/\",\"name\":\"Flexibele Stornierungsregelung - SportstarZ\",\"isPartOf\":{\"@id\":\"https:\/\/sportstarz-aquatics.com\/#website\"},\"datePublished\":\"2018-12-20T10:28:50+00:00\",\"dateModified\":\"2025-10-04T11:21:37+00:00\",\"breadcrumb\":{\"@id\":\"https:\/\/sportstarz-aquatics.com\/de\/ueber-uns\/flexibele-stornierungsregelung\/#breadcrumb\"},\"inLanguage\":\"de\",\"potentialAction\":[{\"@type\":\"ReadAction\",\"target\":[\"https:\/\/sportstarz-aquatics.com\/de\/ueber-uns\/flexibele-stornierungsregelung\/\"]}]},{\"@type\":\"BreadcrumbList\",\"@id\":\"https:\/\/sportstarz-aquatics.com\/de\/ueber-uns\/flexibele-stornierungsregelung\/#breadcrumb\",\"itemListElement\":[{\"@type\":\"ListItem\",\"position\":1,\"name\":\"Home\",\"item\":\"https:\/\/sportstarz-aquatics.com\/de\/\"},{\"@type\":\"ListItem\",\"position\":2,\"name\":\"Contact formulier voor alle vragen en opmerkingen\",\"item\":\"https:\/\/sportstarz-aquatics.com\/de\/ueber-uns\/\"},{\"@type\":\"ListItem\",\"position\":3,\"name\":\"Flexibele Stornierungsregelung\"}]},{\"@type\":\"WebSite\",\"@id\":\"https:\/\/sportstarz-aquatics.com\/#website\",\"url\":\"https:\/\/sportstarz-aquatics.com\/\",\"name\":\"SportstarZ\",\"description\":\"Aquatics\",\"potentialAction\":[{\"@type\":\"SearchAction\",\"target\":{\"@type\":\"EntryPoint\",\"urlTemplate\":\"https:\/\/sportstarz-aquatics.com\/?s={search_term_string}\"},\"query-input\":{\"@type\":\"PropertyValueSpecification\",\"valueRequired\":true,\"valueName\":\"search_term_string\"}}],\"inLanguage\":\"de\"}]}<\/script>\n<!-- \/ Yoast SEO plugin. -->","yoast_head_json":{"title":"Flexibele Stornierungsregelung - SportstarZ","robots":{"index":"index","follow":"follow","max-snippet":"max-snippet:-1","max-image-preview":"max-image-preview:large","max-video-preview":"max-video-preview:-1"},"canonical":"https:\/\/sportstarz-aquatics.com\/de\/ueber-uns\/flexibele-stornierungsregelung\/","og_locale":"de_DE","og_type":"article","og_title":"Flexibele Stornierungsregelung - SportstarZ","og_description":"[vc_row][vc_column][vc_column_text css=&#8220;&#8220;]SportstarZ Aquatics bietet Teilnehmern die M\u00f6glichkeit, bei der Anmeldung zus\u00e4tzliche Sicherheit durch die Flexible Stornierungsregelung zu w\u00e4hlen. Diese Regelung dient dazu, finanzielle Risiken bei einer unerwarteten Stornierung zu begrenzen \u2013 ohne dass es sich um eine Versicherung handelt. Was ist die Flexible Stornierungsregelung? Die Flexible Stornierungsregelung ist ein kommerzieller Zusatzservice, der gegen einen Aufpreis&hellip;","og_url":"https:\/\/sportstarz-aquatics.com\/de\/ueber-uns\/flexibele-stornierungsregelung\/","og_site_name":"SportstarZ","article_modified_time":"2025-10-04T11:21:37+00:00","twitter_card":"summary_large_image","twitter_misc":{"Gesch\u00e4tzte Lesezeit":"2\u00a0Minuten"},"schema":{"@context":"https:\/\/schema.org","@graph":[{"@type":"WebPage","@id":"https:\/\/sportstarz-aquatics.com\/de\/ueber-uns\/flexibele-stornierungsregelung\/","url":"https:\/\/sportstarz-aquatics.com\/de\/ueber-uns\/flexibele-stornierungsregelung\/","name":"Flexibele Stornierungsregelung - SportstarZ","isPartOf":{"@id":"https:\/\/sportstarz-aquatics.com\/#website"},"datePublished":"2018-12-20T10:28:50+00:00","dateModified":"2025-10-04T11:21:37+00:00","breadcrumb":{"@id":"https:\/\/sportstarz-aquatics.com\/de\/ueber-uns\/flexibele-stornierungsregelung\/#breadcrumb"},"inLanguage":"de","potentialAction":[{"@type":"ReadAction","target":["https:\/\/sportstarz-aquatics.com\/de\/ueber-uns\/flexibele-stornierungsregelung\/"]}]},{"@type":"BreadcrumbList","@id":"https:\/\/sportstarz-aquatics.com\/de\/ueber-uns\/flexibele-stornierungsregelung\/#breadcrumb","itemListElement":[{"@type":"ListItem","position":1,"name":"Home","item":"https:\/\/sportstarz-aquatics.com\/de\/"},{"@type":"ListItem","position":2,"name":"Contact formulier voor alle vragen en opmerkingen","item":"https:\/\/sportstarz-aquatics.com\/de\/ueber-uns\/"},{"@type":"ListItem","position":3,"name":"Flexibele Stornierungsregelung"}]},{"@type":"WebSite","@id":"https:\/\/sportstarz-aquatics.com\/#website","url":"https:\/\/sportstarz-aquatics.com\/","name":"SportstarZ","description":"Aquatics","potentialAction":[{"@type":"SearchAction","target":{"@type":"EntryPoint","urlTemplate":"https:\/\/sportstarz-aquatics.com\/?s={search_term_string}"},"query-input":{"@type":"PropertyValueSpecification","valueRequired":true,"valueName":"search_term_string"}}],"inLanguage":"de"}]}},"_links":{"self":[{"href":"https:\/\/sportstarz-aquatics.com\/de\/wp-json\/wp\/v2\/pages\/30171","targetHints":{"allow":["GET"]}}],"collection":[{"href":"https:\/\/sportstarz-aquatics.com\/de\/wp-json\/wp\/v2\/pages"}],"about":[{"href":"https:\/\/sportstarz-aquatics.com\/de\/wp-json\/wp\/v2\/types\/page"}],"author":[{"embeddable":true,"href":"https:\/\/sportstarz-aquatics.com\/de\/wp-json\/wp\/v2\/users\/38"}],"replies":[{"embeddable":true,"href":"https:\/\/sportstarz-aquatics.com\/de\/wp-json\/wp\/v2\/comments?post=30171"}],"version-history":[{"count":18,"href":"https:\/\/sportstarz-aquatics.com\/de\/wp-json\/wp\/v2\/pages\/30171\/revisions"}],"predecessor-version":[{"id":52919,"href":"https:\/\/sportstarz-aquatics.com\/de\/wp-json\/wp\/v2\/pages\/30171\/revisions\/52919"}],"up":[{"embeddable":true,"href":"https:\/\/sportstarz-aquatics.com\/de\/wp-json\/wp\/v2\/pages\/27897"}],"wp:attachment":[{"href":"https:\/\/sportstarz-aquatics.com\/de\/wp-json\/wp\/v2\/media?parent=30171"}],"wp:term":[{"taxonomy":"category","embeddable":true,"href":"https:\/\/sportstarz-aquatics.com\/de\/wp-json\/wp\/v2\/categories?post=30171"},{"taxonomy":"post_tag","embeddable":true,"href":"https:\/\/sportstarz-aquatics.com\/de\/wp-json\/wp\/v2\/tags?post=30171"}],"curies":[{"name":"wp","href":"https:\/\/api.w.org\/{rel}","templated":true}]}}