{"id":30125,"date":"2018-12-20T11:15:37","date_gmt":"2018-12-20T10:15:37","guid":{"rendered":"https:\/\/sportstarz-aquatics.com\/?page_id=30125"},"modified":"2025-04-04T11:47:41","modified_gmt":"2025-04-04T09:47:41","slug":"faq","status":"publish","type":"page","link":"https:\/\/sportstarz-aquatics.com\/de\/ueber-uns\/faq\/","title":{"rendered":"H\u00e4ufig gestellte Fragen FAQ SportstarZ Swimming"},"content":{"rendered":"<div class=\"wpb-content-wrapper\"><p>[vc_row][vc_column]<div class=\"dt-fancy-separator title-left h1-size style-disabled\" style=\"width: 100%;\"><div class=\"dt-fancy-title\" style=\"color: #2389bc;\"><span class=\"separator-holder separator-left\"><\/span>H\u00e4ufig gestellte Fragen<span class=\"separator-holder separator-right\"><\/span><\/div><\/div><div class=\"dt-fancy-separator title-left h2-size style-disabled\" style=\"width: 100%;\"><div class=\"dt-fancy-title\" style=\"color: #000000;\"><span class=\"separator-holder separator-left\"><\/span>FAQ<span class=\"separator-holder separator-right\"><\/span><\/div><\/div><div class=\"ult-spacer spacer-69d353ac175a8\" data-id=\"69d353ac175a8\" data-height=\"60\" data-height-mobile=\"30\" data-height-tab=\"60\" data-height-tab-portrait=\"60\" data-height-mobile-landscape=\"30\" style=\"clear:both;display:block;\"><\/div>[vc_toggle title=&#8220;ICH BIN MIR NICHT SICHER OB EIN SPORTSTARZ CAMP DAS RICHTIGE F\u00dcR MEIN KIND IST?&#8220; color=&#8220;orange&#8220; css=&#8220;&#8220;]<\/p>\n<p class=\"normal\">Unser Trainingsprogramm ist geeignet f\u00fcr junge Sportschwimmer, die es gewohnt sind, mehrmals pro Woche zu trainieren. W\u00e4hrend unseres Schwimmtrainingslagers trainieren die YoungstarZ etwa 3 Stunden und die TopstarZ etwa 4 Stunden pro Tag. Dar\u00fcber hinaus konzentrieren sich unsere (Erholungs-)Aktivit\u00e4ten auf den Wassersport. Es wird Begeisterung f\u00fcr das Schwimmen sowie ein solides Fitness- und Ausdauerlevel vorausgesetzt<\/p>\n<p>[\/vc_toggle][\/vc_column][\/vc_row][vc_row][vc_column][vc_toggle title=&#8220;WANN SIND DIE CHECK-IN &amp; OUT ZEITEN?&#8220; color=&#8220;orange&#8220; css_animation=&#8220;none&#8220; css=&#8220;&#8220;]<\/p>\n<p class=\"normal\"><span lang=\"UZ-CYR\">Zwei Wochen vor dem Start des Camps werden Sie einen Voucher mit wichtigen Informationen erhalten, in dem zum Beispiel die Wegbeschreibung zu finden ist. Des Weiteren in diesem Voucher werden Sie die definitiven Zeiten finde; um welche Uhrzeit die Teilnehmer am ersten Tag erwartet werden und um wieviel Uhr sie am letzten Tag abgeholt werden k\u00f6nnen. <\/span><\/p>\n<p class=\"normal\"><span lang=\"UZ-CYR\">Als Indikation k\u00f6nnen sie die folgende Information nutzen: <\/span><\/p>\n<p class=\"normal\"><span lang=\"UZ-CYR\">Check in am ersten Tag gegen 8:45 morgens \/ Check-out am letzten Tag gegen 16:00. <em>Bitte vergessen Sie nicht: Diese Zeiten sind nur indikativ und variieren von Camp zu Camp. Benutzen Sie immer die definitiven Zeiten welche Sie auf ihrem Voucher finden den sie zwei Wochen vor Camp Start erhalten. <\/em><\/span><\/p>\n<p>[\/vc_toggle][\/vc_column][\/vc_row][vc_row][vc_column][vc_toggle title=&#8220;ICH HABE MICH MIT EINEM FREUND REGISTRIERT; WERDEN WIR IN DERSELBEN GRUPPE LANDEN?&#8220; color=&#8220;orange&#8220; css=&#8220;&#8220;]<\/p>\n<div class=\"flex max-w-full flex-col flex-grow\">\n<div class=\"min-h-[20px] text-message flex w-full flex-col items-end gap-2 whitespace-normal break-words [.text-message+&amp;]:mt-5\" dir=\"auto\" data-message-author-role=\"assistant\" data-message-id=\"06a4b6f8-4f16-4a51-89fe-a9e47a98f56a\">\n<div class=\"flex w-full flex-col gap-1 empty:hidden first:pt-[3px]\">\n<div class=\"markdown prose w-full break-words dark:prose-invert light\">\n<p>Nat\u00fcrlich macht es extra Spa\u00df, SportstarZ gemeinsam mit einem Freund zu erleben. Deshalb bieten wir viele gemeinsame Aktivit\u00e4ten voller Spa\u00df und Spannung. SportstarZ m\u00f6chte das Beste aus deiner sportlichen Leistung herausholen. Daher teilen wir die Trainingsgruppen nach Alter und F\u00e4higkeiten ein und ber\u00fccksichtigen dabei auch deine Vorlieben. Wenn du uns w\u00e4hrend der Buchung informierst, werden wir unser Bestes tun, um sicherzustellen, dass ihr entweder im selben Zimmer oder zumindest in der N\u00e4he untergebracht seid \u2013 das ist nat\u00fcrlich viel sch\u00f6ner!<\/p>\n<\/div>\n<\/div>\n<\/div>\n<\/div>\n<div class=\"mt-1 flex gap-3 empty:hidden -ml-2\">\n<div class=\"items-center justify-start rounded-xl p-1 flex\">\n<div class=\"flex items-center\">\n<p>&nbsp;<\/p>\n<div class=\"flex items-center pb-0\"><\/div>\n<\/div>\n<\/div>\n<\/div>\n<p>[\/vc_toggle][\/vc_column][\/vc_row][vc_row][vc_column][vc_toggle title=&#8220;WAS MUSS MEIN KIND MITBRINGEN; WAS WIRD IN SACHE WERTSACHEN GERATEN&#8220; color=&#8220;orange&#8220;]<\/p>\n<table border=\"0\" cellspacing=\"1\" cellpadding=\"1\">\n<tbody>\n<tr>\n<td>\n<ul>\n<li class=\"normal\"><span lang=\"UZ-CYR\">Was zu essen (am ersten Tag)<\/span><\/li>\n<li class=\"normal\"><span lang=\"UZ-CYR\">Badebekleidung (extra Sets)<\/span><\/li>\n<li class=\"normal\"><span lang=\"UZ-CYR\">Ausreichend Handt\u00fccher <\/span><\/li>\n<li class=\"normal\"><span lang=\"UZ-CYR\">Schwimmbrille<\/span><\/li>\n<li class=\"normal\"><span lang=\"UZ-CYR\">Kickboard <\/span><\/li>\n<li class=\"normal\"><span lang=\"UZ-CYR\">Pull buoy <\/span><\/li>\n<li class=\"normal\"><span lang=\"UZ-CYR\">Trainingsflossen<\/span><\/li>\n<li class=\"normal\"><span lang=\"UZ-CYR\">Schn\u00f6rkel (verkauf durch SportstarZ \u20ac 20,-) <\/span><\/li>\n<li class=\"normal\"><span lang=\"UZ-CYR\">Jogging Anzug <\/span><\/li>\n<li class=\"normal\"><span lang=\"UZ-CYR\">Sport Schuhe <\/span><\/li>\n<\/ul>\n<\/td>\n<td>\n<ul>\n<li class=\"normal\"><span lang=\"UZ-CYR\">T-shirts <\/span><\/li>\n<li class=\"normal\"><span lang=\"UZ-CYR\">Kurze Hosen \/ Shorts<\/span><\/li>\n<li class=\"normal\"><span lang=\"UZ-CYR\">Flip flops \/ slippers <\/span><\/li>\n<li class=\"normal\"><span lang=\"UZ-CYR\">Warme (Abend) Kleidung <\/span><\/li>\n<li class=\"normal\"><span lang=\"UZ-CYR\">Toilettenartikel<\/span><\/li>\n<li class=\"normal\"><span lang=\"UZ-CYR\">Permanent-Marker <\/span><\/li>\n<li class=\"normal\"><span lang=\"UZ-CYR\">Rucksack or sportsbag <\/span><\/li>\n<li class=\"normal\"><span lang=\"UZ-CYR\">Mosquito spray <\/span><\/li>\n<li class=\"normal\"><span lang=\"UZ-CYR\">SonnenCreme (Sommer) <\/span><\/li>\n<li class=\"normal\"><span lang=\"UZ-CYR\">Regenanzug (Fr\u00fchling\/Herbst)<b><\/b><\/span><\/li>\n<\/ul>\n<\/td>\n<\/tr>\n<\/tbody>\n<\/table>\n<p>&nbsp;<\/p>\n<p class=\"normal\"><a href=\"https:\/\/sportstarz-aquatics.com\/de\/informatie-voor-ouders-bij-sportstarz-zwemkamp\/\"><span lang=\"UZ-CYR\">Klicken sie hier f\u00fcr mehr Infos<\/span><\/a><\/p>\n<p class=\"normal\"><span lang=\"UZ-CYR\">Bitte lassen Sie Wertsachen daheim! Es ist m\u00f6glich Wertsachen unserer Crew anzuvertrauen, allerdings auf eigenes Risiko. <\/span><\/p>\n<p>[\/vc_toggle][\/vc_column][\/vc_row][vc_row][vc_column][vc_toggle title=&#8220;MEIN KIND SPRICHT KEIN DEUTSCH \/ ENGLISH&#8220; color=&#8220;orange&#8220; css=&#8220;&#8220;]<\/p>\n<p class=\"normal\"><span lang=\"UZ-CYR\">Wir sind ziemlich erfahren junge ausl\u00e4ndische Schwimmer willkommen zu hei\u00dfen, selbst welche die kein Deutsch sprechen. Das schwimmtrainingslager wird auch in Englischer und Niederl\u00e4ndischer Sprache angeboten.<\/span><\/p>\n<p>[\/vc_toggle][\/vc_column][\/vc_row][vc_row][vc_column][vc_toggle title=&#8220;WANN UND WO KANN ICH UBER WICHTIGE EXTRA INFORMATIONEN \u00dcBER MEIN KIND INFORMIEREN?&#8220; color=&#8220;orange&#8220; css=&#8220;&#8220;]<\/p>\n<p class=\"normal\">Wir wissen es sehr zu sch\u00e4tzen, wichtige Details \u00fcber Ihr Kind w\u00e4hrend der Buchung zu erhalten. So kann das gesamte Team rechtzeitig informiert werden. Ihr Kind wird au\u00dferdem einem Wochen-Mentor zugewiesen. Der Mentor ist die erste Kontaktperson f\u00fcr Ihr Kind und \u00fcberwacht dessen Gruppenschwimmen w\u00e4hrend der Woche. Falls Sie weitere wichtige Informationen \u00fcber Ihr Kind haben, k\u00f6nnen Sie diese w\u00e4hrend des Check-ins mit dem Mentor besprechen. Dar\u00fcber hinaus stehen unsere Aufseher zur Verf\u00fcgung, um nach dem (oft hektischen) Check-in zu helfen.<\/p>\n<p>[\/vc_toggle][\/vc_column][\/vc_row][vc_row][vc_column][vc_toggle title=&#8220;MEIN KIND NIMMT MEDIKAMENTE, WER KANN HELFEN?&#8220; color=&#8220;orange&#8220; css=&#8220;&#8220;]<\/p>\n<p class=\"normal\">Der Mentor Ihres Kindes, zusammen mit den Aufsehern, ist in der Lage, Ihrem Kind bei der Einnahme seiner Medikamente zu helfen. Der Mentor kann die Medikamente aufbewahren und Ihrem Kind dabei helfen, sich daran zu erinnern. Ein gewisses Ma\u00df an Selbstst\u00e4ndigkeit von Ihrem Kind ist jedoch erforderlich; SportstarZ kann keine Verantwortung f\u00fcr unsachgem\u00e4\u00dfen Gebrauch oder in irgendeinem Fall \u00fcbernehmen.<\/p>\n<p>[\/vc_toggle][\/vc_column][\/vc_row][vc_row][vc_column][vc_toggle title=&#8220;MEIN KIND HAT HEIMWEH; WIE WIRD SPORTSTARZ DAMIT KLAR KOMMEN?&#8220; color=&#8220;orange&#8220; css=&#8220;&#8220;]<\/p>\n<p class=\"normal\">Wir sind engagiert, Ihrem Kind ein komfortables Gef\u00fchl und eine sichere Atmosph\u00e4re zu bieten. Unsere Camps sind vergn\u00fcglich, aber intensiv, besonders wenn Schwimmer Heimweh bekommen. Erfahrungsgem\u00e4\u00df verschlimmert ein Anruf nach Hause oft das Heimweh. Daher haben wir uns entschieden, Ihr Kind zu motivieren, zu tr\u00f6sten und ihm so viel Mut wie m\u00f6glich zuzusprechen. Sollte dies nicht ausreichen, werden wir nicht z\u00f6gern, Sie zu kontaktieren, um eine L\u00f6sung zu finden. Unsere Aufseher sind rund um die Uhr \u00fcber die Notfallnummer erreichbar, die Sie auf Ihrem Voucher finden, und werden im Bedarfsfall nicht z\u00f6gern, einzugreifen<\/p>\n<p>[\/vc_toggle][\/vc_column][\/vc_row][vc_row][vc_column][vc_toggle title=&#8220;ICH W\u00dcRDE GERNE MEIN KIND \u00dcBER TELEFON KONTAKTIEREN, WANN IST DAS M\u00d6GLICH?&#8220; color=&#8220;orange&#8220; css=&#8220;&#8220;]<\/p>\n<p class=\"normal\">Wir m\u00f6chten, dass Ihr Kind sich auf den Sport, die tollen Aktivit\u00e4ten und das Miteinander einl\u00e4sst. Handys k\u00f6nnen leicht verloren gehen, kaputtgehen oder m\u00fcssen h\u00e4ufig aufgeladen werden. Daher sammeln die Aufseher alle Handys ein und bewahren sie bis zu den festgelegten Telefonzeiten sicher auf. Die genauen Zeiten werden w\u00e4hrend der Willkommensrede nach dem Check-in bekanntgegeben. Unsere Aufseher sind rund um die Uhr \u00fcber die Notfallnummer erreichbar, die auf Ihrem Voucher angegeben ist, und werden im Bedarfsfall nicht z\u00f6gern, einzugreifen.<\/p>\n<p>[\/vc_toggle][\/vc_column][\/vc_row][vc_row][vc_column][vc_toggle title=&#8220;MEIN KIND MACHT EINE SPEZIELLE DI\u00c4T \/ HAT ALLERGIEN; K\u00d6NNEN DIESE IN BETRACHT GEZOGEN WERDEN?&#8220; color=&#8220;orange&#8220; css=&#8220;&#8220;]<\/p>\n<p class=\"normal\">Bitte informieren Sie uns bei der Registrierung \u00fcber alle Allergien und speziellen Di\u00e4ten Ihres Kindes. Unser Gastronom wird dies in der Regel ber\u00fccksichtigen. Falls zus\u00e4tzliche Ern\u00e4hrung notwendig ist, k\u00f6nnen Sie uns dies mitteilen und die entsprechenden Lebensmittel mitbringen. Falls erforderlich, k\u00f6nnen unsere Aufseher diese Lebensmittel (k\u00fchl) aufbewahren.<\/p>\n<p>[\/vc_toggle][\/vc_column][\/vc_row][vc_row][vc_column][vc_toggle title=&#8220;WANN SOLL ICH BEZAHLEN?&#8220; color=&#8220;orange&#8220; css=&#8220;&#8220;]In der Best\u00e4tigungsmail, die Sie sp\u00e4testens zwei Tage nach der Registrierung Ihrer E-Mail-Adresse erhalten, werden Sie gebeten, die erste Zahlung von 45% der Rechnung zu leisten. 45 Tage vor Beginn des Camps m\u00fcssen Sie den verbleibenden Betrag von 55% bezahlen.<\/p>\n<p>Registrierungen werden in der Reihenfolge des Zahlungseingangs bearbeitet. Bei sp\u00e4terer Zahlung besteht die M\u00f6glichkeit, dass das Camp Ihrer Wahl bereits ausgebucht ist.[\/vc_toggle][\/vc_column][\/vc_row][vc_row][vc_column][vc_toggle title=&#8220;WIE KANN ICH DIE CAMP KOSTEN BEZAHLEN?&#8220; color=&#8220;orange&#8220;]<\/p>\n<p class=\"normal\"><span lang=\"UZ-CYR\">Nach dem Sie die Registrierung abgeschlossen haben, werden Sie einen Zahlungslink zu \u00a0Sofort Banking \/ Ideal \/ Mister Cash \/ Bancontact \/ \u00a0eCommerce erhalten. Wenn keine dieser Optionen f\u00fcr sie m\u00f6glich sind gibt es die option \u201cBank zu Bank\u201d f\u00fcr Sie. <\/span><\/p>\n<p>[\/vc_toggle]<div class=\"ult-spacer spacer-69d353ac175e9\" data-id=\"69d353ac175e9\" data-height=\"30\" data-height-mobile=\"15\" data-height-tab=\"30\" data-height-tab-portrait=\"30\" data-height-mobile-landscape=\"15\" style=\"clear:both;display:block;\"><\/div>[\/vc_column][\/vc_row][vc_row][vc_column width=&#8220;1\/2&#8243;][vc_column_text css=&#8220;&#8220;]H\u00e4ufig gestellte Fragen<\/p>\n<p class=\"normal\"><span lang=\"UZ-CYR\">Ist Ihre Frage nicht hier aufgelistet? Bitte <a href=\"https:\/\/sportstarz-aquatics.com\/de\/kontakt\/\">kontaktieren<\/a> sie uns.\u00a0<\/span><\/p>\n<p>[\/vc_column_text]<div class=\"ult-spacer spacer-69d353ac1761d\" data-id=\"69d353ac1761d\" data-height=\"10\" data-height-mobile=\"5\" data-height-tab=\"10\" data-height-tab-portrait=\"10\" data-height-mobile-landscape=\"5\" style=\"clear:both;display:block;\"><\/div>[vc_row_inner][vc_column_inner width=&#8220;1\/6&#8243;][vc_single_image image=&#8220;38490&#8243; img_size=&#8220;30&#215;30&#8243;][\/vc_column_inner][vc_column_inner width=&#8220;5\/6&#8243;][vc_column_text css=&#8220;&#8220;]Folgen Sie uns w\u00e4hrend des Camps auch auf <a href=\"https:\/\/www.instagram.com\/sportstarz_aquatics\/\">Instagram<\/a> und Facebook unter @sportstarz-aquatics.com.[\/vc_column_text][\/vc_column_inner][\/vc_row_inner][\/vc_column][vc_column width=&#8220;1\/2&#8243;][\/vc_column][\/vc_row][vc_row][vc_column][\/vc_column][\/vc_row]<\/p>\n<\/div>","protected":false},"excerpt":{"rendered":"<p>[vc_row][vc_column][vc_toggle title=&#8220;ICH BIN MIR NICHT SICHER OB EIN SPORTSTARZ CAMP DAS RICHTIGE F\u00dcR MEIN KIND IST?&#8220; color=&#8220;orange&#8220; css=&#8220;&#8220;] Unser Trainingsprogramm ist geeignet f\u00fcr junge Sportschwimmer, die es gewohnt sind, mehrmals pro Woche zu trainieren. W\u00e4hrend unseres Schwimmtrainingslagers trainieren die YoungstarZ etwa 3 Stunden und die TopstarZ etwa 4 Stunden pro Tag. Dar\u00fcber hinaus konzentrieren sich&hellip;<\/p>\n","protected":false},"author":38,"featured_media":0,"parent":27897,"menu_order":1,"comment_status":"closed","ping_status":"closed","template":"","meta":{"_acf_changed":false,"footnotes":""},"categories":[],"tags":[],"class_list":["post-30125","page","type-page","status-publish","hentry","description-off"],"acf":[],"yoast_head":"<!-- This site is optimized with the Yoast SEO plugin v25.3 - https:\/\/yoast.com\/wordpress\/plugins\/seo\/ -->\n<title>H\u00e4ufig gestellte Fragen FAQ SportstarZ Swimming - SportstarZ<\/title>\n<meta name=\"description\" content=\"faq H\u00e4ufig gestellte Fragen Unser Trainingsprogramm Sportschwimmer.\" \/>\n<meta name=\"robots\" content=\"index, follow, max-snippet:-1, max-image-preview:large, max-video-preview:-1\" \/>\n<link rel=\"canonical\" href=\"https:\/\/sportstarz-aquatics.com\/de\/ueber-uns\/faq\/\" \/>\n<meta property=\"og:locale\" content=\"de_DE\" \/>\n<meta property=\"og:type\" content=\"article\" \/>\n<meta property=\"og:title\" content=\"H\u00e4ufig gestellte Fragen FAQ SportstarZ Swimming - SportstarZ\" \/>\n<meta property=\"og:description\" content=\"faq H\u00e4ufig gestellte Fragen Unser Trainingsprogramm Sportschwimmer.\" \/>\n<meta property=\"og:url\" content=\"https:\/\/sportstarz-aquatics.com\/de\/ueber-uns\/faq\/\" \/>\n<meta property=\"og:site_name\" content=\"SportstarZ\" \/>\n<meta property=\"article:modified_time\" content=\"2025-04-04T09:47:41+00:00\" \/>\n<meta name=\"twitter:card\" content=\"summary_large_image\" \/>\n<meta name=\"twitter:label1\" content=\"Gesch\u00e4tzte Lesezeit\" \/>\n\t<meta name=\"twitter:data1\" content=\"6\u00a0Minuten\" \/>\n<script type=\"application\/ld+json\" class=\"yoast-schema-graph\">{\"@context\":\"https:\/\/schema.org\",\"@graph\":[{\"@type\":\"WebPage\",\"@id\":\"https:\/\/sportstarz-aquatics.com\/de\/ueber-uns\/faq\/\",\"url\":\"https:\/\/sportstarz-aquatics.com\/de\/ueber-uns\/faq\/\",\"name\":\"H\u00e4ufig gestellte Fragen FAQ SportstarZ Swimming - SportstarZ\",\"isPartOf\":{\"@id\":\"https:\/\/sportstarz-aquatics.com\/#website\"},\"datePublished\":\"2018-12-20T10:15:37+00:00\",\"dateModified\":\"2025-04-04T09:47:41+00:00\",\"description\":\"faq H\u00e4ufig gestellte Fragen Unser Trainingsprogramm Sportschwimmer.\",\"breadcrumb\":{\"@id\":\"https:\/\/sportstarz-aquatics.com\/de\/ueber-uns\/faq\/#breadcrumb\"},\"inLanguage\":\"de\",\"potentialAction\":[{\"@type\":\"ReadAction\",\"target\":[\"https:\/\/sportstarz-aquatics.com\/de\/ueber-uns\/faq\/\"]}]},{\"@type\":\"BreadcrumbList\",\"@id\":\"https:\/\/sportstarz-aquatics.com\/de\/ueber-uns\/faq\/#breadcrumb\",\"itemListElement\":[{\"@type\":\"ListItem\",\"position\":1,\"name\":\"Home\",\"item\":\"https:\/\/sportstarz-aquatics.com\/de\/\"},{\"@type\":\"ListItem\",\"position\":2,\"name\":\"Contact formulier voor alle vragen en opmerkingen\",\"item\":\"https:\/\/sportstarz-aquatics.com\/de\/ueber-uns\/\"},{\"@type\":\"ListItem\",\"position\":3,\"name\":\"H\u00e4ufig gestellte Fragen FAQ SportstarZ Swimming\"}]},{\"@type\":\"WebSite\",\"@id\":\"https:\/\/sportstarz-aquatics.com\/#website\",\"url\":\"https:\/\/sportstarz-aquatics.com\/\",\"name\":\"SportstarZ\",\"description\":\"Aquatics\",\"potentialAction\":[{\"@type\":\"SearchAction\",\"target\":{\"@type\":\"EntryPoint\",\"urlTemplate\":\"https:\/\/sportstarz-aquatics.com\/?s={search_term_string}\"},\"query-input\":{\"@type\":\"PropertyValueSpecification\",\"valueRequired\":true,\"valueName\":\"search_term_string\"}}],\"inLanguage\":\"de\"}]}<\/script>\n<!-- \/ Yoast SEO plugin. -->","yoast_head_json":{"title":"H\u00e4ufig gestellte Fragen FAQ SportstarZ Swimming - SportstarZ","description":"faq H\u00e4ufig gestellte Fragen Unser Trainingsprogramm Sportschwimmer.","robots":{"index":"index","follow":"follow","max-snippet":"max-snippet:-1","max-image-preview":"max-image-preview:large","max-video-preview":"max-video-preview:-1"},"canonical":"https:\/\/sportstarz-aquatics.com\/de\/ueber-uns\/faq\/","og_locale":"de_DE","og_type":"article","og_title":"H\u00e4ufig gestellte Fragen FAQ SportstarZ Swimming - SportstarZ","og_description":"faq H\u00e4ufig gestellte Fragen Unser Trainingsprogramm Sportschwimmer.","og_url":"https:\/\/sportstarz-aquatics.com\/de\/ueber-uns\/faq\/","og_site_name":"SportstarZ","article_modified_time":"2025-04-04T09:47:41+00:00","twitter_card":"summary_large_image","twitter_misc":{"Gesch\u00e4tzte Lesezeit":"6\u00a0Minuten"},"schema":{"@context":"https:\/\/schema.org","@graph":[{"@type":"WebPage","@id":"https:\/\/sportstarz-aquatics.com\/de\/ueber-uns\/faq\/","url":"https:\/\/sportstarz-aquatics.com\/de\/ueber-uns\/faq\/","name":"H\u00e4ufig gestellte Fragen FAQ SportstarZ Swimming - SportstarZ","isPartOf":{"@id":"https:\/\/sportstarz-aquatics.com\/#website"},"datePublished":"2018-12-20T10:15:37+00:00","dateModified":"2025-04-04T09:47:41+00:00","description":"faq H\u00e4ufig gestellte Fragen Unser Trainingsprogramm Sportschwimmer.","breadcrumb":{"@id":"https:\/\/sportstarz-aquatics.com\/de\/ueber-uns\/faq\/#breadcrumb"},"inLanguage":"de","potentialAction":[{"@type":"ReadAction","target":["https:\/\/sportstarz-aquatics.com\/de\/ueber-uns\/faq\/"]}]},{"@type":"BreadcrumbList","@id":"https:\/\/sportstarz-aquatics.com\/de\/ueber-uns\/faq\/#breadcrumb","itemListElement":[{"@type":"ListItem","position":1,"name":"Home","item":"https:\/\/sportstarz-aquatics.com\/de\/"},{"@type":"ListItem","position":2,"name":"Contact formulier voor alle vragen en opmerkingen","item":"https:\/\/sportstarz-aquatics.com\/de\/ueber-uns\/"},{"@type":"ListItem","position":3,"name":"H\u00e4ufig gestellte Fragen FAQ SportstarZ Swimming"}]},{"@type":"WebSite","@id":"https:\/\/sportstarz-aquatics.com\/#website","url":"https:\/\/sportstarz-aquatics.com\/","name":"SportstarZ","description":"Aquatics","potentialAction":[{"@type":"SearchAction","target":{"@type":"EntryPoint","urlTemplate":"https:\/\/sportstarz-aquatics.com\/?s={search_term_string}"},"query-input":{"@type":"PropertyValueSpecification","valueRequired":true,"valueName":"search_term_string"}}],"inLanguage":"de"}]}},"_links":{"self":[{"href":"https:\/\/sportstarz-aquatics.com\/de\/wp-json\/wp\/v2\/pages\/30125","targetHints":{"allow":["GET"]}}],"collection":[{"href":"https:\/\/sportstarz-aquatics.com\/de\/wp-json\/wp\/v2\/pages"}],"about":[{"href":"https:\/\/sportstarz-aquatics.com\/de\/wp-json\/wp\/v2\/types\/page"}],"author":[{"embeddable":true,"href":"https:\/\/sportstarz-aquatics.com\/de\/wp-json\/wp\/v2\/users\/38"}],"replies":[{"embeddable":true,"href":"https:\/\/sportstarz-aquatics.com\/de\/wp-json\/wp\/v2\/comments?post=30125"}],"version-history":[{"count":32,"href":"https:\/\/sportstarz-aquatics.com\/de\/wp-json\/wp\/v2\/pages\/30125\/revisions"}],"predecessor-version":[{"id":51663,"href":"https:\/\/sportstarz-aquatics.com\/de\/wp-json\/wp\/v2\/pages\/30125\/revisions\/51663"}],"up":[{"embeddable":true,"href":"https:\/\/sportstarz-aquatics.com\/de\/wp-json\/wp\/v2\/pages\/27897"}],"wp:attachment":[{"href":"https:\/\/sportstarz-aquatics.com\/de\/wp-json\/wp\/v2\/media?parent=30125"}],"wp:term":[{"taxonomy":"category","embeddable":true,"href":"https:\/\/sportstarz-aquatics.com\/de\/wp-json\/wp\/v2\/categories?post=30125"},{"taxonomy":"post_tag","embeddable":true,"href":"https:\/\/sportstarz-aquatics.com\/de\/wp-json\/wp\/v2\/tags?post=30125"}],"curies":[{"name":"wp","href":"https:\/\/api.w.org\/{rel}","templated":true}]}}