{"id":30019,"date":"2018-12-18T09:10:36","date_gmt":"2018-12-18T08:10:36","guid":{"rendered":"https:\/\/sportstarz-aquatics.com\/?page_id=30019"},"modified":"2025-09-26T12:25:02","modified_gmt":"2025-09-26T10:25:02","slug":"altersgruppen","status":"publish","type":"page","link":"https:\/\/sportstarz-aquatics.com\/de\/altersgruppen\/","title":{"rendered":"Altersgruppen Bei SportstarZ k\u00f6nnen Schwimmer w\u00e4hlen"},"content":{"rendered":"<div class=\"wpb-content-wrapper\"><p>[vc_row][vc_column]<div class=\"dt-fancy-separator h1-size style-disabled\" style=\"width: 100%;\"><div class=\"dt-fancy-title\" style=\"color: #2389bc;\"><span class=\"separator-holder separator-left\"><\/span>Gruppen<span class=\"separator-holder separator-right\"><\/span><\/div><\/div>[vc_column_text css=&#8220;&#8220;]<\/p>\n<p class=\"normal\" style=\"text-align: center;\"><span lang=\"UZ-CYR\">Bei SportstarZ k\u00f6nnen Schwimmer zwischen verschiedenen Altersgruppen w\u00e4hlen und darum das f\u00fcr ihre Bed\u00fcrfnisse geeignetste Camp ausw\u00e4hlen. <\/span><\/p>\n<p class=\"normal\" style=\"text-align: center;\"><span lang=\"UZ-CYR\">Der gr\u00f6\u00dfte Unterschied ist die Art des Schwimmtrainings, allerdings sind auch die Erholungsaktivit\u00e4ten, Theorie, Schlafenszeiten und das Training auf trockenem Boden den verschiedenen F\u00e4higkeiten und Bed\u00fcrfnissen der verschiedenen Altersgruppen angepasst. \u00a0<\/span><\/p>\n<p class=\"normal\" style=\"text-align: center;\"><span lang=\"UZ-CYR\">\u00a0<\/span><\/p>\n<p>[\/vc_column_text][\/vc_column][\/vc_row][vc_row type=&#8220;vc_default&#8220;][vc_column width=&#8220;1\/3&#8243;]<div class=\"dt-fancy-separator h1-size style-disabled\" style=\"width: 100%;\"><div class=\"dt-fancy-title\" style=\"color: #2389bc;\"><span class=\"separator-holder separator-left\"><\/span>YoungstarZ<span class=\"separator-holder separator-right\"><\/span><\/div><\/div><div class=\"ult-spacer spacer-69d381da622e5\" data-id=\"69d381da622e5\" data-height=\"15\" data-height-mobile=\"5\" data-height-tab=\"15\" data-height-tab-portrait=\"15\" data-height-mobile-landscape=\"5\" style=\"clear:both;display:block;\"><\/div>[vc_single_image image=&#8220;52430&#8243; img_size=&#8220;400&#215;260&#8243; alignment=&#8220;center&#8220; css=&#8220;&#8220;]<div class=\"ult-spacer spacer-69d381da62373\" data-id=\"69d381da62373\" data-height=\"15\" data-height-mobile=\"5\" data-height-tab=\"15\" data-height-tab-portrait=\"15\" data-height-mobile-landscape=\"5\" style=\"clear:both;display:block;\"><\/div>[vc_column_text]<\/p>\n<p class=\"normal\"><span lang=\"UZ-CYR\">Acht bis zw\u00f6lf Jahre, diese Periode is notwendig um die maximale Leistung in der Zukunft zu erreichen! Eine gute Schwimmtechnik ist die Grundlage f\u00fcr jeden Sportschwimmer, besonders in diesem Alter. Die Schwimmer trainieren alle vier Schwimmzugtechniken, Starts und Drehungen. Der Schwerpunkt wird auf der richtigen Ausf\u00fchrung dieser Bewegungen liegen.<\/span><\/p>\n<p>[\/vc_column_text]<div class=\"ult-spacer spacer-69d381da623d0\" data-id=\"69d381da623d0\" data-height=\"5\" data-height-mobile=\"3\" data-height-tab=\"5\" data-height-tab-portrait=\"5\" data-height-mobile-landscape=\"3\" style=\"clear:both;display:block;\"><\/div>[\/vc_column][vc_column width=&#8220;1\/3&#8243;]<div class=\"dt-fancy-separator h1-size style-disabled\" style=\"width: 100%;\"><div class=\"dt-fancy-title\" style=\"color: #2389bc;\"><span class=\"separator-holder separator-left\"><\/span>JuniorstarZ<span class=\"separator-holder separator-right\"><\/span><\/div><\/div><div class=\"ult-spacer spacer-69d381da624c4\" data-id=\"69d381da624c4\" data-height=\"15\" data-height-mobile=\"5\" data-height-tab=\"15\" data-height-tab-portrait=\"15\" data-height-mobile-landscape=\"5\" style=\"clear:both;display:block;\"><\/div>[vc_single_image image=&#8220;52813&#8243; img_size=&#8220;400&#215;260&#8243; alignment=&#8220;center&#8220; css=&#8220;&#8220; lazy_loading=&#8220;true&#8220;]<div class=\"ult-spacer spacer-69d381da62531\" data-id=\"69d381da62531\" data-height=\"15\" data-height-mobile=\"5\" data-height-tab=\"15\" data-height-tab-portrait=\"15\" data-height-mobile-landscape=\"5\" style=\"clear:both;display:block;\"><\/div>[vc_column_text css=&#8220;&#8220;]<\/p>\n<p class=\"normal\"><span lang=\"UZ-CYR\">Das Clubtraining f\u00fcr Schwimmer im Alter von 12 bis 18 Jahren wird sich generell auf das Training der k\u00f6rperlichen Fitness und Ausdauer konzentrieren. In der Sommerzeit m\u00f6chte SportstarZ ihre Schwimmtechnik verfeinern, bietet aber auch anspruchsvolles Training auf trockenem Boden und n\u00fctzliche theoretische Lektionen an. Fast Jeden Tag gibt es 2 Trainingseinheiten.\u00a0<\/span><\/p>\n<p>[\/vc_column_text]<div class=\"ult-spacer spacer-69d381da62592\" data-id=\"69d381da62592\" data-height=\"5\" data-height-mobile=\"3\" data-height-tab=\"5\" data-height-tab-portrait=\"5\" data-height-mobile-landscape=\"3\" style=\"clear:both;display:block;\"><\/div>[\/vc_column][vc_column width=&#8220;1\/3&#8243;]<div class=\"dt-fancy-separator h1-size style-disabled\" style=\"width: 100%;\"><div class=\"dt-fancy-title\" style=\"color: #2389bc;\"><span class=\"separator-holder separator-left\"><\/span>TalentstarZ<span class=\"separator-holder separator-right\"><\/span><\/div><\/div><div class=\"ult-spacer spacer-69d381da6268c\" data-id=\"69d381da6268c\" data-height=\"15\" data-height-mobile=\"5\" data-height-tab=\"15\" data-height-tab-portrait=\"15\" data-height-mobile-landscape=\"5\" style=\"clear:both;display:block;\"><\/div>[vc_single_image image=&#8220;50779&#8243; img_size=&#8220;400&#215;260&#8243; alignment=&#8220;center&#8220; css=&#8220;&#8220;]<div class=\"ult-spacer spacer-69d381da62716\" data-id=\"69d381da62716\" data-height=\"15\" data-height-mobile=\"5\" data-height-tab=\"15\" data-height-tab-portrait=\"15\" data-height-mobile-landscape=\"5\" style=\"clear:both;display:block;\"><\/div>[vc_column_text css=&#8220;&#8220;]<\/p>\n<p class=\"normal\"><span lang=\"UZ-CYR\">Bist du der Schwimmer, den wir in wenigen Jahren auf nationalen und internationalen Wettkampfb\u00fchnen vorfinden w\u00fcrden? Lebst und atmest du schwimmend, bist du 12 Jahre alt oder \u00e4lter und h\u00e4ltst mindestens ein SportstarZ-TalentstarZ-Qualifikationszeit* auf einer oder mehreren Distanzen? In diesem Fall ist dieses <a href=\"https:\/\/sportstarz-aquatics.com\/de\/talentstarz\/\">TalentZ Camp<\/a> genau das Richtige f\u00fcr dich! W\u00e4hrend aller (Wasser-) Sitzungen steht eine Videoausr\u00fcstung zur Verf\u00fcgung, mit der du deine Techniken sowohl unter als auch \u00fcber Wasser analysieren kannst. Zus\u00e4tzlich zu den Wassertrainings werden Sie auch von einem professionellen Mentalsport-Trainer trainiert und erhalten ein Mentaltraining.<\/span><\/p>\n<p>[\/vc_column_text]<div class=\"ult-spacer spacer-69d381da6276d\" data-id=\"69d381da6276d\" data-height=\"5\" data-height-mobile=\"5\" data-height-tab=\"5\" data-height-tab-portrait=\"\" data-height-mobile-landscape=\"\" style=\"clear:both;display:block;\"><\/div>[\/vc_column][\/vc_row][vc_row][vc_column width=&#8220;1\/3&#8243;]<style type=\"text\/css\" data-type=\"the7_shortcodes-inline-css\">#default-btn-b1b312f258d2fabc76ca556a95ecdf09 {\n  border-radius: 0px;\n  font-size: 16px;\n  line-height: 18px;\n}\n.btn-shadow#default-btn-b1b312f258d2fabc76ca556a95ecdf09 {\n  box-shadow: 0 1px 6px rgba(0,0,0,0.12);\n  transition: box-shadow 0.2s ease-out, opacity 0.45s;\n}\n.btn-shadow#default-btn-b1b312f258d2fabc76ca556a95ecdf09:hover {\n  box-shadow: 0 5px 11px 0 rgba(0,0,0,0.18), 0 4px 15px 0 rgba(0,0,0,0.15);\n}\n.btn-3d#default-btn-b1b312f258d2fabc76ca556a95ecdf09 {\n  box-shadow: 0px 2px 0px 0px #2a5e78;\n}\n.btn-3d#default-btn-b1b312f258d2fabc76ca556a95ecdf09:hover {\n  box-shadow: 0px 2px 0px 0px #c28216;\n}\n.btn-flat#default-btn-b1b312f258d2fabc76ca556a95ecdf09 {\n  box-shadow: none;\n}\n.btn-flat#default-btn-b1b312f258d2fabc76ca556a95ecdf09:hover {\n  box-shadow: none;\n}\n#default-btn-b1b312f258d2fabc76ca556a95ecdf09.ico-right-side > i {\n  margin-right: 0px;\n  margin-left: 8px;\n}\n#default-btn-b1b312f258d2fabc76ca556a95ecdf09 > i {\n  margin-right: 8px;\n  font-size: 16px;\n}\n#default-btn-b1b312f258d2fabc76ca556a95ecdf09:not(:hover) {\n  border-width: 0px;\n  color: #ffffff;\n  background: #2389bc !important;\n  padding: 10px 18px 10px 16px;\n}\n#default-btn-b1b312f258d2fabc76ca556a95ecdf09:not(:hover) * {\n  color: #ffffff;\n}\n#default-btn-b1b312f258d2fabc76ca556a95ecdf09:hover {\n  border-width: 0px;\n  color: #ffffff;\n  background: #ffa916 !important;\n  padding: 10px 18px 10px 16px;\n}\n#default-btn-b1b312f258d2fabc76ca556a95ecdf09:hover * {\n  color: #ffffff;\n}\n#default-btn-b1b312f258d2fabc76ca556a95ecdf09.ico-right-side > i {\n  margin-right: 0px;\n  margin-left: 8px;\n}\n#default-btn-b1b312f258d2fabc76ca556a95ecdf09 > i {\n  margin-right: 8px;\n}\n<\/style><div class=\"btn-align-center\"><a href=\"https:https:\/\/sportstarz-aquatics.com\/de\/youngstarz\/\/\/sportstarz-aquatics.com\/de\/eindhoven-youngstarz\/\" class=\"default-btn-shortcode dt-btn link-hover-off anchor-link btn-flat \" id=\"default-btn-b1b312f258d2fabc76ca556a95ecdf09\" title=\"Lees meer\"><span>YoungstarZ Eindhoven (NL)<\/span><\/a><\/div><div class=\"ult-spacer spacer-69d381da6297a\" data-id=\"69d381da6297a\" data-height=\"5\" data-height-mobile=\"3\" data-height-tab=\"5\" data-height-tab-portrait=\"5\" data-height-mobile-landscape=\"3\" style=\"clear:both;display:block;\"><\/div>[\/vc_column][vc_column width=&#8220;1\/3&#8243;]<style type=\"text\/css\" data-type=\"the7_shortcodes-inline-css\">#default-btn-3f3b7262746837fefc969bcda46ba3c0 {\n  border-radius: 0px;\n  font-size: 16px;\n  line-height: 18px;\n}\n.btn-shadow#default-btn-3f3b7262746837fefc969bcda46ba3c0 {\n  box-shadow: 0 1px 6px rgba(0,0,0,0.12);\n  transition: box-shadow 0.2s ease-out, opacity 0.45s;\n}\n.btn-shadow#default-btn-3f3b7262746837fefc969bcda46ba3c0:hover {\n  box-shadow: 0 5px 11px 0 rgba(0,0,0,0.18), 0 4px 15px 0 rgba(0,0,0,0.15);\n}\n.btn-3d#default-btn-3f3b7262746837fefc969bcda46ba3c0 {\n  box-shadow: 0px 2px 0px 0px #2a5e78;\n}\n.btn-3d#default-btn-3f3b7262746837fefc969bcda46ba3c0:hover {\n  box-shadow: 0px 2px 0px 0px #c28216;\n}\n.btn-flat#default-btn-3f3b7262746837fefc969bcda46ba3c0 {\n  box-shadow: none;\n}\n.btn-flat#default-btn-3f3b7262746837fefc969bcda46ba3c0:hover {\n  box-shadow: none;\n}\n#default-btn-3f3b7262746837fefc969bcda46ba3c0.ico-right-side > i {\n  margin-right: 0px;\n  margin-left: 8px;\n}\n#default-btn-3f3b7262746837fefc969bcda46ba3c0 > i {\n  margin-right: 8px;\n  font-size: 16px;\n}\n#default-btn-3f3b7262746837fefc969bcda46ba3c0:not(:hover) {\n  border-width: 0px;\n  color: #ffffff;\n  background: #2389bc !important;\n  padding: 10px 18px 10px 16px;\n}\n#default-btn-3f3b7262746837fefc969bcda46ba3c0:not(:hover) * {\n  color: #ffffff;\n}\n#default-btn-3f3b7262746837fefc969bcda46ba3c0:hover {\n  border-width: 0px;\n  color: #ffffff;\n  background: #ffa916 !important;\n  padding: 10px 18px 10px 16px;\n}\n#default-btn-3f3b7262746837fefc969bcda46ba3c0:hover * {\n  color: #ffffff;\n}\n#default-btn-3f3b7262746837fefc969bcda46ba3c0.ico-right-side > i {\n  margin-right: 0px;\n  margin-left: 8px;\n}\n#default-btn-3f3b7262746837fefc969bcda46ba3c0 > i {\n  margin-right: 8px;\n}\n<\/style><div class=\"btn-align-center\"><a href=\"https:\/\/sportstarz-aquatics.com\/de\/juniorstarz\/\" class=\"default-btn-shortcode dt-btn link-hover-off anchor-link btn-flat \" id=\"default-btn-3f3b7262746837fefc969bcda46ba3c0\" title=\"Lees meer\"><span>JuniorstarZ Eindhoven (NL)<\/span><\/a><\/div><div class=\"ult-spacer spacer-69d381da62b41\" data-id=\"69d381da62b41\" data-height=\"5\" data-height-mobile=\"3\" data-height-tab=\"5\" data-height-tab-portrait=\"5\" data-height-mobile-landscape=\"3\" style=\"clear:both;display:block;\"><\/div>[\/vc_column][vc_column width=&#8220;1\/3&#8243;]<style type=\"text\/css\" data-type=\"the7_shortcodes-inline-css\">#default-btn-9c9b11c1ba65bedf0fa942c081b5e487 {\n  border-radius: 0px;\n  font-size: 16px;\n  line-height: 18px;\n}\n.btn-shadow#default-btn-9c9b11c1ba65bedf0fa942c081b5e487 {\n  box-shadow: 0 1px 6px rgba(0,0,0,0.12);\n  transition: box-shadow 0.2s ease-out, opacity 0.45s;\n}\n.btn-shadow#default-btn-9c9b11c1ba65bedf0fa942c081b5e487:hover {\n  box-shadow: 0 5px 11px 0 rgba(0,0,0,0.18), 0 4px 15px 0 rgba(0,0,0,0.15);\n}\n.btn-3d#default-btn-9c9b11c1ba65bedf0fa942c081b5e487 {\n  box-shadow: 0px 2px 0px 0px #2a5e78;\n}\n.btn-3d#default-btn-9c9b11c1ba65bedf0fa942c081b5e487:hover {\n  box-shadow: 0px 2px 0px 0px #c28216;\n}\n.btn-flat#default-btn-9c9b11c1ba65bedf0fa942c081b5e487 {\n  box-shadow: none;\n}\n.btn-flat#default-btn-9c9b11c1ba65bedf0fa942c081b5e487:hover {\n  box-shadow: none;\n}\n#default-btn-9c9b11c1ba65bedf0fa942c081b5e487.ico-right-side > i {\n  margin-right: 0px;\n  margin-left: 8px;\n}\n#default-btn-9c9b11c1ba65bedf0fa942c081b5e487 > i {\n  margin-right: 8px;\n  font-size: 16px;\n}\n#default-btn-9c9b11c1ba65bedf0fa942c081b5e487:not(:hover) {\n  border-width: 0px;\n  color: #ffffff;\n  background: #2389bc !important;\n  padding: 10px 18px 10px 16px;\n}\n#default-btn-9c9b11c1ba65bedf0fa942c081b5e487:not(:hover) * {\n  color: #ffffff;\n}\n#default-btn-9c9b11c1ba65bedf0fa942c081b5e487:hover {\n  border-width: 0px;\n  color: #ffffff;\n  background: #ffa916 !important;\n  padding: 10px 18px 10px 16px;\n}\n#default-btn-9c9b11c1ba65bedf0fa942c081b5e487:hover * {\n  color: #ffffff;\n}\n#default-btn-9c9b11c1ba65bedf0fa942c081b5e487.ico-right-side > i {\n  margin-right: 0px;\n  margin-left: 8px;\n}\n#default-btn-9c9b11c1ba65bedf0fa942c081b5e487 > i {\n  margin-right: 8px;\n}\n<\/style><div class=\"btn-align-center\"><a href=\"https:\/\/sportstarz-aquatics.com\/de\/talentstarz\/\" class=\"default-btn-shortcode dt-btn link-hover-off anchor-link btn-flat \" id=\"default-btn-9c9b11c1ba65bedf0fa942c081b5e487\" title=\"Lees meer\"><span>TalentstarZ Eindhoven (NL)<\/span><\/a><\/div><div class=\"ult-spacer spacer-69d381da62cc6\" data-id=\"69d381da62cc6\" data-height=\"5\" data-height-mobile=\"3\" data-height-tab=\"5\" data-height-tab-portrait=\"5\" data-height-mobile-landscape=\"3\" style=\"clear:both;display:block;\"><\/div>[\/vc_column][\/vc_row][vc_row][vc_column]<div class=\"ult-spacer spacer-69d381da62d1e\" data-id=\"69d381da62d1e\" data-height=\"30\" data-height-mobile=\"15\" data-height-tab=\"30\" data-height-tab-portrait=\"30\" data-height-mobile-landscape=\"15\" style=\"clear:both;display:block;\"><\/div>[vc_column_text css=&#8220;&#8220;]<\/p>\n<h4>\u00dcBERPR\u00dcFE HIER, OB DU EINEN SPORTSTARZ-TALENTstarZ-Qualifikationszeit HAST.<\/h4>\n<p>Du musst f\u00fcr mindestens eine Distanz eine Qualifikationszeit erreicht haben, um dich f\u00fcr ein TalentstarZ Camp anmelden zu k\u00f6nnen. Hast du noch keine Qualifikationszeit, dann ist ein JuniorstarZ Camp definitiv etwas f\u00fcr dich. Auch dort werden wir intensiv trainieren und vielleicht erreichst du beim n\u00e4chsten Mal schon das Limit.<\/p>\n<p>&nbsp;<\/p>\n<p>[\/vc_column_text][\/vc_column][\/vc_row][vc_row][vc_column width=&#8220;1\/2&#8243;][vc_text_separator title=&#8220;TalentstarZ Limit M\u00e4dchen&#8220; color=&#8220;orange&#8220;][vc_column_text]<\/p>\n<p style=\"text-align: center;\">100 Meter in einem 25-Meter-Bad<\/p>\n<p>[\/vc_column_text][vc_single_image image=&#8220;52632&#8243; img_size=&#8220;full&#8220; alignment=&#8220;center&#8220; onclick=&#8220;img_link_large&#8220; css=&#8220;&#8220;][\/vc_column][vc_column width=&#8220;1\/2&#8243;][vc_text_separator title=&#8220;TalentstarZ Limit Jungen&#8220; color=&#8220;orange&#8220;][vc_column_text]<\/p>\n<p style=\"text-align: center;\">100 Meter in einem 25-Meter-Bad<\/p>\n<p>[\/vc_column_text][vc_single_image image=&#8220;52627&#8243; img_size=&#8220;full&#8220; onclick=&#8220;img_link_large&#8220; css=&#8220;&#8220;][\/vc_column][\/vc_row][vc_row][vc_column]<div class=\"ult-spacer spacer-69d381da62d78\" data-id=\"69d381da62d78\" data-height=\"50\" data-height-mobile=\"25\" data-height-tab=\"50\" data-height-tab-portrait=\"50\" data-height-mobile-landscape=\"25\" style=\"clear:both;display:block;\"><\/div>[vc_btn title=&#8220;Registrieren&#8220; style=&#8220;custom&#8220; custom_background=&#8220;#ffa916&#8243; custom_text=&#8220;#ffffff&#8220; shape=&#8220;round&#8220; size=&#8220;lg&#8220; align=&#8220;left&#8220; link=&#8220;url:https%3A%2F%2Fsportstarz-aquatics.com%2Fde%2Fbuchen-sie-hier%2F|||&#8220;][\/vc_column][\/vc_row][vc_row][vc_column][\/vc_column][\/vc_row]<\/p>\n<\/div>","protected":false},"excerpt":{"rendered":"<p>[vc_row][vc_column][vc_column_text css=&#8220;&#8220;] Bei SportstarZ k\u00f6nnen Schwimmer zwischen verschiedenen Altersgruppen w\u00e4hlen und darum das f\u00fcr ihre Bed\u00fcrfnisse geeignetste Camp ausw\u00e4hlen. Der gr\u00f6\u00dfte Unterschied ist die Art des Schwimmtrainings, allerdings sind auch die Erholungsaktivit\u00e4ten, Theorie, Schlafenszeiten und das Training auf trockenem Boden den verschiedenen F\u00e4higkeiten und Bed\u00fcrfnissen der verschiedenen Altersgruppen angepasst. \u00a0 \u00a0 [\/vc_column_text][\/vc_column][\/vc_row][vc_row type=&#8220;vc_default&#8220;][vc_column width=&#8220;1\/3&#8243;][vc_single_image image=&#8220;52430&#8243;&hellip;<\/p>\n","protected":false},"author":38,"featured_media":0,"parent":0,"menu_order":11,"comment_status":"closed","ping_status":"closed","template":"","meta":{"_acf_changed":false,"footnotes":""},"categories":[],"tags":[],"class_list":["post-30019","page","type-page","status-publish","hentry","description-off"],"acf":[],"yoast_head":"<!-- This site is optimized with the Yoast SEO plugin v25.3 - https:\/\/yoast.com\/wordpress\/plugins\/seo\/ -->\n<title>Altersgruppen Bei SportstarZ k\u00f6nnen Schwimmer w\u00e4hlen - SportstarZ<\/title>\n<meta name=\"description\" content=\"Bei SportstarZ k\u00f6nnen Schwimmer zwischen verschiedenen Altersgruppen w\u00e4hlen und darum das f\u00fcr ihre Bed\u00fcrfnisse geeignetste Camp ausw\u00e4hlen.\" \/>\n<meta name=\"robots\" content=\"index, follow, max-snippet:-1, max-image-preview:large, max-video-preview:-1\" \/>\n<link rel=\"canonical\" href=\"https:\/\/sportstarz-aquatics.com\/de\/altersgruppen\/\" \/>\n<meta property=\"og:locale\" content=\"de_DE\" \/>\n<meta property=\"og:type\" content=\"article\" \/>\n<meta property=\"og:title\" content=\"Altersgruppen Bei SportstarZ k\u00f6nnen Schwimmer w\u00e4hlen - SportstarZ\" \/>\n<meta property=\"og:description\" content=\"Bei SportstarZ k\u00f6nnen Schwimmer zwischen verschiedenen Altersgruppen w\u00e4hlen und darum das f\u00fcr ihre Bed\u00fcrfnisse geeignetste Camp ausw\u00e4hlen.\" \/>\n<meta property=\"og:url\" content=\"https:\/\/sportstarz-aquatics.com\/de\/altersgruppen\/\" \/>\n<meta property=\"og:site_name\" content=\"SportstarZ\" \/>\n<meta property=\"article:modified_time\" content=\"2025-09-26T10:25:02+00:00\" \/>\n<meta name=\"twitter:card\" content=\"summary_large_image\" \/>\n<meta name=\"twitter:label1\" content=\"Gesch\u00e4tzte Lesezeit\" \/>\n\t<meta name=\"twitter:data1\" content=\"3\u00a0Minuten\" \/>\n<script type=\"application\/ld+json\" class=\"yoast-schema-graph\">{\"@context\":\"https:\/\/schema.org\",\"@graph\":[{\"@type\":\"WebPage\",\"@id\":\"https:\/\/sportstarz-aquatics.com\/de\/altersgruppen\/\",\"url\":\"https:\/\/sportstarz-aquatics.com\/de\/altersgruppen\/\",\"name\":\"Altersgruppen Bei SportstarZ k\u00f6nnen Schwimmer w\u00e4hlen - SportstarZ\",\"isPartOf\":{\"@id\":\"https:\/\/sportstarz-aquatics.com\/#website\"},\"datePublished\":\"2018-12-18T08:10:36+00:00\",\"dateModified\":\"2025-09-26T10:25:02+00:00\",\"description\":\"Bei SportstarZ k\u00f6nnen Schwimmer zwischen verschiedenen Altersgruppen w\u00e4hlen und darum das f\u00fcr ihre Bed\u00fcrfnisse geeignetste Camp ausw\u00e4hlen.\",\"breadcrumb\":{\"@id\":\"https:\/\/sportstarz-aquatics.com\/de\/altersgruppen\/#breadcrumb\"},\"inLanguage\":\"de\",\"potentialAction\":[{\"@type\":\"ReadAction\",\"target\":[\"https:\/\/sportstarz-aquatics.com\/de\/altersgruppen\/\"]}]},{\"@type\":\"BreadcrumbList\",\"@id\":\"https:\/\/sportstarz-aquatics.com\/de\/altersgruppen\/#breadcrumb\",\"itemListElement\":[{\"@type\":\"ListItem\",\"position\":1,\"name\":\"Home\",\"item\":\"https:\/\/sportstarz-aquatics.com\/de\/\"},{\"@type\":\"ListItem\",\"position\":2,\"name\":\"Altersgruppen Bei SportstarZ k\u00f6nnen Schwimmer w\u00e4hlen\"}]},{\"@type\":\"WebSite\",\"@id\":\"https:\/\/sportstarz-aquatics.com\/#website\",\"url\":\"https:\/\/sportstarz-aquatics.com\/\",\"name\":\"SportstarZ\",\"description\":\"Aquatics\",\"potentialAction\":[{\"@type\":\"SearchAction\",\"target\":{\"@type\":\"EntryPoint\",\"urlTemplate\":\"https:\/\/sportstarz-aquatics.com\/?s={search_term_string}\"},\"query-input\":{\"@type\":\"PropertyValueSpecification\",\"valueRequired\":true,\"valueName\":\"search_term_string\"}}],\"inLanguage\":\"de\"}]}<\/script>\n<!-- \/ Yoast SEO plugin. -->","yoast_head_json":{"title":"Altersgruppen Bei SportstarZ k\u00f6nnen Schwimmer w\u00e4hlen - SportstarZ","description":"Bei SportstarZ k\u00f6nnen Schwimmer zwischen verschiedenen Altersgruppen w\u00e4hlen und darum das f\u00fcr ihre Bed\u00fcrfnisse geeignetste Camp ausw\u00e4hlen.","robots":{"index":"index","follow":"follow","max-snippet":"max-snippet:-1","max-image-preview":"max-image-preview:large","max-video-preview":"max-video-preview:-1"},"canonical":"https:\/\/sportstarz-aquatics.com\/de\/altersgruppen\/","og_locale":"de_DE","og_type":"article","og_title":"Altersgruppen Bei SportstarZ k\u00f6nnen Schwimmer w\u00e4hlen - SportstarZ","og_description":"Bei SportstarZ k\u00f6nnen Schwimmer zwischen verschiedenen Altersgruppen w\u00e4hlen und darum das f\u00fcr ihre Bed\u00fcrfnisse geeignetste Camp ausw\u00e4hlen.","og_url":"https:\/\/sportstarz-aquatics.com\/de\/altersgruppen\/","og_site_name":"SportstarZ","article_modified_time":"2025-09-26T10:25:02+00:00","twitter_card":"summary_large_image","twitter_misc":{"Gesch\u00e4tzte Lesezeit":"3\u00a0Minuten"},"schema":{"@context":"https:\/\/schema.org","@graph":[{"@type":"WebPage","@id":"https:\/\/sportstarz-aquatics.com\/de\/altersgruppen\/","url":"https:\/\/sportstarz-aquatics.com\/de\/altersgruppen\/","name":"Altersgruppen Bei SportstarZ k\u00f6nnen Schwimmer w\u00e4hlen - SportstarZ","isPartOf":{"@id":"https:\/\/sportstarz-aquatics.com\/#website"},"datePublished":"2018-12-18T08:10:36+00:00","dateModified":"2025-09-26T10:25:02+00:00","description":"Bei SportstarZ k\u00f6nnen Schwimmer zwischen verschiedenen Altersgruppen w\u00e4hlen und darum das f\u00fcr ihre Bed\u00fcrfnisse geeignetste Camp ausw\u00e4hlen.","breadcrumb":{"@id":"https:\/\/sportstarz-aquatics.com\/de\/altersgruppen\/#breadcrumb"},"inLanguage":"de","potentialAction":[{"@type":"ReadAction","target":["https:\/\/sportstarz-aquatics.com\/de\/altersgruppen\/"]}]},{"@type":"BreadcrumbList","@id":"https:\/\/sportstarz-aquatics.com\/de\/altersgruppen\/#breadcrumb","itemListElement":[{"@type":"ListItem","position":1,"name":"Home","item":"https:\/\/sportstarz-aquatics.com\/de\/"},{"@type":"ListItem","position":2,"name":"Altersgruppen Bei SportstarZ k\u00f6nnen Schwimmer w\u00e4hlen"}]},{"@type":"WebSite","@id":"https:\/\/sportstarz-aquatics.com\/#website","url":"https:\/\/sportstarz-aquatics.com\/","name":"SportstarZ","description":"Aquatics","potentialAction":[{"@type":"SearchAction","target":{"@type":"EntryPoint","urlTemplate":"https:\/\/sportstarz-aquatics.com\/?s={search_term_string}"},"query-input":{"@type":"PropertyValueSpecification","valueRequired":true,"valueName":"search_term_string"}}],"inLanguage":"de"}]}},"_links":{"self":[{"href":"https:\/\/sportstarz-aquatics.com\/de\/wp-json\/wp\/v2\/pages\/30019","targetHints":{"allow":["GET"]}}],"collection":[{"href":"https:\/\/sportstarz-aquatics.com\/de\/wp-json\/wp\/v2\/pages"}],"about":[{"href":"https:\/\/sportstarz-aquatics.com\/de\/wp-json\/wp\/v2\/types\/page"}],"author":[{"embeddable":true,"href":"https:\/\/sportstarz-aquatics.com\/de\/wp-json\/wp\/v2\/users\/38"}],"replies":[{"embeddable":true,"href":"https:\/\/sportstarz-aquatics.com\/de\/wp-json\/wp\/v2\/comments?post=30019"}],"version-history":[{"count":70,"href":"https:\/\/sportstarz-aquatics.com\/de\/wp-json\/wp\/v2\/pages\/30019\/revisions"}],"predecessor-version":[{"id":52841,"href":"https:\/\/sportstarz-aquatics.com\/de\/wp-json\/wp\/v2\/pages\/30019\/revisions\/52841"}],"wp:attachment":[{"href":"https:\/\/sportstarz-aquatics.com\/de\/wp-json\/wp\/v2\/media?parent=30019"}],"wp:term":[{"taxonomy":"category","embeddable":true,"href":"https:\/\/sportstarz-aquatics.com\/de\/wp-json\/wp\/v2\/categories?post=30019"},{"taxonomy":"post_tag","embeddable":true,"href":"https:\/\/sportstarz-aquatics.com\/de\/wp-json\/wp\/v2\/tags?post=30019"}],"curies":[{"name":"wp","href":"https:\/\/api.w.org\/{rel}","templated":true}]}}