{"id":27853,"date":"2018-12-04T12:59:40","date_gmt":"2018-12-04T11:59:40","guid":{"rendered":"https:\/\/sportstarz-aquatics.com\/?page_id=27853"},"modified":"2025-12-07T16:10:06","modified_gmt":"2025-12-07T15:10:06","slug":"standorte","status":"publish","type":"page","link":"https:\/\/sportstarz-aquatics.com\/de\/standorte\/","title":{"rendered":"Standorte: SportstarZ steht f\u00fcr Qualit\u00e4t."},"content":{"rendered":"<div class=\"wpb-content-wrapper\"><p>[vc_section][vc_row][vc_column]<div class=\"dt-fancy-separator h1-size style-disabled\" style=\"width: 100%;\"><div class=\"dt-fancy-title\" style=\"color: #2389bc;\"><span class=\"separator-holder separator-left\"><\/span>Standorte<span class=\"separator-holder separator-right\"><\/span><\/div><\/div><div class=\"ult-spacer spacer-69ea2b44ed439\" data-id=\"69ea2b44ed439\" data-height=\"50\" data-height-mobile=\"25\" data-height-tab=\"50\" data-height-tab-portrait=\"50\" data-height-mobile-landscape=\"25\" style=\"clear:both;display:block;\"><\/div>[vc_column_text]<\/p>\n<p class=\"normal\"><span lang=\"UZ-CYR\">Standorte. SportstarZ steht f\u00fcr Qualit\u00e4t. Deshalb w\u00e4hlen wir sorgf\u00e4ltig nur die besten Standorte f\u00fcr ein unvergessliches Sportcamp aus. Unsere Sportst\u00e4tten geh\u00f6ren zu den besten des Landes, vorzugsweise von olympischer Gr\u00f6\u00dfe, und sind stets mit den neuesten (Sport-) Techniken ausgestattet. <\/span><\/p>\n<p class=\"normal\"><span lang=\"UZ-CYR\">Auch in unserer Unterkunft w\u00e4hlen wir das gewisse Extra, keine Hektik mit Krankentragen oder Zelten, sondern tolle Atmosph\u00e4re und eine komfortable und sportliche Umgebung. Zusammen mit gen\u00fcgend Freizeitm\u00f6glichkeiten und bequemen echten Betten ist dies eine gro\u00dfartige M\u00f6glichkeit, bei uns zu bleiben. Egal f\u00fcr welchen Ort Sie sich entscheiden, SportstarZ stellt sicher, dass Sie sich voll und ganz auf das Wichtigste konzentrieren k\u00f6nnen; eine unvergessliche uns sportliche Zeit mit SportstarZ zu erleben. <\/span><\/p>\n<p>[\/vc_column_text]<div class=\"ult-spacer spacer-69ea2b44ed478\" data-id=\"69ea2b44ed478\" data-height=\"50\" data-height-mobile=\"25\" data-height-tab=\"50\" data-height-tab-portrait=\"50\" data-height-mobile-landscape=\"25\" style=\"clear:both;display:block;\"><\/div>[\/vc_column][\/vc_row][\/vc_section][vc_row type=&#8220;vc_default&#8220;][vc_column width=&#8220;1\/3&#8243;]<div class=\"dt-fancy-separator h1-size style-disabled\" style=\"width: 100%;\"><div class=\"dt-fancy-title\" style=\"color: #2389bc;\"><span class=\"separator-holder separator-left\"><\/span>Eindhoven<span class=\"separator-holder separator-right\"><\/span><\/div><\/div><div class=\"dt-fancy-separator h1-size style-disabled\" style=\"width: 100%;\"><div class=\"dt-fancy-title\" style=\"color: #2389bc;\"><span class=\"separator-holder separator-left\"><\/span>(NL)<span class=\"separator-holder separator-right\"><\/span><\/div><\/div><div class=\"ult-spacer spacer-69ea2b44ed536\" data-id=\"69ea2b44ed536\" data-height=\"15\" data-height-mobile=\"5\" data-height-tab=\"15\" data-height-tab-portrait=\"15\" data-height-mobile-landscape=\"5\" style=\"clear:both;display:block;\"><\/div>[vc_single_image image=&#8220;28776&#8243; img_size=&#8220;400&#215;260&#8243; alignment=&#8220;center&#8220; css=&#8220;&#8220;]<div class=\"ult-spacer spacer-69ea2b44ed56a\" data-id=\"69ea2b44ed56a\" data-height=\"15\" data-height-mobile=\"5\" data-height-tab=\"15\" data-height-tab-portrait=\"15\" data-height-mobile-landscape=\"5\" style=\"clear:both;display:block;\"><\/div>[vc_column_text]Das Training in Eindhoven wird auf Englisch und Niederl\u00e4ndisch gegeben.<\/p>\n<p class=\"normal\"><span lang=\"UZ-CYR\">Zweimal am Tag trainieren wir im gr\u00f6\u00dften und sch\u00f6nsten Schwimmbad Europas, dem \u201cPieter van de Hoogenband Schwimmstadion\u201d in Eindhoven. Dieser High-Tech-Schwimmkomplex ist die Heimatbasis f\u00fcr nationale Spitzensportler und zahlreiche Schwimmvereine. Wir nutzen das 50 Meter (10 Bahnen) gro\u00dfe Olympia-Schwimmbecken und das 4-Bahnen-Trainingsbecken auf dem neuesten Stand der Technik.\u00a0<\/span><\/p>\n<p>[\/vc_column_text]<div class=\"ult-spacer spacer-69ea2b44ed59b\" data-id=\"69ea2b44ed59b\" data-height=\"5\" data-height-mobile=\"3\" data-height-tab=\"5\" data-height-tab-portrait=\"5\" data-height-mobile-landscape=\"3\" style=\"clear:both;display:block;\"><\/div>[\/vc_column][vc_column width=&#8220;1\/3&#8243;]<div class=\"dt-fancy-separator h1-size style-disabled\" style=\"width: 100%;\"><div class=\"dt-fancy-title\" style=\"color: #2389bc;\"><span class=\"separator-holder separator-left\"><\/span>Londen<span class=\"separator-holder separator-right\"><\/span><\/div><\/div><div class=\"dt-fancy-separator h1-size style-disabled\" style=\"width: 100%;\"><div class=\"dt-fancy-title\" style=\"color: #2389bc;\"><span class=\"separator-holder separator-left\"><\/span>(GB)<span class=\"separator-holder separator-right\"><\/span><\/div><\/div><div class=\"ult-spacer spacer-69ea2b44ed639\" data-id=\"69ea2b44ed639\" data-height=\"15\" data-height-mobile=\"5\" data-height-tab=\"15\" data-height-tab-portrait=\"15\" data-height-mobile-landscape=\"5\" style=\"clear:both;display:block;\"><\/div>[vc_single_image image=&#8220;49239&#8243; img_size=&#8220;400&#215;260&#8243; alignment=&#8220;center&#8220;]<div class=\"ult-spacer spacer-69ea2b44ed667\" data-id=\"69ea2b44ed667\" data-height=\"15\" data-height-mobile=\"5\" data-height-tab=\"15\" data-height-tab-portrait=\"15\" data-height-mobile-landscape=\"5\" style=\"clear:both;display:block;\"><\/div>[vc_column_text]Das Training in London wird auf Englisch und Niederl\u00e4ndisch gegeben.<\/p>\n<p>SportstarZ TalentZ swimming camp in the pool of the 2012 Olympic Games.\u00a0Are you that swimmer who we\u2019ll find on national and international competition stages within a few years? Do you live and breath swimming, age 12 and up and hold at least a SportstarZ-TalentstarZ-limit* on one or more distances? In that case this TalentZ Camp will be definitely it for you![\/vc_column_text]<div class=\"ult-spacer spacer-69ea2b44ed6b6\" data-id=\"69ea2b44ed6b6\" data-height=\"5\" data-height-mobile=\"3\" data-height-tab=\"5\" data-height-tab-portrait=\"5\" data-height-mobile-landscape=\"3\" style=\"clear:both;display:block;\"><\/div>[\/vc_column][vc_column width=&#8220;1\/3&#8243;]<div class=\"dt-fancy-separator h1-size style-disabled\" style=\"width: 100%;\"><div class=\"dt-fancy-title\" style=\"color: #2389bc;\"><span class=\"separator-holder separator-left\"><\/span>Calella<span class=\"separator-holder separator-right\"><\/span><\/div><\/div><div class=\"dt-fancy-separator h1-size style-disabled\" style=\"width: 100%;\"><div class=\"dt-fancy-title\" style=\"color: #2389bc;\"><span class=\"separator-holder separator-left\"><\/span>(ES)<span class=\"separator-holder separator-right\"><\/span><\/div><\/div><div class=\"ult-spacer spacer-69ea2b44ed750\" data-id=\"69ea2b44ed750\" data-height=\"15\" data-height-mobile=\"5\" data-height-tab=\"15\" data-height-tab-portrait=\"15\" data-height-mobile-landscape=\"5\" style=\"clear:both;display:block;\"><\/div>[vc_single_image image=&#8220;51788&#8243; img_size=&#8220;400&#215;260&#8243; alignment=&#8220;center&#8220; css=&#8220;&#8220;]<div class=\"ult-spacer spacer-69ea2b44ed77c\" data-id=\"69ea2b44ed77c\" data-height=\"15\" data-height-mobile=\"5\" data-height-tab=\"15\" data-height-tab-portrait=\"15\" data-height-mobile-landscape=\"5\" style=\"clear:both;display:block;\"><\/div>[vc_column_text css=&#8220;&#8220;]<\/p>\n<div>W\u00e4hrend SportstarZ Exclusive trainierst du im Crol Centre Calella, einem internationalen Schwimmbad, das von Nationalteams genutzt wird. Es verf\u00fcgt \u00fcber ein olympisches Freibad mit 50 Metern und 10 Bahnen (50 m x 25 m), beheizt auf 27 \u00b0C und das ganze Jahr \u00fcber nutzbar. Das Schwimmbad liegt nur wenige Meter vom Strand entfernt und bietet somit eine einzigartige Trainingsumgebung.<br \/>\nDirekt neben dem Becken befindet sich ein eigener Bereich f\u00fcr Krafttraining, Gymnastik und Dehn\u00fcbungen, damit du alle Aspekte deines Trainings optimal gestalten kannst.<\/div>\n<p>[\/vc_column_text]<div class=\"ult-spacer spacer-69ea2b44ed7a6\" data-id=\"69ea2b44ed7a6\" data-height=\"5\" data-height-mobile=\"3\" data-height-tab=\"5\" data-height-tab-portrait=\"5\" data-height-mobile-landscape=\"3\" style=\"clear:both;display:block;\"><\/div>[\/vc_column][\/vc_row][vc_row][vc_column width=&#8220;1\/3&#8243;]<style type=\"text\/css\" data-type=\"the7_shortcodes-inline-css\">#default-btn-5b349cd1186cf1d85a4c1a3fbd894ff4 {\n  border-radius: 0px;\n  font-size: 16px;\n  line-height: 18px;\n}\n.btn-shadow#default-btn-5b349cd1186cf1d85a4c1a3fbd894ff4 {\n  box-shadow: 0 1px 6px rgba(0,0,0,0.12);\n  transition: box-shadow 0.2s ease-out, opacity 0.45s;\n}\n.btn-shadow#default-btn-5b349cd1186cf1d85a4c1a3fbd894ff4:hover {\n  box-shadow: 0 5px 11px 0 rgba(0,0,0,0.18), 0 4px 15px 0 rgba(0,0,0,0.15);\n}\n.btn-3d#default-btn-5b349cd1186cf1d85a4c1a3fbd894ff4 {\n  box-shadow: 0px 2px 0px 0px #2a5e78;\n}\n.btn-3d#default-btn-5b349cd1186cf1d85a4c1a3fbd894ff4:hover {\n  box-shadow: 0px 2px 0px 0px #c28216;\n}\n.btn-flat#default-btn-5b349cd1186cf1d85a4c1a3fbd894ff4 {\n  box-shadow: none;\n}\n.btn-flat#default-btn-5b349cd1186cf1d85a4c1a3fbd894ff4:hover {\n  box-shadow: none;\n}\n#default-btn-5b349cd1186cf1d85a4c1a3fbd894ff4.ico-right-side > i {\n  margin-right: 0px;\n  margin-left: 8px;\n}\n#default-btn-5b349cd1186cf1d85a4c1a3fbd894ff4 > i {\n  margin-right: 8px;\n  font-size: 16px;\n}\n#default-btn-5b349cd1186cf1d85a4c1a3fbd894ff4:not(:hover) {\n  border-width: 0px;\n  color: #ffffff;\n  background: #2389bc !important;\n  padding: 10px 18px 10px 16px;\n}\n#default-btn-5b349cd1186cf1d85a4c1a3fbd894ff4:not(:hover) * {\n  color: #ffffff;\n}\n#default-btn-5b349cd1186cf1d85a4c1a3fbd894ff4:hover {\n  border-width: 0px;\n  color: #ffffff;\n  background: #ffa916 !important;\n  padding: 10px 18px 10px 16px;\n}\n#default-btn-5b349cd1186cf1d85a4c1a3fbd894ff4:hover * {\n  color: #ffffff;\n}\n#default-btn-5b349cd1186cf1d85a4c1a3fbd894ff4.ico-right-side > i {\n  margin-right: 0px;\n  margin-left: 8px;\n}\n#default-btn-5b349cd1186cf1d85a4c1a3fbd894ff4 > i {\n  margin-right: 8px;\n}\n<\/style><div class=\"btn-align-center\"><a href=\"https:\/\/sportstarz-aquatics.com\/de\/standorte\/eindhoven\/\" class=\"default-btn-shortcode dt-btn link-hover-off anchor-link btn-flat \" id=\"default-btn-5b349cd1186cf1d85a4c1a3fbd894ff4\" title=\"Lees meer\"><span>Mehr \u00fcber Eindhoven<\/span><\/a><\/div><div class=\"ult-spacer spacer-69ea2b44ed8d2\" data-id=\"69ea2b44ed8d2\" data-height=\"10\" data-height-mobile=\"5\" data-height-tab=\"10\" data-height-tab-portrait=\"10\" data-height-mobile-landscape=\"5\" style=\"clear:both;display:block;\"><\/div>[\/vc_column][vc_column width=&#8220;1\/3&#8243;]<style type=\"text\/css\" data-type=\"the7_shortcodes-inline-css\">#default-btn-291a431e824d939e92a594b21d87f2f5 {\n  border-radius: 0px;\n  font-size: 16px;\n  line-height: 18px;\n}\n.btn-shadow#default-btn-291a431e824d939e92a594b21d87f2f5 {\n  box-shadow: 0 1px 6px rgba(0,0,0,0.12);\n  transition: box-shadow 0.2s ease-out, opacity 0.45s;\n}\n.btn-shadow#default-btn-291a431e824d939e92a594b21d87f2f5:hover {\n  box-shadow: 0 5px 11px 0 rgba(0,0,0,0.18), 0 4px 15px 0 rgba(0,0,0,0.15);\n}\n.btn-3d#default-btn-291a431e824d939e92a594b21d87f2f5 {\n  box-shadow: 0px 2px 0px 0px #2a5e78;\n}\n.btn-3d#default-btn-291a431e824d939e92a594b21d87f2f5:hover {\n  box-shadow: 0px 2px 0px 0px #c28216;\n}\n.btn-flat#default-btn-291a431e824d939e92a594b21d87f2f5 {\n  box-shadow: none;\n}\n.btn-flat#default-btn-291a431e824d939e92a594b21d87f2f5:hover {\n  box-shadow: none;\n}\n#default-btn-291a431e824d939e92a594b21d87f2f5.ico-right-side > i {\n  margin-right: 0px;\n  margin-left: 8px;\n}\n#default-btn-291a431e824d939e92a594b21d87f2f5 > i {\n  margin-right: 8px;\n  font-size: 16px;\n}\n#default-btn-291a431e824d939e92a594b21d87f2f5:not(:hover) {\n  border-width: 0px;\n  color: #ffffff;\n  background: #2389bc !important;\n  padding: 10px 18px 10px 16px;\n}\n#default-btn-291a431e824d939e92a594b21d87f2f5:not(:hover) * {\n  color: #ffffff;\n}\n#default-btn-291a431e824d939e92a594b21d87f2f5:hover {\n  border-width: 0px;\n  color: #ffffff;\n  background: #ffa916 !important;\n  padding: 10px 18px 10px 16px;\n}\n#default-btn-291a431e824d939e92a594b21d87f2f5:hover * {\n  color: #ffffff;\n}\n#default-btn-291a431e824d939e92a594b21d87f2f5.ico-right-side > i {\n  margin-right: 0px;\n  margin-left: 8px;\n}\n#default-btn-291a431e824d939e92a594b21d87f2f5 > i {\n  margin-right: 8px;\n}\n<\/style><div class=\"btn-align-center\"><a href=\"https:\/\/sportstarz-aquatics.com\/de\/londen-uk\/\" class=\"default-btn-shortcode dt-btn link-hover-off anchor-link btn-flat \" id=\"default-btn-291a431e824d939e92a594b21d87f2f5\" title=\"Lees meer\"><span>Mehr \u00fcber Londen<\/span><\/a><\/div><div class=\"ult-spacer spacer-69ea2b44ed9b9\" data-id=\"69ea2b44ed9b9\" data-height=\"10\" data-height-mobile=\"5\" data-height-tab=\"10\" data-height-tab-portrait=\"10\" data-height-mobile-landscape=\"5\" style=\"clear:both;display:block;\"><\/div>[\/vc_column][vc_column width=&#8220;1\/3&#8243;]<style type=\"text\/css\" data-type=\"the7_shortcodes-inline-css\">#default-btn-291a431e824d939e92a594b21d87f2f5 {\n  border-radius: 0px;\n  font-size: 16px;\n  line-height: 18px;\n}\n.btn-shadow#default-btn-291a431e824d939e92a594b21d87f2f5 {\n  box-shadow: 0 1px 6px rgba(0,0,0,0.12);\n  transition: box-shadow 0.2s ease-out, opacity 0.45s;\n}\n.btn-shadow#default-btn-291a431e824d939e92a594b21d87f2f5:hover {\n  box-shadow: 0 5px 11px 0 rgba(0,0,0,0.18), 0 4px 15px 0 rgba(0,0,0,0.15);\n}\n.btn-3d#default-btn-291a431e824d939e92a594b21d87f2f5 {\n  box-shadow: 0px 2px 0px 0px #2a5e78;\n}\n.btn-3d#default-btn-291a431e824d939e92a594b21d87f2f5:hover {\n  box-shadow: 0px 2px 0px 0px #c28216;\n}\n.btn-flat#default-btn-291a431e824d939e92a594b21d87f2f5 {\n  box-shadow: none;\n}\n.btn-flat#default-btn-291a431e824d939e92a594b21d87f2f5:hover {\n  box-shadow: none;\n}\n#default-btn-291a431e824d939e92a594b21d87f2f5.ico-right-side > i {\n  margin-right: 0px;\n  margin-left: 8px;\n}\n#default-btn-291a431e824d939e92a594b21d87f2f5 > i {\n  margin-right: 8px;\n  font-size: 16px;\n}\n#default-btn-291a431e824d939e92a594b21d87f2f5:not(:hover) {\n  border-width: 0px;\n  color: #ffffff;\n  background: #2389bc !important;\n  padding: 10px 18px 10px 16px;\n}\n#default-btn-291a431e824d939e92a594b21d87f2f5:not(:hover) * {\n  color: #ffffff;\n}\n#default-btn-291a431e824d939e92a594b21d87f2f5:hover {\n  border-width: 0px;\n  color: #ffffff;\n  background: #ffa916 !important;\n  padding: 10px 18px 10px 16px;\n}\n#default-btn-291a431e824d939e92a594b21d87f2f5:hover * {\n  color: #ffffff;\n}\n#default-btn-291a431e824d939e92a594b21d87f2f5.ico-right-side > i {\n  margin-right: 0px;\n  margin-left: 8px;\n}\n#default-btn-291a431e824d939e92a594b21d87f2f5 > i {\n  margin-right: 8px;\n}\n<\/style><div class=\"btn-align-center\"><a href=\"https:\/\/sportstarz-aquatics.com\/de\/londen-uk\/\" class=\"default-btn-shortcode dt-btn link-hover-off anchor-link btn-flat \" id=\"default-btn-291a431e824d939e92a594b21d87f2f5\" title=\"Lees meer\"><span>Mehr \u00fcber Calella<\/span><\/a><\/div><div class=\"ult-spacer spacer-69ea2b44edaa9\" data-id=\"69ea2b44edaa9\" data-height=\"10\" data-height-mobile=\"5\" data-height-tab=\"10\" data-height-tab-portrait=\"10\" data-height-mobile-landscape=\"5\" style=\"clear:both;display:block;\"><\/div>[\/vc_column][\/vc_row][vc_row][vc_column width=&#8220;5\/6&#8243;][vc_single_image image=&#8220;38710&#8243;][vc_column_text]Liken Sie Unsere\u00a0<a href=\"https:\/\/www.facebook.com\/zwemkamp\/\" target=\"_blank\" rel=\"noopener noreferrer\">FacebookSeite<\/a> und bleiben Sie \u00fcber alle Entwicklungen im Bereich Schwimmen informiert. Standorte[\/vc_column_text][\/vc_column][\/vc_row]<\/p>\n<\/div>","protected":false},"excerpt":{"rendered":"<p>[vc_section][vc_row][vc_column][vc_column_text] Standorte. SportstarZ steht f\u00fcr Qualit\u00e4t. Deshalb w\u00e4hlen wir sorgf\u00e4ltig nur die besten Standorte f\u00fcr ein unvergessliches Sportcamp aus. Unsere Sportst\u00e4tten geh\u00f6ren zu den besten des Landes, vorzugsweise von olympischer Gr\u00f6\u00dfe, und sind stets mit den neuesten (Sport-) Techniken ausgestattet. Auch in unserer Unterkunft w\u00e4hlen wir das gewisse Extra, keine Hektik mit Krankentragen oder Zelten,&hellip;<\/p>\n","protected":false},"author":38,"featured_media":0,"parent":0,"menu_order":5,"comment_status":"closed","ping_status":"closed","template":"","meta":{"_acf_changed":false,"footnotes":""},"categories":[],"tags":[],"class_list":["post-27853","page","type-page","status-publish","hentry","description-off"],"acf":[],"yoast_head":"<!-- This site is optimized with the Yoast SEO plugin v25.3 - https:\/\/yoast.com\/wordpress\/plugins\/seo\/ -->\n<title>Standorte: SportstarZ steht f\u00fcr Qualit\u00e4t. - SportstarZ<\/title>\n<meta name=\"description\" content=\"Standorte: SportstarZ steht f\u00fcr Qualit\u00e4t. Deshalb w\u00e4hlen wir sorgf\u00e4ltig nur die besten Standorte f\u00fcr ein unvergessliches Sportcamp aus.\" \/>\n<meta name=\"robots\" content=\"index, follow, max-snippet:-1, max-image-preview:large, max-video-preview:-1\" \/>\n<link rel=\"canonical\" href=\"https:\/\/sportstarz-aquatics.com\/de\/standorte\/\" \/>\n<meta property=\"og:locale\" content=\"de_DE\" \/>\n<meta property=\"og:type\" content=\"article\" \/>\n<meta property=\"og:title\" content=\"Standorte: SportstarZ steht f\u00fcr Qualit\u00e4t. - SportstarZ\" \/>\n<meta property=\"og:description\" content=\"Standorte: SportstarZ steht f\u00fcr Qualit\u00e4t. Deshalb w\u00e4hlen wir sorgf\u00e4ltig nur die besten Standorte f\u00fcr ein unvergessliches Sportcamp aus.\" \/>\n<meta property=\"og:url\" content=\"https:\/\/sportstarz-aquatics.com\/de\/standorte\/\" \/>\n<meta property=\"og:site_name\" content=\"SportstarZ\" \/>\n<meta property=\"article:modified_time\" content=\"2025-12-07T15:10:06+00:00\" \/>\n<meta name=\"twitter:card\" content=\"summary_large_image\" \/>\n<meta name=\"twitter:label1\" content=\"Gesch\u00e4tzte Lesezeit\" \/>\n\t<meta name=\"twitter:data1\" content=\"4\u00a0Minuten\" \/>\n<script type=\"application\/ld+json\" class=\"yoast-schema-graph\">{\"@context\":\"https:\/\/schema.org\",\"@graph\":[{\"@type\":\"WebPage\",\"@id\":\"https:\/\/sportstarz-aquatics.com\/de\/standorte\/\",\"url\":\"https:\/\/sportstarz-aquatics.com\/de\/standorte\/\",\"name\":\"Standorte: SportstarZ steht f\u00fcr Qualit\u00e4t. - SportstarZ\",\"isPartOf\":{\"@id\":\"https:\/\/sportstarz-aquatics.com\/#website\"},\"datePublished\":\"2018-12-04T11:59:40+00:00\",\"dateModified\":\"2025-12-07T15:10:06+00:00\",\"description\":\"Standorte: SportstarZ steht f\u00fcr Qualit\u00e4t. Deshalb w\u00e4hlen wir sorgf\u00e4ltig nur die besten Standorte f\u00fcr ein unvergessliches Sportcamp aus.\",\"breadcrumb\":{\"@id\":\"https:\/\/sportstarz-aquatics.com\/de\/standorte\/#breadcrumb\"},\"inLanguage\":\"de\",\"potentialAction\":[{\"@type\":\"ReadAction\",\"target\":[\"https:\/\/sportstarz-aquatics.com\/de\/standorte\/\"]}]},{\"@type\":\"BreadcrumbList\",\"@id\":\"https:\/\/sportstarz-aquatics.com\/de\/standorte\/#breadcrumb\",\"itemListElement\":[{\"@type\":\"ListItem\",\"position\":1,\"name\":\"Home\",\"item\":\"https:\/\/sportstarz-aquatics.com\/de\/\"},{\"@type\":\"ListItem\",\"position\":2,\"name\":\"Standorte: SportstarZ steht f\u00fcr Qualit\u00e4t.\"}]},{\"@type\":\"WebSite\",\"@id\":\"https:\/\/sportstarz-aquatics.com\/#website\",\"url\":\"https:\/\/sportstarz-aquatics.com\/\",\"name\":\"SportstarZ\",\"description\":\"Aquatics\",\"potentialAction\":[{\"@type\":\"SearchAction\",\"target\":{\"@type\":\"EntryPoint\",\"urlTemplate\":\"https:\/\/sportstarz-aquatics.com\/?s={search_term_string}\"},\"query-input\":{\"@type\":\"PropertyValueSpecification\",\"valueRequired\":true,\"valueName\":\"search_term_string\"}}],\"inLanguage\":\"de\"}]}<\/script>\n<!-- \/ Yoast SEO plugin. -->","yoast_head_json":{"title":"Standorte: SportstarZ steht f\u00fcr Qualit\u00e4t. - SportstarZ","description":"Standorte: SportstarZ steht f\u00fcr Qualit\u00e4t. Deshalb w\u00e4hlen wir sorgf\u00e4ltig nur die besten Standorte f\u00fcr ein unvergessliches Sportcamp aus.","robots":{"index":"index","follow":"follow","max-snippet":"max-snippet:-1","max-image-preview":"max-image-preview:large","max-video-preview":"max-video-preview:-1"},"canonical":"https:\/\/sportstarz-aquatics.com\/de\/standorte\/","og_locale":"de_DE","og_type":"article","og_title":"Standorte: SportstarZ steht f\u00fcr Qualit\u00e4t. - SportstarZ","og_description":"Standorte: SportstarZ steht f\u00fcr Qualit\u00e4t. Deshalb w\u00e4hlen wir sorgf\u00e4ltig nur die besten Standorte f\u00fcr ein unvergessliches Sportcamp aus.","og_url":"https:\/\/sportstarz-aquatics.com\/de\/standorte\/","og_site_name":"SportstarZ","article_modified_time":"2025-12-07T15:10:06+00:00","twitter_card":"summary_large_image","twitter_misc":{"Gesch\u00e4tzte Lesezeit":"4\u00a0Minuten"},"schema":{"@context":"https:\/\/schema.org","@graph":[{"@type":"WebPage","@id":"https:\/\/sportstarz-aquatics.com\/de\/standorte\/","url":"https:\/\/sportstarz-aquatics.com\/de\/standorte\/","name":"Standorte: SportstarZ steht f\u00fcr Qualit\u00e4t. - SportstarZ","isPartOf":{"@id":"https:\/\/sportstarz-aquatics.com\/#website"},"datePublished":"2018-12-04T11:59:40+00:00","dateModified":"2025-12-07T15:10:06+00:00","description":"Standorte: SportstarZ steht f\u00fcr Qualit\u00e4t. Deshalb w\u00e4hlen wir sorgf\u00e4ltig nur die besten Standorte f\u00fcr ein unvergessliches Sportcamp aus.","breadcrumb":{"@id":"https:\/\/sportstarz-aquatics.com\/de\/standorte\/#breadcrumb"},"inLanguage":"de","potentialAction":[{"@type":"ReadAction","target":["https:\/\/sportstarz-aquatics.com\/de\/standorte\/"]}]},{"@type":"BreadcrumbList","@id":"https:\/\/sportstarz-aquatics.com\/de\/standorte\/#breadcrumb","itemListElement":[{"@type":"ListItem","position":1,"name":"Home","item":"https:\/\/sportstarz-aquatics.com\/de\/"},{"@type":"ListItem","position":2,"name":"Standorte: SportstarZ steht f\u00fcr Qualit\u00e4t."}]},{"@type":"WebSite","@id":"https:\/\/sportstarz-aquatics.com\/#website","url":"https:\/\/sportstarz-aquatics.com\/","name":"SportstarZ","description":"Aquatics","potentialAction":[{"@type":"SearchAction","target":{"@type":"EntryPoint","urlTemplate":"https:\/\/sportstarz-aquatics.com\/?s={search_term_string}"},"query-input":{"@type":"PropertyValueSpecification","valueRequired":true,"valueName":"search_term_string"}}],"inLanguage":"de"}]}},"_links":{"self":[{"href":"https:\/\/sportstarz-aquatics.com\/de\/wp-json\/wp\/v2\/pages\/27853","targetHints":{"allow":["GET"]}}],"collection":[{"href":"https:\/\/sportstarz-aquatics.com\/de\/wp-json\/wp\/v2\/pages"}],"about":[{"href":"https:\/\/sportstarz-aquatics.com\/de\/wp-json\/wp\/v2\/types\/page"}],"author":[{"embeddable":true,"href":"https:\/\/sportstarz-aquatics.com\/de\/wp-json\/wp\/v2\/users\/38"}],"replies":[{"embeddable":true,"href":"https:\/\/sportstarz-aquatics.com\/de\/wp-json\/wp\/v2\/comments?post=27853"}],"version-history":[{"count":117,"href":"https:\/\/sportstarz-aquatics.com\/de\/wp-json\/wp\/v2\/pages\/27853\/revisions"}],"predecessor-version":[{"id":53059,"href":"https:\/\/sportstarz-aquatics.com\/de\/wp-json\/wp\/v2\/pages\/27853\/revisions\/53059"}],"wp:attachment":[{"href":"https:\/\/sportstarz-aquatics.com\/de\/wp-json\/wp\/v2\/media?parent=27853"}],"wp:term":[{"taxonomy":"category","embeddable":true,"href":"https:\/\/sportstarz-aquatics.com\/de\/wp-json\/wp\/v2\/categories?post=27853"},{"taxonomy":"post_tag","embeddable":true,"href":"https:\/\/sportstarz-aquatics.com\/de\/wp-json\/wp\/v2\/tags?post=27853"}],"curies":[{"name":"wp","href":"https:\/\/api.w.org\/{rel}","templated":true}]}}